{"id":148598,"date":"2025-03-06T08:26:17","date_gmt":"2025-03-06T08:26:17","guid":{"rendered":"https:\/\/ruumistruumi.ee\/pood\/punutist-aia-lounge-komplekt-washington-8191-089\/"},"modified":"2025-08-14T11:14:42","modified_gmt":"2025-08-14T11:14:42","slug":"punutist-aia-lounge-komplekt-washington-8191-089","status":"publish","type":"product","link":"https:\/\/blankpage.ee\/_ruumist-ruumi\/pood\/punutist-aia-lounge-komplekt-washington-8191-089\/","title":{"rendered":"Punutist aia lounge komplekt Washington, 8191-089"},"content":{"rendered":"<h3>Eksklusiivne ja stiilne aia lounge komplekt<\/h3>\n<p><strong>Washington aia lounge komplekt<\/strong> \u00fchendab endas ajatult elegantse disaini ja suurep\u00e4rase mugavuse, olles ideaalne t\u00e4iendus sinu terrassile v\u00f5i aeda. Komplekt koosneb kahest mugavast tugitoolist, kahest jalatoest ning praktilisest klaaslauaga abilauast. Pehmed, liivakarva padjad lisavad veelgi enam luksuslikkust ja hubasust.<\/p>\n<h3>Kvaliteetsed ja vastupidavad materjalid<\/h3>\n<p>Komplekti karkass on valmistatud tugevast alumiiniumist, mis tagab kerge kaalu ja pikaajalise vastupidavuse. Naturaalset tooni punutud kunstrotang annab m\u00f6\u00f6blile elegantse v\u00e4limuse, olles samal ajal ilmastikukindel ja hooldusvaba. See materjal on UV-kindel, mis t\u00e4hendab, et see ei tuhmu p\u00e4ikese k\u00e4es ning talub h\u00e4sti erinevaid ilmastikuolusid.<\/p>\n<h3>Lihtne hooldus ja pikaajaline kasutus<\/h3>\n<p>Kunstrotang on ideaalne valik p\u00f5hjamaise kliima jaoks, kuna see ei ima niiskust ega vaja erilist hooldust. M\u00f6\u00f6bli pikaealisuse tagamiseks soovitame seda siiski hoiustada jahedas ja kuivas kohas v\u00f5i katta spetsiaalse m\u00f6\u00f6blikattega, et kaitsta seda mustuse ja ilmastiku m\u00f5jude eest.<\/p>\n<h3>Miks valida Washington aia lounge komplekt?<\/h3>\n<ul>\n<li><strong>Mugav ja stiilne disain<\/strong> \u2013 pehmed padjad ja ergonoomilised istmed tagavad suurep\u00e4rase istumismugavuse.<\/li>\n<li><strong>Vastupidavad materjalid<\/strong> \u2013 alumiiniumraam ja UV-kindel kunstrotang tagavad kauakestva kasutuse.<\/li>\n<li><strong>Lihtne hooldada<\/strong> \u2013 ei vaja erilist hooldust ja on ilmastikukindel.<\/li>\n<li><strong>Kompaktne ja praktiline<\/strong> \u2013 sisaldab nii tugitoole kui ka jalatoeseid, pakkudes t\u00e4ielikku l\u00f5\u00f5gastust.<\/li>\n<\/ul>\n<p>Lisa oma aeda elegants ja mugavus <strong>Washington aia lounge komplektiga<\/strong>, mis kombineerib kauni disaini ja praktilisuse. Naudi kvaliteetset aega \u00f5ues koos pere ja s\u00f5pradega!<\/p>\n","protected":false},"excerpt":{"rendered":"<p>Eksklusiivne ja stiilne aia lounge komplekt Washington aia lounge komplekt \u00fchendab endas ajatult elegantse disaini ja suurep\u00e4rase mugavuse, olles ideaalne t\u00e4iendus sinu terrassile v\u00f5i aeda. Komplekt koosneb kahest mugavast tugitoolist, kahest jalatoest ning praktilisest klaaslauaga abilauast. Pehmed, liivakarva padjad lisavad veelgi enam luksuslikkust ja hubasust. Kvaliteetsed ja vastupidavad materjalid Komplekti karkass on valmistatud tugevast alumiiniumist, [&hellip;]<\/p>\n","protected":false},"featured_media":162735,"comment_status":"open","ping_status":"open","template":"","meta":[],"product_brand":[1818],"product_cat":[1796],"product_tag":[],"class_list":{"0":"post-148598","1":"product","2":"type-product","3":"status-publish","4":"has-post-thumbnail","6":"product_brand-venture-design","7":"product_cat-aia-lounge-komplektid","8":"product_shipping_class-venture-design","9":"pa_kangas-100-poluester","10":"pa_kollektsioon-washington","11":"pa_laua-materjal-alumiinium","12":"pa_laua-materjal-klaas","13":"pa_laua-materjal-punutis","14":"pa_laua-tasapinna-varvus-naturaalne","15":"pa_mootmed-laud-korgus-46-pikkus-52-laius-41-tool-sugavus-88-korgus-103-laius-69-ottoman-sugavus-67-korgus-38-laius-67","16":"pa_ottomani-materjal-poluester","17":"pa_ottomani-materjal-punutis","18":"pa_ottomani-materjal-vaht","19":"pa_pehmenduste-materjal-poluester","20":"pa_tooli-materjal-alumiinium","21":"pa_tooli-materjal-kiud","22":"pa_tooli-materjal-linane","23":"pa_tooli-materjal-punutis","24":"pa_tooli-materjal-vaht","26":"first","27":"outofstock","28":"sale","29":"taxable","30":"shipping-taxable","31":"purchasable","32":"product-type-simple"},"_links":{"self":[{"href":"https:\/\/blankpage.ee\/_ruumist-ruumi\/wp-json\/wp\/v2\/product\/148598","targetHints":{"allow":["GET"]}}],"collection":[{"href":"https:\/\/blankpage.ee\/_ruumist-ruumi\/wp-json\/wp\/v2\/product"}],"about":[{"href":"https:\/\/blankpage.ee\/_ruumist-ruumi\/wp-json\/wp\/v2\/types\/product"}],"replies":[{"embeddable":true,"href":"https:\/\/blankpage.ee\/_ruumist-ruumi\/wp-json\/wp\/v2\/comments?post=148598"}],"wp:featuredmedia":[{"embeddable":true,"href":"https:\/\/blankpage.ee\/_ruumist-ruumi\/wp-json\/wp\/v2\/media\/162735"}],"wp:attachment":[{"href":"https:\/\/blankpage.ee\/_ruumist-ruumi\/wp-json\/wp\/v2\/media?parent=148598"}],"wp:term":[{"taxonomy":"product_brand","embeddable":true,"href":"https:\/\/blankpage.ee\/_ruumist-ruumi\/wp-json\/wp\/v2\/product_brand?post=148598"},{"taxonomy":"product_cat","embeddable":true,"href":"https:\/\/blankpage.ee\/_ruumist-ruumi\/wp-json\/wp\/v2\/product_cat?post=148598"},{"taxonomy":"product_tag","embeddable":true,"href":"https:\/\/blankpage.ee\/_ruumist-ruumi\/wp-json\/wp\/v2\/product_tag?post=148598"}],"curies":[{"name":"wp","href":"https:\/\/api.w.org\/{rel}","templated":true}]}}