{"id":148633,"date":"2025-03-06T08:26:17","date_gmt":"2025-03-06T08:26:17","guid":{"rendered":"https:\/\/ruumistruumi.ee\/pood\/alumiiniumist-aiadiivani-moodul-copacabana-hall-valge-9383-400\/"},"modified":"2025-08-16T14:05:10","modified_gmt":"2025-08-16T14:05:10","slug":"alumiiniumist-aiadiivani-moodul-copacabana-hall-valge-9383-400","status":"publish","type":"product","link":"https:\/\/blankpage.ee\/_ruumist-ruumi\/pood\/alumiiniumist-aiadiivani-moodul-copacabana-hall-valge-9383-400\/","title":{"rendered":"Alumiiniumist aiadiivani moodul Copacabana, hall\/valge, 9383-400"},"content":{"rendered":"<h3>Paindlik ja stiilne alumiiniumist aiadiivan<\/h3>\n<p><strong>Alumiiniumist aiadiivani moodul Copacabana<\/strong> on ideaalne valik neile, kes soovivad oma terrassile v\u00f5i aeda luua mugava ja kohandatava istumisala. T\u00e4nu mooduls\u00fcsteemile saad diivani kujundust vastavalt oma vajadustele muuta \u2013 lisa istmeid, kombineeri erinevaid mooduleid ja loo just sinu ruumile sobiv lahendus.<\/p>\n<h3>Kvaliteetne ja ilmastikukindel materjal<\/h3>\n<p>See aiadiivan on valmistatud vastupidavast <strong>alumiiniumist<\/strong>, mis tagab kerge kaalu ja pikaajalise vastupidavuse. Alumiinium ei roosteta, mist\u00f5ttu sobib see suurep\u00e4raselt v\u00e4listingimustesse. Halli ja valge v\u00e4rvikombinatsioon lisab modernset ja ajatut stiili, mis t\u00e4iendab erinevaid aiakujundusi.<\/p>\n<h3>Lihtne hooldus ja praktilisus<\/h3>\n<p>Alumiiniumist ja roostevabast terasest aiam\u00f6\u00f6bel vajab regulaarset puhastamist, et s\u00e4ilitada oma kaunis v\u00e4limus. Soovitame m\u00f6\u00f6blit puhastada vee ja maheda seebilahusega ning loputada p\u00f5hjalikult rohke veega. Kui m\u00f6\u00f6bel asub mere l\u00e4hedal, on oluline eemaldada soolaj\u00e4\u00e4gid, et s\u00e4ilitada materjali kvaliteet.<\/p>\n<h3>Loo endale t\u00e4iuslik aianurk<\/h3>\n<p><strong>Copacabana seeria<\/strong> nurgamooduliga saad lisada istumiskohti ja muuta oma v\u00e4liruumi veelgi mugavamaks. Kasuta seda \u00fcksikuna v\u00f5i kombineeri teiste moodulitega, et luua just endale sobiv lahendus.<\/p>\n<p>Kui otsid vastupidavat, stiilset ja mitmek\u00fclgset lahendust oma aeda v\u00f5i terrassile, siis <strong>alumiiniumist aiadiivan Copacabana<\/strong> on suurep\u00e4rane valik!<\/p>\n","protected":false},"excerpt":{"rendered":"<p>Paindlik ja stiilne alumiiniumist aiadiivan Alumiiniumist aiadiivani moodul Copacabana on ideaalne valik neile, kes soovivad oma terrassile v\u00f5i aeda luua mugava ja kohandatava istumisala. T\u00e4nu mooduls\u00fcsteemile saad diivani kujundust vastavalt oma vajadustele muuta \u2013 lisa istmeid, kombineeri erinevaid mooduleid ja loo just sinu ruumile sobiv lahendus. Kvaliteetne ja ilmastikukindel materjal See aiadiivan on valmistatud vastupidavast [&hellip;]<\/p>\n","protected":false},"featured_media":162418,"comment_status":"open","ping_status":"closed","template":"","meta":[],"product_brand":[1818],"product_cat":[1771],"product_tag":[],"class_list":{"0":"post-148633","1":"product","2":"type-product","3":"status-publish","4":"has-post-thumbnail","6":"product_brand-venture-design","7":"product_cat-aiadiivani-moodulid","8":"product_shipping_class-venture-design","9":"pa_istme-materjal-alumiinium","10":"pa_istme-varvus-valge","11":"pa_jalgade-varv-valge","12":"pa_kangas-100-poluester","13":"pa_kollektsioon-copacabana","14":"pa_mootmed-65-x-74-x-74","15":"pa_pehmenduste-materjal-olefin","16":"pa_varv-valge","17":"pa_varv-hall","19":"first","20":"instock","21":"sale","22":"taxable","23":"shipping-taxable","24":"purchasable","25":"product-type-simple"},"_links":{"self":[{"href":"https:\/\/blankpage.ee\/_ruumist-ruumi\/wp-json\/wp\/v2\/product\/148633","targetHints":{"allow":["GET"]}}],"collection":[{"href":"https:\/\/blankpage.ee\/_ruumist-ruumi\/wp-json\/wp\/v2\/product"}],"about":[{"href":"https:\/\/blankpage.ee\/_ruumist-ruumi\/wp-json\/wp\/v2\/types\/product"}],"replies":[{"embeddable":true,"href":"https:\/\/blankpage.ee\/_ruumist-ruumi\/wp-json\/wp\/v2\/comments?post=148633"}],"wp:featuredmedia":[{"embeddable":true,"href":"https:\/\/blankpage.ee\/_ruumist-ruumi\/wp-json\/wp\/v2\/media\/162418"}],"wp:attachment":[{"href":"https:\/\/blankpage.ee\/_ruumist-ruumi\/wp-json\/wp\/v2\/media?parent=148633"}],"wp:term":[{"taxonomy":"product_brand","embeddable":true,"href":"https:\/\/blankpage.ee\/_ruumist-ruumi\/wp-json\/wp\/v2\/product_brand?post=148633"},{"taxonomy":"product_cat","embeddable":true,"href":"https:\/\/blankpage.ee\/_ruumist-ruumi\/wp-json\/wp\/v2\/product_cat?post=148633"},{"taxonomy":"product_tag","embeddable":true,"href":"https:\/\/blankpage.ee\/_ruumist-ruumi\/wp-json\/wp\/v2\/product_tag?post=148633"}],"curies":[{"name":"wp","href":"https:\/\/api.w.org\/{rel}","templated":true}]}}