{"id":148647,"date":"2025-03-06T08:26:17","date_gmt":"2025-03-06T08:26:17","guid":{"rendered":"https:\/\/ruumistruumi.ee\/pood\/poluesterkoiest-aiadiivani-komplekt-utah-1383-022\/"},"modified":"2025-08-14T11:14:49","modified_gmt":"2025-08-14T11:14:49","slug":"poluesterkoiest-aiadiivani-komplekt-utah-1383-022","status":"publish","type":"product","link":"https:\/\/blankpage.ee\/_ruumist-ruumi\/pood\/poluesterkoiest-aiadiivani-komplekt-utah-1383-022\/","title":{"rendered":"Pol\u00fcesterk\u00f6iest aiadiivani komplekt Utah, 1383-022"},"content":{"rendered":"<h3>Stiilne ja mugav aiadiivani komplekt Utah<\/h3>\n<p>Naudi sooje suve\u00f5htuid stiilses ja mugavas <strong>aiadiivani komplektis Utah<\/strong>. See modernse disainiga komplekt koosneb kahekohalisest diivanist, kahest k\u00e4etugedega tugitoolist ja madalast ristk\u00fclikukujulisest kohvilauast. Komplekti raam on valmistatud vastupidavast mustast pulberv\u00e4rvitud metallist ning diivani ja tugitoolide seljatugi ja k\u00fcljed on kaetud vastupidava musta pol\u00fcesterk\u00f6iega, mis lisab elegantset v\u00e4limust.<\/p>\n<h3>Kvaliteetsed materjalid ja mugavad padjad<\/h3>\n<p>Kogu komplekti juurde kuuluvad ka pehmed musta v\u00e4rvi istmepadjad, mis tagavad maksimaalse istumismugavuse. Kohvilaud on varustatud klaasist lauaplaadi ja musta k\u00f6iematerjalist detailidega, mis annavad sellele stiilse ja \u00fchtse ilme. Lisaks on laual praktiline reljeefriiul, kus saab hoida ajakirju, raamatuid v\u00f5i muid vajalikke esemeid.<\/p>\n<h3>Lihtne hooldus ja vastupidavus<\/h3>\n<p><strong>Aiadiivani komplekt Utah<\/strong> on loodud kestma. Kasutatud pol\u00fcesterk\u00f6is on kvaliteetselt kootud ning kergesti puhastatav. M\u00f6\u00f6bli viimistlus on testitud taluma 500\u20132000 tundi ilmastikutingimusi, mist\u00f5ttu sobib see suurep\u00e4raselt v\u00e4litingimustesse. Parima hoolduse tagamiseks soovitame puhastada m\u00f6\u00f6blit pehme seebiveega ning lasta seej\u00e4rel \u00f5hu k\u00e4es kuivada.<\/p>\n<h3>Loo oma terrassile stiilne ja hubane nurgake<\/h3>\n<p>Utah komplekt \u00fchendab trendika disaini ja praktilisuse, pakkudes suurep\u00e4rast lahendust nii v\u00e4iksemale r\u00f5dule kui ka avaramale terrassile. Tooge oma \u00f5uealale kaasaegset elegantsi ja nautige igat hetke selles mugavas ja vastupidavas aiadiivani komplektis.<\/p>\n","protected":false},"excerpt":{"rendered":"<p>Stiilne ja mugav aiadiivani komplekt Utah Naudi sooje suve\u00f5htuid stiilses ja mugavas aiadiivani komplektis Utah. See modernse disainiga komplekt koosneb kahekohalisest diivanist, kahest k\u00e4etugedega tugitoolist ja madalast ristk\u00fclikukujulisest kohvilauast. Komplekti raam on valmistatud vastupidavast mustast pulberv\u00e4rvitud metallist ning diivani ja tugitoolide seljatugi ja k\u00fcljed on kaetud vastupidava musta pol\u00fcesterk\u00f6iega, mis lisab elegantset v\u00e4limust. Kvaliteetsed materjalid [&hellip;]<\/p>\n","protected":false},"featured_media":161864,"comment_status":"open","ping_status":"closed","template":"","meta":[],"product_brand":[1818],"product_cat":[1808],"product_tag":[],"class_list":{"0":"post-148647","1":"product","2":"type-product","3":"status-publish","4":"has-post-thumbnail","6":"product_brand-venture-design","7":"product_cat-aiadiivani-komplektid","8":"product_shipping_class-venture-design","9":"pa_diivani-sofa-materjal-metall","10":"pa_diivani-sofa-materjal-poluester","11":"pa_diivani-sofa-materjal-poluesterkois","12":"pa_kangas-100-poluester","13":"pa_kollektsioon-utah","14":"pa_laua-materjal-klaas","15":"pa_laua-materjal-metall","16":"pa_laua-materjal-poluesterkois","17":"pa_laua-tasapinna-varvus-labipaistev","18":"pa_mootmed-laud-korgus-41-pikkus-100-laius-60-tool-sugavus-76-korgus-77-laius-67-diivan-sugavus-76-korgus-77-laius-127","19":"pa_pehmenduste-materjal-poluester","20":"pa_tooli-materjal-poluester","21":"pa_tooli-materjal-metall","22":"pa_tooli-materjal-poluesterkois","24":"first","25":"instock","26":"sale","27":"taxable","28":"shipping-taxable","29":"purchasable","30":"product-type-simple"},"_links":{"self":[{"href":"https:\/\/blankpage.ee\/_ruumist-ruumi\/wp-json\/wp\/v2\/product\/148647","targetHints":{"allow":["GET"]}}],"collection":[{"href":"https:\/\/blankpage.ee\/_ruumist-ruumi\/wp-json\/wp\/v2\/product"}],"about":[{"href":"https:\/\/blankpage.ee\/_ruumist-ruumi\/wp-json\/wp\/v2\/types\/product"}],"replies":[{"embeddable":true,"href":"https:\/\/blankpage.ee\/_ruumist-ruumi\/wp-json\/wp\/v2\/comments?post=148647"}],"wp:featuredmedia":[{"embeddable":true,"href":"https:\/\/blankpage.ee\/_ruumist-ruumi\/wp-json\/wp\/v2\/media\/161864"}],"wp:attachment":[{"href":"https:\/\/blankpage.ee\/_ruumist-ruumi\/wp-json\/wp\/v2\/media?parent=148647"}],"wp:term":[{"taxonomy":"product_brand","embeddable":true,"href":"https:\/\/blankpage.ee\/_ruumist-ruumi\/wp-json\/wp\/v2\/product_brand?post=148647"},{"taxonomy":"product_cat","embeddable":true,"href":"https:\/\/blankpage.ee\/_ruumist-ruumi\/wp-json\/wp\/v2\/product_cat?post=148647"},{"taxonomy":"product_tag","embeddable":true,"href":"https:\/\/blankpage.ee\/_ruumist-ruumi\/wp-json\/wp\/v2\/product_tag?post=148647"}],"curies":[{"name":"wp","href":"https:\/\/api.w.org\/{rel}","templated":true}]}}