{"id":148685,"date":"2025-03-06T08:26:17","date_gmt":"2025-03-06T08:26:17","guid":{"rendered":"https:\/\/ruumistruumi.ee\/pood\/punutisest-nurgadiivani-komplekt-aeda-haiti-1541-238\/"},"modified":"2025-08-14T11:14:53","modified_gmt":"2025-08-14T11:14:53","slug":"punutisest-nurgadiivani-komplekt-aeda-haiti-1541-238","status":"publish","type":"product","link":"https:\/\/blankpage.ee\/_ruumist-ruumi\/pood\/punutisest-nurgadiivani-komplekt-aeda-haiti-1541-238\/","title":{"rendered":"Punutisest nurgadiivani komplekt aeda Haiti, 1541-238"},"content":{"rendered":"<h3>Punutisest nurgadiivani komplekt aeda Haiti \u2013 stiilne ja mugav valik<\/h3>\n<p><strong>Punutisest nurgadiivani komplekt aeda Haiti<\/strong> on ideaalne valik igale terrassile v\u00f5i aianurka, kus soovid nautida sooje suve\u00f5htuid. Kaasaegse disainiga mustast kunstpunutisest diivanikomplekt pakub nii stiili kui ka praktilisust, muutes sinu \u00f5ueala hubasemaks ja kutsuvamaks.<\/p>\n<h3>Paindlik ja mugav lahendus<\/h3>\n<p>Komplekti kuulub modulaarne nurgadiivan, mida saab vajadusel paigutada mitmel viisil. Diivanil on kokku neli istekohta ja nurgaosa, pakkudes piisavalt ruumi nii perele kui ka k\u00fclalistele. Pehmed valged istme- ja seljatoepadjad tagavad maksimaalse mugavuse ning loovad elegantse kontrasti tumeda punutisega.<\/p>\n<h3>Stiilne ja praktiline kohvilaud<\/h3>\n<p>Komplekti kuulub ka ristk\u00fclikukujuline kohvilaud, millel on mustast klaasist lauaplaat ja praktiline alumine riiul. See lisab funktsionaalsust, v\u00f5imaldades hoida k\u00e4ep\u00e4rast nii joogid, ajakirjad kui ka muud vajalikud esemed.<\/p>\n<h3>Vastupidav ja ilmastikukindel materjal<\/h3>\n<p>Kunstpunutis on spetsiaalselt loodud vastu pidama Skandinaavia kliimale. Materjal on UV-kindel, mist\u00f5ttu ei tuhmu diivanikomplekt p\u00e4ikese k\u00e4es. Kuigi see talub h\u00e4sti vihma ja tuult, soovitame m\u00f6\u00f6blit kaitsta kattega v\u00f5i hoiustada kuivas ja jahedas kohas, et pikendada selle eluiga.<\/p>\n<h3>Lihtne kokkupanek<\/h3>\n<p>Kergesti kokkupandav <strong>nurgadiivani komplekt<\/strong> v\u00f5imaldab sul kiiresti luua m\u00f5nusa istumisala oma aeda v\u00f5i terrassile. Muuda suvised hetked veelgi nauditavamaks selle stiilse ja praktilise m\u00f6\u00f6blikomplektiga!<\/p>\n","protected":false},"excerpt":{"rendered":"<p>Punutisest nurgadiivani komplekt aeda Haiti \u2013 stiilne ja mugav valik Punutisest nurgadiivani komplekt aeda Haiti on ideaalne valik igale terrassile v\u00f5i aianurka, kus soovid nautida sooje suve\u00f5htuid. Kaasaegse disainiga mustast kunstpunutisest diivanikomplekt pakub nii stiili kui ka praktilisust, muutes sinu \u00f5ueala hubasemaks ja kutsuvamaks. Paindlik ja mugav lahendus Komplekti kuulub modulaarne nurgadiivan, mida saab vajadusel [&hellip;]<\/p>\n","protected":false},"featured_media":148686,"comment_status":"open","ping_status":"open","template":"","meta":[],"product_brand":[1818],"product_cat":[1769],"product_tag":[],"class_list":{"0":"post-148685","1":"product","2":"type-product","3":"status-publish","4":"has-post-thumbnail","6":"product_brand-venture-design","7":"product_cat-nurgadiivani-komplektid-aeda","8":"product_shipping_class-venture-design","9":"pa_diivani-sofa-materjal-poluester","10":"pa_diivani-sofa-materjal-punutis","11":"pa_diivani-sofa-materjal-vaht","12":"pa_kangas-100-poluester","13":"pa_kollektsioon-haiti","14":"pa_laua-materjal-klaas","15":"pa_laua-materjal-metall","16":"pa_laua-materjal-punutis","17":"pa_laua-tasapinna-varvus-must","18":"pa_mootmed-laud-korgus-45-pikkus-70-laius-70-diivan-sugavus-59-korgus-64-laius-194x194","19":"pa_pehmenduste-materjal-poluester","21":"first","22":"instock","23":"sale","24":"taxable","25":"shipping-taxable","26":"purchasable","27":"product-type-simple"},"_links":{"self":[{"href":"https:\/\/blankpage.ee\/_ruumist-ruumi\/wp-json\/wp\/v2\/product\/148685","targetHints":{"allow":["GET"]}}],"collection":[{"href":"https:\/\/blankpage.ee\/_ruumist-ruumi\/wp-json\/wp\/v2\/product"}],"about":[{"href":"https:\/\/blankpage.ee\/_ruumist-ruumi\/wp-json\/wp\/v2\/types\/product"}],"replies":[{"embeddable":true,"href":"https:\/\/blankpage.ee\/_ruumist-ruumi\/wp-json\/wp\/v2\/comments?post=148685"}],"wp:featuredmedia":[{"embeddable":true,"href":"https:\/\/blankpage.ee\/_ruumist-ruumi\/wp-json\/wp\/v2\/media\/148686"}],"wp:attachment":[{"href":"https:\/\/blankpage.ee\/_ruumist-ruumi\/wp-json\/wp\/v2\/media?parent=148685"}],"wp:term":[{"taxonomy":"product_brand","embeddable":true,"href":"https:\/\/blankpage.ee\/_ruumist-ruumi\/wp-json\/wp\/v2\/product_brand?post=148685"},{"taxonomy":"product_cat","embeddable":true,"href":"https:\/\/blankpage.ee\/_ruumist-ruumi\/wp-json\/wp\/v2\/product_cat?post=148685"},{"taxonomy":"product_tag","embeddable":true,"href":"https:\/\/blankpage.ee\/_ruumist-ruumi\/wp-json\/wp\/v2\/product_tag?post=148685"}],"curies":[{"name":"wp","href":"https:\/\/api.w.org\/{rel}","templated":true}]}}