{"id":148714,"date":"2025-03-06T08:40:41","date_gmt":"2025-03-06T08:40:41","guid":{"rendered":"https:\/\/ruumistruumi.ee\/pood\/punutisest-aiadiivani-komplekt-knock-1527-201\/"},"modified":"2025-08-16T00:51:35","modified_gmt":"2025-08-16T00:51:35","slug":"punutisest-aiadiivani-komplekt-knock-1527-201","status":"publish","type":"product","link":"https:\/\/blankpage.ee\/_ruumist-ruumi\/pood\/punutisest-aiadiivani-komplekt-knock-1527-201\/","title":{"rendered":"Punutisest aiadiivani komplekt Knock, 1527-201"},"content":{"rendered":"<h3>Punutisest aiadiivani komplekt Knock \u2013 stiilne ja mugav valik sinu aeda<\/h3>\n<p><strong>Punutisest aiadiivani komplekt Knock<\/strong> \u00fchendab endas modernse disaini ja praktilisuse, pakkudes ideaalset lahendust nii r\u00f5dule kui ka avaramale terrassile. Musta v\u00e4rvi kunstpunutisest valmistatud komplekt loob elegantse ja kutsuva \u00f5hkkonna igasse \u00f5uealasse.<\/p>\n<h3>Komplekti sisu ja omadused<\/h3>\n<p>Komplekti kuuluvad:<\/p>\n<ul>\n<li>Kolmekohaline diivan, mis pakub rohkelt istumisruumi.<\/li>\n<li>Kaks tugeva raamiga tugitooli, mis tagavad mugavuse ja vastupidavuse.<\/li>\n<li>Kaks praktilist jalatuge, mida saab kasutada ka lisaistekohtadena.<\/li>\n<li>Mustast klaasist lauaplaadiga ristk\u00fclikukujuline s\u00f6\u00f6gilaud, mis lisab eksklusiivsust ning on kergesti puhastatav.<\/li>\n<\/ul>\n<p>Komplektiga on kaasas ka hallikad pehmed istmepadjad, mis muudavad istumise veelgi mugavamaks. Kerge kokkupanek on vajalik, kuid k\u00f5ik vajalik on komplektiga kaasas.<\/p>\n<h3>Kvaliteetne ja ilmastikukindel materjal<\/h3>\n<p>Kunstpunutis on vastupidav ja loodud taluma p\u00f5hjamaist kliimat. Materjal on UV-kindel, mis t\u00e4hendab, et see ei tuhmu otsese p\u00e4ikese k\u00e4es. Samas soovitame m\u00f6\u00f6blit hoiustada jahedas ja kuivas kohas v\u00f5i katta see ilmastikukindla m\u00f6\u00f6blikattega, et pikendada selle eluiga.<\/p>\n<h3>Paindlik kasutus<\/h3>\n<p>Punutisest aiadiivani komplekti <strong>Knock<\/strong> jalatoed on mitmeotstarbelised \u2013 neid saab kasutada nii lisaistekohtadena kui ka mugavate jalatugedena diivani v\u00f5i tugitoolide ees. T\u00e4nu sellele on komplekt kohandatav vastavalt vajadusele ja ruumi suurusele.<\/p>\n<p>Kaasaegne disain, ilmastikukindlus ning mugavus teevad selle aiadiivani komplekti suurep\u00e4raseks valikuks igasse \u00f5ue- v\u00f5i r\u00f5dukeskkonda.<\/p>\n","protected":false},"excerpt":{"rendered":"<p>Punutisest aiadiivani komplekt Knock \u2013 stiilne ja mugav valik sinu aeda Punutisest aiadiivani komplekt Knock \u00fchendab endas modernse disaini ja praktilisuse, pakkudes ideaalset lahendust nii r\u00f5dule kui ka avaramale terrassile. Musta v\u00e4rvi kunstpunutisest valmistatud komplekt loob elegantse ja kutsuva \u00f5hkkonna igasse \u00f5uealasse. Komplekti sisu ja omadused Komplekti kuuluvad: Kolmekohaline diivan, mis pakub rohkelt istumisruumi. Kaks [&hellip;]<\/p>\n","protected":false},"featured_media":161949,"comment_status":"open","ping_status":"open","template":"","meta":[],"product_brand":[1818],"product_cat":[1808],"product_tag":[],"class_list":{"0":"post-148714","1":"product","2":"type-product","3":"status-publish","4":"has-post-thumbnail","6":"product_brand-venture-design","7":"product_cat-aiadiivani-komplektid","8":"product_shipping_class-venture-design","9":"pa_diivani-sofa-materjal-metall","10":"pa_diivani-sofa-materjal-poluester","11":"pa_diivani-sofa-materjal-punutis","12":"pa_kangas-100-poluester","13":"pa_kollektsioon-knock","14":"pa_laua-materjal-klaas","15":"pa_laua-materjal-metall","16":"pa_laua-materjal-punutis","17":"pa_laua-tasapinna-varvus-must","18":"pa_mootmed-laud-korgus-68-pikkus-120-laius-70-tool-sugavus-75-korgus-69-laius-60-diivan-sugavus-69-korgus-75-laius-158-ottoman-sugavus-38-korgus-38-laius-38","19":"pa_pehmenduste-materjal-poluester","20":"pa_tooli-materjal-poluester","21":"pa_tooli-materjal-metall","22":"pa_tooli-materjal-punutis","24":"first","25":"instock","26":"sale","27":"taxable","28":"shipping-taxable","29":"purchasable","30":"product-type-simple"},"_links":{"self":[{"href":"https:\/\/blankpage.ee\/_ruumist-ruumi\/wp-json\/wp\/v2\/product\/148714","targetHints":{"allow":["GET"]}}],"collection":[{"href":"https:\/\/blankpage.ee\/_ruumist-ruumi\/wp-json\/wp\/v2\/product"}],"about":[{"href":"https:\/\/blankpage.ee\/_ruumist-ruumi\/wp-json\/wp\/v2\/types\/product"}],"replies":[{"embeddable":true,"href":"https:\/\/blankpage.ee\/_ruumist-ruumi\/wp-json\/wp\/v2\/comments?post=148714"}],"wp:featuredmedia":[{"embeddable":true,"href":"https:\/\/blankpage.ee\/_ruumist-ruumi\/wp-json\/wp\/v2\/media\/161949"}],"wp:attachment":[{"href":"https:\/\/blankpage.ee\/_ruumist-ruumi\/wp-json\/wp\/v2\/media?parent=148714"}],"wp:term":[{"taxonomy":"product_brand","embeddable":true,"href":"https:\/\/blankpage.ee\/_ruumist-ruumi\/wp-json\/wp\/v2\/product_brand?post=148714"},{"taxonomy":"product_cat","embeddable":true,"href":"https:\/\/blankpage.ee\/_ruumist-ruumi\/wp-json\/wp\/v2\/product_cat?post=148714"},{"taxonomy":"product_tag","embeddable":true,"href":"https:\/\/blankpage.ee\/_ruumist-ruumi\/wp-json\/wp\/v2\/product_tag?post=148714"}],"curies":[{"name":"wp","href":"https:\/\/api.w.org\/{rel}","templated":true}]}}