{"id":148727,"date":"2025-03-06T08:40:41","date_gmt":"2025-03-06T08:40:41","guid":{"rendered":"https:\/\/ruumistruumi.ee\/pood\/punutisest-aiadiivani-komplekt-brentwood-5665-025\/"},"modified":"2025-08-18T19:15:47","modified_gmt":"2025-08-18T19:15:47","slug":"punutisest-aiadiivani-komplekt-brentwood-5665-025","status":"publish","type":"product","link":"https:\/\/blankpage.ee\/_ruumist-ruumi\/pood\/punutisest-aiadiivani-komplekt-brentwood-5665-025\/","title":{"rendered":"Punutisest aiadiivani komplekt Brentwood, 5665-025"},"content":{"rendered":"<h3>Stiilne ja mugav punutisest aiadiivani komplekt Brentwood<\/h3>\n<p>Muuda oma terrass v\u00f5i r\u00f5du hubasemaks <strong>punutisest aiadiivani komplektiga Brentwood<\/strong>. See elegantne ja vastupidav aiam\u00f6\u00f6bli komplekt \u00fchendab endas praktilisuse ja kaasaegse disaini, pakkudes ideaalset kohta \u00f5ues l\u00f5\u00f5gastumiseks.<\/p>\n<h3>Kvaliteetsed materjalid ja vastupidav konstruktsioon<\/h3>\n<p>Selle komplekti nurgadiivan on valmistatud hallist kunstrotangist, mis on ilmastikukindel ja kergesti hooldatav. Hallist kunstrotangist valmistatud laud on varustatud vastupidava karastatud klaasist lauaplaadiga.<\/p>\n<h3>Komplekti kuuluvad pehmed istmepadjad<\/h3>\n<p>Komplekti juurde kuuluvad ka heledahallid istmepadjad, mis tagavad suurep\u00e4rase istumismugavuse. Pehmed padjad lisavad luksuslikkust ning loovad hubase atmosf\u00e4\u00e4ri nii hommikukohvi nautimiseks kui ka \u00f5htuste vestluste jaoks.<\/p>\n<h3>Funktsionaalne ja ruumis\u00e4\u00e4stlik lahendus<\/h3>\n<p><strong>Punutisest aiadiivani komplekt Brentwood<\/strong> on ideaalne valik nii v\u00e4iksemale r\u00f5dule kui ka avaramale terrassile. Nurgadiivani kompaktne disain v\u00f5imaldab ruumi efektiivselt kasutada, samas kui k\u00f5rgem laud lisab praktilisust, sobides nii s\u00f6\u00f6miseks kui ka jookide ja suupistete serveerimiseks.<\/p>\n<h3>Lihtne kokkupanek ja hooldus<\/h3>\n<p>Komplekt vajab kerget kokkupanekut, kuid k\u00f5ik vajalikud komponendid on komplektis kaasas. Kunstrotangist pind on lihtsasti puhastatav \u2013 piisab vaid niiskest lapist, et eemaldada mustus ja hoida m\u00f6\u00f6bel v\u00e4rske ja kaunina.<\/p>\n<p>Kui otsid stiilset ja vastupidavat lahendust oma \u00f5uealale, on <strong>punutisest aiadiivani komplekt Brentwood<\/strong> suurep\u00e4rane valik. Naudi suve mugavuses ja stiilis!<\/p>\n","protected":false},"excerpt":{"rendered":"<p>Stiilne ja mugav punutisest aiadiivani komplekt Brentwood Muuda oma terrass v\u00f5i r\u00f5du hubasemaks punutisest aiadiivani komplektiga Brentwood. See elegantne ja vastupidav aiam\u00f6\u00f6bli komplekt \u00fchendab endas praktilisuse ja kaasaegse disaini, pakkudes ideaalset kohta \u00f5ues l\u00f5\u00f5gastumiseks. Kvaliteetsed materjalid ja vastupidav konstruktsioon Selle komplekti nurgadiivan on valmistatud hallist kunstrotangist, mis on ilmastikukindel ja kergesti hooldatav. Hallist kunstrotangist valmistatud [&hellip;]<\/p>\n","protected":false},"featured_media":162141,"comment_status":"open","ping_status":"closed","template":"","meta":[],"product_brand":[1818],"product_cat":[1808],"product_tag":[],"class_list":{"0":"post-148727","1":"product","2":"type-product","3":"status-publish","4":"has-post-thumbnail","6":"product_brand-venture-design","7":"product_cat-aiadiivani-komplektid","8":"product_shipping_class-venture-design","9":"pa_diivani-sofa-materjal-poluester","10":"pa_diivani-sofa-materjal-kiud","11":"pa_diivani-sofa-materjal-punutis","12":"pa_diivani-sofa-materjal-vaht","13":"pa_kangas-100-poluester","14":"pa_kollektsioon-brentwood","15":"pa_laua-materjal-klaas","16":"pa_laua-materjal-punutis","17":"pa_laua-tasapinna-varvus-labipaistev","18":"pa_mootmed-laud-korgus-72-pikkus-145-laius-85-tool-sugavus-73-korgus-89-laius-75-diivan-sugavus-73-korgus-89-laius-186","19":"pa_pehmenduste-materjal-poluester","20":"pa_tooli-materjal-poluester","21":"pa_tooli-materjal-kiud","22":"pa_tooli-materjal-punutis","23":"pa_tooli-materjal-vaht","25":"first","26":"instock","27":"sale","28":"taxable","29":"shipping-taxable","30":"purchasable","31":"product-type-simple"},"_links":{"self":[{"href":"https:\/\/blankpage.ee\/_ruumist-ruumi\/wp-json\/wp\/v2\/product\/148727","targetHints":{"allow":["GET"]}}],"collection":[{"href":"https:\/\/blankpage.ee\/_ruumist-ruumi\/wp-json\/wp\/v2\/product"}],"about":[{"href":"https:\/\/blankpage.ee\/_ruumist-ruumi\/wp-json\/wp\/v2\/types\/product"}],"replies":[{"embeddable":true,"href":"https:\/\/blankpage.ee\/_ruumist-ruumi\/wp-json\/wp\/v2\/comments?post=148727"}],"wp:featuredmedia":[{"embeddable":true,"href":"https:\/\/blankpage.ee\/_ruumist-ruumi\/wp-json\/wp\/v2\/media\/162141"}],"wp:attachment":[{"href":"https:\/\/blankpage.ee\/_ruumist-ruumi\/wp-json\/wp\/v2\/media?parent=148727"}],"wp:term":[{"taxonomy":"product_brand","embeddable":true,"href":"https:\/\/blankpage.ee\/_ruumist-ruumi\/wp-json\/wp\/v2\/product_brand?post=148727"},{"taxonomy":"product_cat","embeddable":true,"href":"https:\/\/blankpage.ee\/_ruumist-ruumi\/wp-json\/wp\/v2\/product_cat?post=148727"},{"taxonomy":"product_tag","embeddable":true,"href":"https:\/\/blankpage.ee\/_ruumist-ruumi\/wp-json\/wp\/v2\/product_tag?post=148727"}],"curies":[{"name":"wp","href":"https:\/\/api.w.org\/{rel}","templated":true}]}}