{"id":148739,"date":"2025-03-06T08:40:41","date_gmt":"2025-03-06T08:40:41","guid":{"rendered":"https:\/\/ruumistruumi.ee\/pood\/alumiiniumist-nurgadiivani-komplekt-aeda-salvador-4160-400\/"},"modified":"2025-08-14T11:14:19","modified_gmt":"2025-08-14T11:14:19","slug":"alumiiniumist-nurgadiivani-komplekt-aeda-salvador-4160-400","status":"publish","type":"product","link":"https:\/\/blankpage.ee\/_ruumist-ruumi\/pood\/alumiiniumist-nurgadiivani-komplekt-aeda-salvador-4160-400\/","title":{"rendered":"Alumiiniumist nurgadiivani komplekt aeda Salvador, 4160-400"},"content":{"rendered":"<h3>Stiilne ja vastupidav alumiiniumist nurgadiivan aeda<\/h3>\n<p><strong>Alumiiniumist nurgadiivani komplekt aeda Salvador<\/strong> on ideaalne valik neile, kes hindavad kaasaegset disaini ja praktilisust. Selle elegantne valge pulberv\u00e4rvitud metallraam loob modernse ilme ning tagab vastupidavuse erinevates ilmastikutingimustes. T\u00e4nu integreeritud k\u00e4etugedele pakub diivan maksimaalset mugavust ja toetust.<\/p>\n<h3>Mugavus ja stiil \u00fcheskoos<\/h3>\n<p>Komplekt sisaldab pehmeid halli tooni istme- ja seljapatju, mis lisavad luksuslikku tunnetust ning tagavad meeldiva istumiskogemuse. Kvaliteetsed materjalid on loodud kestma ning padjakatted on kergesti hooldatavad, v\u00f5imaldades neid vajadusel puhastada v\u00f5i vahetada.<\/p>\n<h3>Praktiline ja elegantne kohvilaud<\/h3>\n<p>Komplekti kuulub ka madal ja stiilne kohvilaud, mille klaaspind lisab kergust ja modernsust. Lauaplaat on viimistletud naturaalse puidumustriga, mis toob \u00f5uealale soojust ja hubasust. See on ideaalne koht hommikukohvi nautimiseks v\u00f5i s\u00f5pradega l\u00f5\u00f5gastumiseks.<\/p>\n<h3>Lihtne kokkupanek ja vastupidav konstruktsioon<\/h3>\n<p><strong>Alumiiniumist nurgadiivani komplekt aeda Salvador<\/strong> on loodud nii, et selle kokkupanek oleks v\u00f5imalikult lihtne ja kiire. T\u00e4nu kvaliteetsetele materjalidele on see m\u00f6\u00f6blikomplekt ilmastikukindel ning sobib suurep\u00e4raselt nii terrassile, r\u00f5dule kui ka aeda.<\/p>\n<p>Kui otsid stiilset ja kauakestvat aiam\u00f6\u00f6blikomplekti, mis \u00fchendab disaini ja funktsionaalsuse, siis see <strong>alumiiniumist nurgadiivan<\/strong> on ideaalne valik.<\/p>\n","protected":false},"excerpt":{"rendered":"<p>Stiilne ja vastupidav alumiiniumist nurgadiivan aeda Alumiiniumist nurgadiivani komplekt aeda Salvador on ideaalne valik neile, kes hindavad kaasaegset disaini ja praktilisust. Selle elegantne valge pulberv\u00e4rvitud metallraam loob modernse ilme ning tagab vastupidavuse erinevates ilmastikutingimustes. T\u00e4nu integreeritud k\u00e4etugedele pakub diivan maksimaalset mugavust ja toetust. Mugavus ja stiil \u00fcheskoos Komplekt sisaldab pehmeid halli tooni istme- ja seljapatju, [&hellip;]<\/p>\n","protected":false},"featured_media":162130,"comment_status":"open","ping_status":"open","template":"","meta":[],"product_brand":[1818],"product_cat":[1769],"product_tag":[],"class_list":{"0":"post-148739","1":"product","2":"type-product","3":"status-publish","4":"has-post-thumbnail","6":"product_brand-venture-design","7":"product_cat-nurgadiivani-komplektid-aeda","8":"product_shipping_class-venture-design","9":"pa_diivani-sofa-materjal-alumiinium","10":"pa_kangas-100-poluester","11":"pa_kollektsioon-salvador","12":"pa_laua-materjal-alumiinium","13":"pa_laua-materjal-kivikate","14":"pa_laua-tasapinna-varvus-hall","15":"pa_mootmed-laud-korgus-35-pikkus-60-laius-60-diivan-sugavus-61-korgus-69-laius-190x118","16":"pa_pehmenduste-materjal-poluester","18":"first","19":"outofstock","20":"sale","21":"taxable","22":"shipping-taxable","23":"purchasable","24":"product-type-simple"},"_links":{"self":[{"href":"https:\/\/blankpage.ee\/_ruumist-ruumi\/wp-json\/wp\/v2\/product\/148739","targetHints":{"allow":["GET"]}}],"collection":[{"href":"https:\/\/blankpage.ee\/_ruumist-ruumi\/wp-json\/wp\/v2\/product"}],"about":[{"href":"https:\/\/blankpage.ee\/_ruumist-ruumi\/wp-json\/wp\/v2\/types\/product"}],"replies":[{"embeddable":true,"href":"https:\/\/blankpage.ee\/_ruumist-ruumi\/wp-json\/wp\/v2\/comments?post=148739"}],"wp:featuredmedia":[{"embeddable":true,"href":"https:\/\/blankpage.ee\/_ruumist-ruumi\/wp-json\/wp\/v2\/media\/162130"}],"wp:attachment":[{"href":"https:\/\/blankpage.ee\/_ruumist-ruumi\/wp-json\/wp\/v2\/media?parent=148739"}],"wp:term":[{"taxonomy":"product_brand","embeddable":true,"href":"https:\/\/blankpage.ee\/_ruumist-ruumi\/wp-json\/wp\/v2\/product_brand?post=148739"},{"taxonomy":"product_cat","embeddable":true,"href":"https:\/\/blankpage.ee\/_ruumist-ruumi\/wp-json\/wp\/v2\/product_cat?post=148739"},{"taxonomy":"product_tag","embeddable":true,"href":"https:\/\/blankpage.ee\/_ruumist-ruumi\/wp-json\/wp\/v2\/product_tag?post=148739"}],"curies":[{"name":"wp","href":"https:\/\/api.w.org\/{rel}","templated":true}]}}