{"id":148776,"date":"2025-03-06T08:40:41","date_gmt":"2025-03-06T08:40:41","guid":{"rendered":"https:\/\/ruumistruumi.ee\/pood\/metallist-ja-punutisest-aiadiivani-komplekt-paola-1513-2038\/"},"modified":"2025-08-14T11:14:22","modified_gmt":"2025-08-14T11:14:22","slug":"metallist-ja-punutisest-aiadiivani-komplekt-paola-1513-2038","status":"publish","type":"product","link":"https:\/\/blankpage.ee\/_ruumist-ruumi\/pood\/metallist-ja-punutisest-aiadiivani-komplekt-paola-1513-2038\/","title":{"rendered":"Metallist ja punutisest aiadiivani komplekt Paola, 1513-2038"},"content":{"rendered":"<h3>Stiilne ja vastupidav aiadiivani komplekt Paola<\/h3>\n<p><strong>Aiadiivani komplekt Paola<\/strong> on kaasaegne ja mugav lahendus igale terrassile v\u00f5i r\u00f5dule. Selle ajatu disain ja kvaliteetsed materjalid tagavad nii vastupidavuse kui ka visuaalse atraktiivsuse. Komplekti kuulub kahekohaline diivan, kaks k\u00e4etugedega tugitooli ning kaks \u00fcmmargust kohvilauda. Mustast pulberv\u00e4rvitud metallist raamid loovad stabiilse ja tugeva konstruktsiooni, samal ajal kui istme- ja seljatoepinnad on kaunistatud loodusliku rotangpunutisega, mis lisab naturaalset soojust ja elegantsi.<\/p>\n<h3>Maksimaalne mugavus ja kvaliteet<\/h3>\n<p>Komplektiga on kaasas mustad pehmed istme- ja seljatoepadjad, mis tagavad suurep\u00e4rase istumismugavuse. T\u00e4nu ergonoomilisele disainile on aiadiivani komplekt Paola ideaalne koht l\u00f5\u00f5gastumiseks ja k\u00fclaliste v\u00f5\u00f5rustamiseks. Rotangpunutise detailid mitte ainult ei lisa esteetilist v\u00e4\u00e4rtust, vaid muudavad ka iga m\u00f6\u00f6blieseme unikaalseks.<\/p>\n<h3>Vastupidavus ja hooldus<\/h3>\n<p>Rotangpunutis on vastupidav plastmaterjal, mis sobib suurep\u00e4raselt p\u00f5hjamaistesse ilmastikutingimustesse. UV-kindel materjal ei pleeku p\u00e4ikese k\u00e4es ning talub niiskust ja tuult. Siiski soovitame m\u00f6\u00f6blit kaitsta ilmastikukattega v\u00f5i hoiustada seda kuivas ja jahedas kohas, et pikendada selle eluiga.<\/p>\n<p><strong>Aiadiivani komplekt Paola<\/strong> \u00fchendab endas stiili, praktilisuse ja mugavuse, olles ideaalne valik igale \u00f5uealale. T\u00e4nu kergele konstruktsioonile ja lihtsale kokkupanekule on selle kasutamine ning hooldamine vaevatu.<\/p>\n","protected":false},"excerpt":{"rendered":"<p>Stiilne ja vastupidav aiadiivani komplekt Paola Aiadiivani komplekt Paola on kaasaegne ja mugav lahendus igale terrassile v\u00f5i r\u00f5dule. Selle ajatu disain ja kvaliteetsed materjalid tagavad nii vastupidavuse kui ka visuaalse atraktiivsuse. Komplekti kuulub kahekohaline diivan, kaks k\u00e4etugedega tugitooli ning kaks \u00fcmmargust kohvilauda. Mustast pulberv\u00e4rvitud metallist raamid loovad stabiilse ja tugeva konstruktsiooni, samal ajal kui istme- [&hellip;]<\/p>\n","protected":false},"featured_media":161924,"comment_status":"open","ping_status":"closed","template":"","meta":[],"product_brand":[1818],"product_cat":[1808],"product_tag":[],"class_list":{"0":"post-148776","1":"product","2":"type-product","3":"status-publish","4":"has-post-thumbnail","6":"product_brand-venture-design","7":"product_cat-aiadiivani-komplektid","8":"product_shipping_class-venture-design","9":"pa_diivani-sofa-materjal-poluester","10":"pa_diivani-sofa-materjal-rattan","11":"pa_kangas-100-poluester","12":"pa_kollektsioon-paola","13":"pa_laua-materjal-metall","14":"pa_laua-tasapinna-varvus-must","15":"pa_mootmed-table-1-50-table-2-40-tool-sugavus-86-korgus-86-laius-65-diivan-sugavus-87-korgus-78-laius-122","16":"pa_pehmenduste-materjal-poluester","17":"pa_tooli-materjal-poluester","18":"pa_tooli-materjal-metall","19":"pa_tooli-materjal-punutis","21":"first","22":"instock","23":"sale","24":"taxable","25":"shipping-taxable","26":"purchasable","27":"product-type-simple"},"_links":{"self":[{"href":"https:\/\/blankpage.ee\/_ruumist-ruumi\/wp-json\/wp\/v2\/product\/148776","targetHints":{"allow":["GET"]}}],"collection":[{"href":"https:\/\/blankpage.ee\/_ruumist-ruumi\/wp-json\/wp\/v2\/product"}],"about":[{"href":"https:\/\/blankpage.ee\/_ruumist-ruumi\/wp-json\/wp\/v2\/types\/product"}],"replies":[{"embeddable":true,"href":"https:\/\/blankpage.ee\/_ruumist-ruumi\/wp-json\/wp\/v2\/comments?post=148776"}],"wp:featuredmedia":[{"embeddable":true,"href":"https:\/\/blankpage.ee\/_ruumist-ruumi\/wp-json\/wp\/v2\/media\/161924"}],"wp:attachment":[{"href":"https:\/\/blankpage.ee\/_ruumist-ruumi\/wp-json\/wp\/v2\/media?parent=148776"}],"wp:term":[{"taxonomy":"product_brand","embeddable":true,"href":"https:\/\/blankpage.ee\/_ruumist-ruumi\/wp-json\/wp\/v2\/product_brand?post=148776"},{"taxonomy":"product_cat","embeddable":true,"href":"https:\/\/blankpage.ee\/_ruumist-ruumi\/wp-json\/wp\/v2\/product_cat?post=148776"},{"taxonomy":"product_tag","embeddable":true,"href":"https:\/\/blankpage.ee\/_ruumist-ruumi\/wp-json\/wp\/v2\/product_tag?post=148776"}],"curies":[{"name":"wp","href":"https:\/\/api.w.org\/{rel}","templated":true}]}}