{"id":148792,"date":"2025-03-06T08:40:41","date_gmt":"2025-03-06T08:40:41","guid":{"rendered":"https:\/\/ruumistruumi.ee\/pood\/rotangist-aiadiivani-komplekt-ella-1574-6011\/"},"modified":"2025-08-20T11:22:15","modified_gmt":"2025-08-20T11:22:15","slug":"rotangist-aiadiivani-komplekt-ella-1574-6011","status":"publish","type":"product","link":"https:\/\/blankpage.ee\/_ruumist-ruumi\/pood\/rotangist-aiadiivani-komplekt-ella-1574-6011\/","title":{"rendered":"Rotangist aiadiivani komplekt Ella, 1574-6011"},"content":{"rendered":"<h3>Rotangist aiadiivani komplekt Ella \u2013 stiilne ja mugav valik sinu aeda<\/h3>\n<p><strong>Rotangist aiadiivani komplekt Ella<\/strong> on ideaalne valik neile, kes hindavad nii mugavust kui ka ajatut disaini. See elegantne m\u00f6\u00f6blikomplekt loob hubase atmosf\u00e4\u00e4ri sinu terrassile, r\u00f5dule v\u00f5i talveaeda. Komplekt koosneb kaheistmelisest diivanist, kahest k\u00e4etugedega tugitoolist ning praktilisest ristk\u00fclikukujulisest kohvilauast, millel on stiilne klaasist lauaplaat ja lisariiul v\u00e4iksemate esemete hoiustamiseks.<\/p>\n<h3>Kvaliteetne ja vastupidav rotang<\/h3>\n<p>Komplekti valmistamisel on kasutatud vastupidavat ja loodusl\u00e4hedast rotangi, mis annab igale m\u00f6\u00f6bliesemele unikaalse ilme. T\u00e4nu heledate toonidega istmepatjadele on istumine veelgi mugavam ja meeldivam. Pehmed padjad tagavad suurep\u00e4rase istumiskogemuse ning lisavad \u00fcldisele v\u00e4limusele elegantse puudutuse.<\/p>\n<h3>Hooldus ja kasutussoovitused<\/h3>\n<p>Kuigi rotang on trendikas ja stiilne materjal, ei ole see ilmastikukindel. Seet\u00f5ttu soovitame <strong>rotangist aiadiivani komplekti Ella<\/strong> hoida siseruumides v\u00f5i katuse all, et v\u00e4ltida niiskuse ja temperatuurik\u00f5ikumiste negatiivset m\u00f5ju. Parim viis m\u00f6\u00f6bli puhastamiseks on niiske lapi kasutamine \u2013 nii s\u00e4ilitab see oma kauni v\u00e4limuse aastateks.<\/p>\n<h3>Miks valida rotangist aiadiivani komplekt Ella?<\/h3>\n<ul>\n<li>Elegantne ja ajatu disain<\/li>\n<li>Kvaliteetne ja vastupidav materjal<\/li>\n<li>Komplektis diivan, kaks tugitooli ja praktiline kohvilaud<\/li>\n<li>Lisariiul mugavaks hoiustamiseks<\/li>\n<li>Pehmed istmepatjad lisamugavuseks<\/li>\n<\/ul>\n<p>Kui otsid stiilset ja mugavat lahendust oma aianurka v\u00f5i terrassile, siis on <strong>rotangist aiadiivani komplekt Ella<\/strong> just see, mida vajad. Loo oma \u00f5uealale kutsuv ja m\u00f5nus puhkenurk selle kauni m\u00f6\u00f6blikomplekti abil!<\/p>\n","protected":false},"excerpt":{"rendered":"<p>Rotangist aiadiivani komplekt Ella \u2013 stiilne ja mugav valik sinu aeda Rotangist aiadiivani komplekt Ella on ideaalne valik neile, kes hindavad nii mugavust kui ka ajatut disaini. See elegantne m\u00f6\u00f6blikomplekt loob hubase atmosf\u00e4\u00e4ri sinu terrassile, r\u00f5dule v\u00f5i talveaeda. Komplekt koosneb kaheistmelisest diivanist, kahest k\u00e4etugedega tugitoolist ning praktilisest ristk\u00fclikukujulisest kohvilauast, millel on stiilne klaasist lauaplaat ja [&hellip;]<\/p>\n","protected":false},"featured_media":161974,"comment_status":"open","ping_status":"closed","template":"","meta":[],"product_brand":[1818],"product_cat":[1808],"product_tag":[],"class_list":{"0":"post-148792","1":"product","2":"type-product","3":"status-publish","4":"has-post-thumbnail","6":"product_brand-venture-design","7":"product_cat-aiadiivani-komplektid","8":"product_shipping_class-venture-design","9":"pa_diivani-sofa-materjal-poluester","10":"pa_diivani-sofa-materjal-rattan","11":"pa_kangas-100-poluester","12":"pa_kollektsioon-ella","13":"pa_laua-materjal-klaas","14":"pa_laua-materjal-rattan","15":"pa_laua-tasapinna-varvus-labipaistev","16":"pa_mootmed-laud-korgus-46-pikkus-90-laius-56-tool-sugavus-86-korgus-95-laius-66-diivan-sugavus-86-korgus-95-laius-110","17":"pa_pehmenduste-materjal-poluester","18":"pa_tooli-materjal-poluester","19":"pa_tooli-materjal-rattan","21":"first","22":"instock","23":"sale","24":"taxable","25":"shipping-taxable","26":"purchasable","27":"product-type-simple"},"_links":{"self":[{"href":"https:\/\/blankpage.ee\/_ruumist-ruumi\/wp-json\/wp\/v2\/product\/148792","targetHints":{"allow":["GET"]}}],"collection":[{"href":"https:\/\/blankpage.ee\/_ruumist-ruumi\/wp-json\/wp\/v2\/product"}],"about":[{"href":"https:\/\/blankpage.ee\/_ruumist-ruumi\/wp-json\/wp\/v2\/types\/product"}],"replies":[{"embeddable":true,"href":"https:\/\/blankpage.ee\/_ruumist-ruumi\/wp-json\/wp\/v2\/comments?post=148792"}],"wp:featuredmedia":[{"embeddable":true,"href":"https:\/\/blankpage.ee\/_ruumist-ruumi\/wp-json\/wp\/v2\/media\/161974"}],"wp:attachment":[{"href":"https:\/\/blankpage.ee\/_ruumist-ruumi\/wp-json\/wp\/v2\/media?parent=148792"}],"wp:term":[{"taxonomy":"product_brand","embeddable":true,"href":"https:\/\/blankpage.ee\/_ruumist-ruumi\/wp-json\/wp\/v2\/product_brand?post=148792"},{"taxonomy":"product_cat","embeddable":true,"href":"https:\/\/blankpage.ee\/_ruumist-ruumi\/wp-json\/wp\/v2\/product_cat?post=148792"},{"taxonomy":"product_tag","embeddable":true,"href":"https:\/\/blankpage.ee\/_ruumist-ruumi\/wp-json\/wp\/v2\/product_tag?post=148792"}],"curies":[{"name":"wp","href":"https:\/\/api.w.org\/{rel}","templated":true}]}}