{"id":148841,"date":"2025-03-06T08:40:41","date_gmt":"2025-03-06T08:40:41","guid":{"rendered":"https:\/\/ruumistruumi.ee\/pood\/alumiiniumist-aia-lounge-komplekt-barcelona-1028-408\/"},"modified":"2025-08-17T16:33:02","modified_gmt":"2025-08-17T16:33:02","slug":"alumiiniumist-aia-lounge-komplekt-barcelona-1028-408","status":"publish","type":"product","link":"https:\/\/blankpage.ee\/_ruumist-ruumi\/pood\/alumiiniumist-aia-lounge-komplekt-barcelona-1028-408\/","title":{"rendered":"Alumiiniumist aia lounge komplekt Barcelona, 1028-408"},"content":{"rendered":"<h3>Elegantne ja vastupidav alumiiniumist aia lounge komplekt<\/h3>\n<p>Too oma aeda v\u00f5i r\u00f5dule stiili ja mugavust <strong>alumiiniumist aia lounge komplektiga Barcelona<\/strong>. See kvaliteetne komplekt koosneb kahest mustast alumiiniumist valmistatud vastupidavast lounge-toolist ning elegantsest lauast, mille pinnakatteks on stiilne klaas. Minimalistlik disain ja tugev materjal tagavad pikaajalise kasutuse ning ajatu v\u00e4limuse.<\/p>\n<h3>Mugavus ja praktilisus \u00fches<\/h3>\n<p>Komplektiga on kaasas vastupidavad mustad istmepadjad, mis lisavad istumismugavust. T\u00e4nu ruumikatele m\u00f5\u00f5tmetele \u2013 tooli \u00fcldm\u00f5\u00f5dud on 159x84x77 cm ning istumisosa on 63x55x31 cm \u2013 saad l\u00f5\u00f5gastuda t\u00e4ielikus mugavuses. Laua m\u00f5\u00f5dud on kompaktsed 50x50x50 cm, mist\u00f5ttu sobib see ideaalselt joogiklaaside, raamatute v\u00f5i muude esemete paigutamiseks.<\/p>\n<h3>Lihtne hooldus ja ilmastikukindlus<\/h3>\n<p><strong>Alumiiniumist aia lounge<\/strong> m\u00f6\u00f6bel on loodud v\u00e4listingimustesse, olles korrosioonikindel ja kergesti hooldatav. Puhastamiseks kasuta leiget vett ja \u00f5rna seepi, loputades seej\u00e4rel rohke puhta veega. Eriti oluline on regulaarne hooldus, kui m\u00f6\u00f6bel asub mere l\u00e4hedal, kus soolane \u00f5hk v\u00f5ib pindu m\u00f5jutada.<\/p>\n<h3>Valmis kohe kasutamiseks<\/h3>\n<p>Komplekt ei vaja kokkupanekut \u2013 saad selle kohe aeda v\u00f5i r\u00f5dule paigutada ning nautida suviseid hetki stiilses ja mugavas keskkonnas. Olgu see hommikukohv v\u00e4rskes \u00f5hus v\u00f5i \u00f5htune l\u00f5\u00f5gastus p\u00e4ikeseloojangus, <strong>Barcelona lounge komplekt<\/strong> tagab ideaalse atmosf\u00e4\u00e4ri.<\/p>\n","protected":false},"excerpt":{"rendered":"<p>Elegantne ja vastupidav alumiiniumist aia lounge komplekt Too oma aeda v\u00f5i r\u00f5dule stiili ja mugavust alumiiniumist aia lounge komplektiga Barcelona. See kvaliteetne komplekt koosneb kahest mustast alumiiniumist valmistatud vastupidavast lounge-toolist ning elegantsest lauast, mille pinnakatteks on stiilne klaas. Minimalistlik disain ja tugev materjal tagavad pikaajalise kasutuse ning ajatu v\u00e4limuse. Mugavus ja praktilisus \u00fches Komplektiga on [&hellip;]<\/p>\n","protected":false},"featured_media":162555,"comment_status":"open","ping_status":"open","template":"","meta":[],"product_brand":[1818],"product_cat":[1796],"product_tag":[],"class_list":{"0":"post-148841","1":"product","2":"type-product","3":"status-publish","4":"has-post-thumbnail","6":"product_brand-venture-design","7":"product_cat-aia-lounge-komplektid","8":"product_shipping_class-venture-design","9":"pa_kangas-100-poluester","10":"pa_kollektsioon-barcelona","11":"pa_laua-materjal-alumiinium","12":"pa_laua-materjal-kivikate","13":"pa_mootmed-laud-korgus-50-pikkus-50-laius-50-tool-sugavus-84-korgus-77-laius-75-ottoman-sugavus-55-korgus-28-laius-75","14":"pa_ottomani-materjal-alumiinium","15":"pa_ottomani-materjal-poluester","16":"pa_pehmenduste-materjal-poluester","17":"pa_tooli-materjal-alumiinium","18":"pa_tooli-materjal-poluester","19":"pa_tooli-materjal-vaht","21":"first","22":"instock","23":"sale","24":"taxable","25":"shipping-taxable","26":"purchasable","27":"product-type-simple"},"_links":{"self":[{"href":"https:\/\/blankpage.ee\/_ruumist-ruumi\/wp-json\/wp\/v2\/product\/148841","targetHints":{"allow":["GET"]}}],"collection":[{"href":"https:\/\/blankpage.ee\/_ruumist-ruumi\/wp-json\/wp\/v2\/product"}],"about":[{"href":"https:\/\/blankpage.ee\/_ruumist-ruumi\/wp-json\/wp\/v2\/types\/product"}],"replies":[{"embeddable":true,"href":"https:\/\/blankpage.ee\/_ruumist-ruumi\/wp-json\/wp\/v2\/comments?post=148841"}],"wp:featuredmedia":[{"embeddable":true,"href":"https:\/\/blankpage.ee\/_ruumist-ruumi\/wp-json\/wp\/v2\/media\/162555"}],"wp:attachment":[{"href":"https:\/\/blankpage.ee\/_ruumist-ruumi\/wp-json\/wp\/v2\/media?parent=148841"}],"wp:term":[{"taxonomy":"product_brand","embeddable":true,"href":"https:\/\/blankpage.ee\/_ruumist-ruumi\/wp-json\/wp\/v2\/product_brand?post=148841"},{"taxonomy":"product_cat","embeddable":true,"href":"https:\/\/blankpage.ee\/_ruumist-ruumi\/wp-json\/wp\/v2\/product_cat?post=148841"},{"taxonomy":"product_tag","embeddable":true,"href":"https:\/\/blankpage.ee\/_ruumist-ruumi\/wp-json\/wp\/v2\/product_tag?post=148841"}],"curies":[{"name":"wp","href":"https:\/\/api.w.org\/{rel}","templated":true}]}}