{"id":148896,"date":"2025-03-06T08:40:41","date_gmt":"2025-03-06T08:40:41","guid":{"rendered":"https:\/\/ruumistruumi.ee\/pood\/alumiiniumist-valikoogi-moodul-mexico-must-naturaalne-9574-520\/"},"modified":"2025-08-14T21:59:42","modified_gmt":"2025-08-14T21:59:42","slug":"alumiiniumist-valikoogi-moodul-mexico-must-naturaalne-9574-520","status":"publish","type":"product","link":"https:\/\/blankpage.ee\/_ruumist-ruumi\/pood\/alumiiniumist-valikoogi-moodul-mexico-must-naturaalne-9574-520\/","title":{"rendered":"Alumiiniumist v\u00e4lik\u00f6\u00f6gi moodul Mexico, must\/naturaalne, 9574-520"},"content":{"rendered":"<h3>Stiilne ja praktiline alumiiniumist v\u00e4lik\u00f6\u00f6gi moodul<\/h3>\n<p>Naudi suve t\u00e4iel rinnal ja valmista maitsvaid roogasid v\u00e4rskes \u00f5hus! <strong>Alumiiniumist v\u00e4lik\u00f6\u00f6gi moodul Mexico<\/strong> on ideaalne t\u00e4iendus sinu \u00f5uek\u00f6\u00f6ki, pakkudes nii funktsionaalsust kui ka stiili. See nurgaelement aitab sul luua praktilise ja mugava t\u00f6\u00f6pinna, mida saab h\u00f5lpsalt kombineerida teiste sama sarja moodulitega.<\/p>\n<h3>Kvaliteetsed materjalid ja ajatu disain<\/h3>\n<p>Selle v\u00e4lik\u00f6\u00f6gi mooduli raam on valmistatud vastupidavast mustast alumiiniumist, mis on ilmastikukindel ja kerge hooldada. T\u00f6\u00f6pind on kaunistatud naturaalse puiduspooniga, mis lisab k\u00f6\u00f6gile soojust ja elegantset ilmet. Klassikaline disain sobitub suurep\u00e4raselt igasse \u00f5ueruumi, olgu see siis terrass, r\u00f5du v\u00f5i aianurk.<\/p>\n<h3>Lihtne hooldus ja pikaajaline vastupidavus<\/h3>\n<p>Alumiiniumist ja roostevabast terasest v\u00e4lim\u00f6\u00f6bel vajab regulaarset puhastamist vee ja kerge seebilahusega, et s\u00e4ilitada oma esialgne v\u00e4limus. Kui moodulis on kasutatud tiigipuud, siis tuleb arvestada, et see looduslikult \u00f5lirikas materjal vajab harvem impregneerimist, kuid aeg-ajalt v\u00f5iks seda \u00f5litada, et s\u00e4ilitada kaunis viimistlus.<\/p>\n<h3>Kombineeri enda vajaduste j\u00e4rgi<\/h3>\n<p>Mexico sarja kuulub mitmeid erinevaid mooduleid, mis v\u00f5imaldavad sul kujundada t\u00e4pselt sellise v\u00e4lik\u00f6\u00f6gi, mis vastab sinu vajadustele. Lisa juurde t\u00f6\u00f6pinnad, hoiulahendused ja grillimismoodulid, et muuta toiduvalmistamine vabas \u00f5hus veelgi mugavamaks ja nauditavamaks.<\/p>\n<p>Muuda oma terrass v\u00f5i r\u00f5du stiilseks ja praktiliseks v\u00e4litoiduvalmistamise alaks <strong>alumiiniumist v\u00e4lik\u00f6\u00f6gi mooduli Mexico<\/strong> abil!<\/p>\n","protected":false},"excerpt":{"rendered":"<p>Stiilne ja praktiline alumiiniumist v\u00e4lik\u00f6\u00f6gi moodul Naudi suve t\u00e4iel rinnal ja valmista maitsvaid roogasid v\u00e4rskes \u00f5hus! Alumiiniumist v\u00e4lik\u00f6\u00f6gi moodul Mexico on ideaalne t\u00e4iendus sinu \u00f5uek\u00f6\u00f6ki, pakkudes nii funktsionaalsust kui ka stiili. See nurgaelement aitab sul luua praktilise ja mugava t\u00f6\u00f6pinna, mida saab h\u00f5lpsalt kombineerida teiste sama sarja moodulitega. Kvaliteetsed materjalid ja ajatu disain Selle v\u00e4lik\u00f6\u00f6gi [&hellip;]<\/p>\n","protected":false},"featured_media":148900,"comment_status":"open","ping_status":"closed","template":"","meta":[],"product_brand":[1818],"product_cat":[1807],"product_tag":[],"class_list":{"0":"post-148896","1":"product","2":"type-product","3":"status-publish","4":"has-post-thumbnail","6":"product_brand-venture-design","7":"product_cat-valikoogi-moodulid","8":"product_shipping_class-venture-design","9":"pa_kollektsioon-mexico","10":"pa_mootmed-60-x-127-x-90","11":"pa_varv-naturaalne","12":"pa_varv-must","14":"first","15":"instock","16":"sale","17":"taxable","18":"shipping-taxable","19":"purchasable","20":"product-type-simple"},"_links":{"self":[{"href":"https:\/\/blankpage.ee\/_ruumist-ruumi\/wp-json\/wp\/v2\/product\/148896","targetHints":{"allow":["GET"]}}],"collection":[{"href":"https:\/\/blankpage.ee\/_ruumist-ruumi\/wp-json\/wp\/v2\/product"}],"about":[{"href":"https:\/\/blankpage.ee\/_ruumist-ruumi\/wp-json\/wp\/v2\/types\/product"}],"replies":[{"embeddable":true,"href":"https:\/\/blankpage.ee\/_ruumist-ruumi\/wp-json\/wp\/v2\/comments?post=148896"}],"wp:featuredmedia":[{"embeddable":true,"href":"https:\/\/blankpage.ee\/_ruumist-ruumi\/wp-json\/wp\/v2\/media\/148900"}],"wp:attachment":[{"href":"https:\/\/blankpage.ee\/_ruumist-ruumi\/wp-json\/wp\/v2\/media?parent=148896"}],"wp:term":[{"taxonomy":"product_brand","embeddable":true,"href":"https:\/\/blankpage.ee\/_ruumist-ruumi\/wp-json\/wp\/v2\/product_brand?post=148896"},{"taxonomy":"product_cat","embeddable":true,"href":"https:\/\/blankpage.ee\/_ruumist-ruumi\/wp-json\/wp\/v2\/product_cat?post=148896"},{"taxonomy":"product_tag","embeddable":true,"href":"https:\/\/blankpage.ee\/_ruumist-ruumi\/wp-json\/wp\/v2\/product_tag?post=148896"}],"curies":[{"name":"wp","href":"https:\/\/api.w.org\/{rel}","templated":true}]}}