{"id":148907,"date":"2025-03-06T08:40:41","date_gmt":"2025-03-06T08:40:41","guid":{"rendered":"https:\/\/ruumistruumi.ee\/pood\/alumiiniumist-pergola-lazio-must-9368-408\/"},"modified":"2025-08-14T11:14:32","modified_gmt":"2025-08-14T11:14:32","slug":"alumiiniumist-pergola-lazio-must-9368-408","status":"publish","type":"product","link":"https:\/\/blankpage.ee\/_ruumist-ruumi\/pood\/alumiiniumist-pergola-lazio-must-9368-408\/","title":{"rendered":"Alumiiniumist pergola Lazio, must, 9368-408"},"content":{"rendered":"<h3>Stiilne ja vastupidav alumiiniumist pergola Lazio<\/h3>\n<p><strong>Alumiiniumist pergola Lazio, must<\/strong> on ideaalne lahendus, et luua oma aeda v\u00f5i terrassile varjuline ja hubane istumisnurk. T\u00e4nu oma minimalistlikule disainile ja vastupidavale konstruktsioonile sobib see suurep\u00e4raselt igasse v\u00e4liruumi, pakkudes kaitset nii p\u00e4ikese kui ka kerge vihma eest.<\/p>\n<h3>Kvaliteetne materjal ja nutikas disain<\/h3>\n<p>See pergola on valmistatud vastupidavast <strong>alumiiniumraamist<\/strong>, mis on roostekindel ja kergesti hooldatav. Alumiinium on populaarne valik v\u00e4lim\u00f6\u00f6blis just oma ilmastikukindluse ja pikaealisuse t\u00f5ttu. Pergola katus on kaetud <strong>pol\u00fcesterkangaga<\/strong>, mis kaitseb liigse p\u00e4ikesekiirguse eest ning loob meeldiva varjualuse. Kui pergolat parasjagu ei kasutata, saab katuseosa h\u00f5lpsasti kokku rullida, et see p\u00fcsiks kauem heas seisukorras.<\/p>\n<h3>Lihtne hooldus ja hoiustamine<\/h3>\n<p>Alumiiniumist pergola Lazio on praktiline ja kergesti hooldatav. Selleks, et tagada toote pikaealisus, on soovitatav pergolat hoida kuivas ja kaitstud kohas ajal, mil seda ei kasutata. Pol\u00fcesterkatus tuleks tugeva tuule v\u00f5i vihma korral alla lasta ja kuivatada enne hoiulepanekut.<\/p>\n<h3>Muuda oma \u00f5ueruum eriliseks<\/h3>\n<p>Kas soovid luua stiilse puhkenurga v\u00f5i elegantse s\u00f6\u00f6giala v\u00e4rskes \u00f5hus? <strong>Must alumiiniumist pergola<\/strong> Lazio aitab sul defineerida oma aia v\u00f5i terrassi ilmet, pakkudes samal ajal funktsionaalsust ja esteetikat. Lisa alla mugavad aiatoolid ja valgusketid ning naudi suve maksimaalselt!<\/p>\n","protected":false},"excerpt":{"rendered":"<p>Stiilne ja vastupidav alumiiniumist pergola Lazio Alumiiniumist pergola Lazio, must on ideaalne lahendus, et luua oma aeda v\u00f5i terrassile varjuline ja hubane istumisnurk. T\u00e4nu oma minimalistlikule disainile ja vastupidavale konstruktsioonile sobib see suurep\u00e4raselt igasse v\u00e4liruumi, pakkudes kaitset nii p\u00e4ikese kui ka kerge vihma eest. Kvaliteetne materjal ja nutikas disain See pergola on valmistatud vastupidavast alumiiniumraamist, [&hellip;]<\/p>\n","protected":false},"featured_media":165208,"comment_status":"open","ping_status":"open","template":"","meta":[],"product_brand":[1818],"product_cat":[1800],"product_tag":[],"class_list":{"0":"post-148907","1":"product","2":"type-product","3":"status-publish","4":"has-post-thumbnail","6":"product_brand-venture-design","7":"product_cat-pergolad","8":"product_shipping_class-venture-design","9":"pa_kangas-100-poluester","10":"pa_kollektsioon-lazio","11":"pa_mootmed-295-x-245-x-395","12":"pa_varv-must","14":"first","15":"instock","16":"sale","17":"taxable","18":"shipping-taxable","19":"purchasable","20":"product-type-simple"},"_links":{"self":[{"href":"https:\/\/blankpage.ee\/_ruumist-ruumi\/wp-json\/wp\/v2\/product\/148907","targetHints":{"allow":["GET"]}}],"collection":[{"href":"https:\/\/blankpage.ee\/_ruumist-ruumi\/wp-json\/wp\/v2\/product"}],"about":[{"href":"https:\/\/blankpage.ee\/_ruumist-ruumi\/wp-json\/wp\/v2\/types\/product"}],"replies":[{"embeddable":true,"href":"https:\/\/blankpage.ee\/_ruumist-ruumi\/wp-json\/wp\/v2\/comments?post=148907"}],"wp:featuredmedia":[{"embeddable":true,"href":"https:\/\/blankpage.ee\/_ruumist-ruumi\/wp-json\/wp\/v2\/media\/165208"}],"wp:attachment":[{"href":"https:\/\/blankpage.ee\/_ruumist-ruumi\/wp-json\/wp\/v2\/media?parent=148907"}],"wp:term":[{"taxonomy":"product_brand","embeddable":true,"href":"https:\/\/blankpage.ee\/_ruumist-ruumi\/wp-json\/wp\/v2\/product_brand?post=148907"},{"taxonomy":"product_cat","embeddable":true,"href":"https:\/\/blankpage.ee\/_ruumist-ruumi\/wp-json\/wp\/v2\/product_cat?post=148907"},{"taxonomy":"product_tag","embeddable":true,"href":"https:\/\/blankpage.ee\/_ruumist-ruumi\/wp-json\/wp\/v2\/product_tag?post=148907"}],"curies":[{"name":"wp","href":"https:\/\/api.w.org\/{rel}","templated":true}]}}