{"id":148917,"date":"2025-03-06T08:46:12","date_gmt":"2025-03-06T08:46:12","guid":{"rendered":"https:\/\/ruumistruumi.ee\/pood\/alumiiniumist-pergola-lazio-must-9368-404\/"},"modified":"2025-08-21T00:43:02","modified_gmt":"2025-08-21T00:43:02","slug":"alumiiniumist-pergola-lazio-must-9368-404","status":"publish","type":"product","link":"https:\/\/blankpage.ee\/_ruumist-ruumi\/pood\/alumiiniumist-pergola-lazio-must-9368-404\/","title":{"rendered":"Alumiiniumist pergola Lazio, must, 9368-404"},"content":{"rendered":"<h3>Stiilne ja vastupidav alumiiniumist pergola Lazio<\/h3>\n<p><strong>Must alumiiniumist pergola Lazio<\/strong> on ideaalne lahendus neile, kes soovivad oma terrassile v\u00f5i aeda stiilset ja praktilist varjualust. T\u00e4nu kvaliteetsele mustale alumiiniumraamile on pergola vastupidav, roostekindel ja sobib suurep\u00e4raselt igasse ilmastikku. Selle hallist pol\u00fcesterkangast katus on vajadusel h\u00f5lpsasti avatav ja suletav, pakkudes kaitset nii p\u00e4ikese kui ka kerge vihma eest.<\/p>\n<h3>Mitmek\u00fclgne ja funktsionaalne disain<\/h3>\n<p><strong>Alumiiniumist pergola<\/strong> Lazio sobib suurep\u00e4raselt nii hommikukohvi nautimiseks kui ka \u00f5htus\u00f6\u00f6giks pere ja s\u00f5prade seltsis. Kerge, kuid tugev konstruktsioon tagab selle stabiilsuse, samas kui elegantne disain lisab igale \u00f5uealale modernset ilmet. T\u00e4nu hoolikalt valitud materjalidele on see pergola lihtsasti hooldatav \u2013 j\u00e4rgides tootja hooldussoovitusi, saate nautida selle ilu ja funktsionaalsust aastaid.<\/p>\n<h3>Lihtne hooldus ja pikaealisus<\/h3>\n<p>Pol\u00fcesterkangast katus on vastupidav ning kergesti puhastatav, mist\u00f5ttu j\u00e4\u00e4b see alati v\u00e4rskeks ja esinduslikuks. Alumiiniumraam vajab minimaalset hooldust \u2013 piisab vaid aeg-ajalt niiske lapiga puhastamisest, et s\u00e4ilitada selle esialgne v\u00e4limus. See muudab Lazio pergola suurep\u00e4raseks valikuks igale koduomanikule, kes hindab nii esteetikat kui ka praktilisust.<\/p>\n<h3>Loo oma unistuste \u00f5ueruum<\/h3>\n<p>Kujunda oma terrass v\u00f5i aianurk hubaseks ja kutsuvaks, lisades sinna <strong>alumiiniumist pergola<\/strong> Lazio. See loob t\u00e4iusliku koha l\u00f5\u00f5gastumiseks, olgu see siis suvine p\u00e4rastl\u00f5una varjus v\u00f5i \u00f5htune koosviibimine v\u00e4rskes \u00f5hus. Investeeri kvaliteeti ja naudi oma \u00f5ueruumi igal aastaajal!<\/p>\n","protected":false},"excerpt":{"rendered":"<p>Stiilne ja vastupidav alumiiniumist pergola Lazio Must alumiiniumist pergola Lazio on ideaalne lahendus neile, kes soovivad oma terrassile v\u00f5i aeda stiilset ja praktilist varjualust. T\u00e4nu kvaliteetsele mustale alumiiniumraamile on pergola vastupidav, roostekindel ja sobib suurep\u00e4raselt igasse ilmastikku. Selle hallist pol\u00fcesterkangast katus on vajadusel h\u00f5lpsasti avatav ja suletav, pakkudes kaitset nii p\u00e4ikese kui ka kerge vihma [&hellip;]<\/p>\n","protected":false},"featured_media":165203,"comment_status":"open","ping_status":"open","template":"","meta":[],"product_brand":[1818],"product_cat":[1800],"product_tag":[],"class_list":{"0":"post-148917","1":"product","2":"type-product","3":"status-publish","4":"has-post-thumbnail","6":"product_brand-venture-design","7":"product_cat-pergolad","8":"product_shipping_class-venture-design","9":"pa_kangas-100-poluester","10":"pa_kollektsioon-lazio","11":"pa_mootmed-295-x-245-x-395","12":"pa_varv-must","14":"first","15":"instock","16":"sale","17":"taxable","18":"shipping-taxable","19":"purchasable","20":"product-type-simple"},"_links":{"self":[{"href":"https:\/\/blankpage.ee\/_ruumist-ruumi\/wp-json\/wp\/v2\/product\/148917","targetHints":{"allow":["GET"]}}],"collection":[{"href":"https:\/\/blankpage.ee\/_ruumist-ruumi\/wp-json\/wp\/v2\/product"}],"about":[{"href":"https:\/\/blankpage.ee\/_ruumist-ruumi\/wp-json\/wp\/v2\/types\/product"}],"replies":[{"embeddable":true,"href":"https:\/\/blankpage.ee\/_ruumist-ruumi\/wp-json\/wp\/v2\/comments?post=148917"}],"wp:featuredmedia":[{"embeddable":true,"href":"https:\/\/blankpage.ee\/_ruumist-ruumi\/wp-json\/wp\/v2\/media\/165203"}],"wp:attachment":[{"href":"https:\/\/blankpage.ee\/_ruumist-ruumi\/wp-json\/wp\/v2\/media?parent=148917"}],"wp:term":[{"taxonomy":"product_brand","embeddable":true,"href":"https:\/\/blankpage.ee\/_ruumist-ruumi\/wp-json\/wp\/v2\/product_brand?post=148917"},{"taxonomy":"product_cat","embeddable":true,"href":"https:\/\/blankpage.ee\/_ruumist-ruumi\/wp-json\/wp\/v2\/product_cat?post=148917"},{"taxonomy":"product_tag","embeddable":true,"href":"https:\/\/blankpage.ee\/_ruumist-ruumi\/wp-json\/wp\/v2\/product_tag?post=148917"}],"curies":[{"name":"wp","href":"https:\/\/api.w.org\/{rel}","templated":true}]}}