{"id":148930,"date":"2025-03-06T08:49:37","date_gmt":"2025-03-06T08:49:37","guid":{"rendered":"https:\/\/ruumistruumi.ee\/pood\/varjualune-easy-up-pruun-valge-1526-687\/"},"modified":"2025-08-14T11:13:45","modified_gmt":"2025-08-14T11:13:45","slug":"varjualune-easy-up-pruun-valge-1526-687","status":"publish","type":"product","link":"https:\/\/blankpage.ee\/_ruumist-ruumi\/pood\/varjualune-easy-up-pruun-valge-1526-687\/","title":{"rendered":"Varjualune Easy up, pruun\/valge, 1526-687"},"content":{"rendered":"<h3>Varjualune Easy up \u2013 ideaalne kaitse suvisteks \u00f5htuteks<\/h3>\n<p>Naudi suve\u00f5htuid pere ja s\u00f5prade seltsis mugavalt ning kaitstult! <strong>Varjualune Easy up<\/strong> on stiilne ja praktiline lahendus, mis loob m\u00f5nusa varjualuse aiapidudeks, s\u00fcnnip\u00e4evadeks ja grilli\u00f5htuteks. Selle pruun-valge disain sulandub kaunilt igasse aeda, pakkudes hubast atmosf\u00e4\u00e4ri ja kaitset p\u00e4ikese ning kerge vihma eest.<\/p>\n<h3>Kvaliteetne ja veekindel materjal<\/h3>\n<p>Varjualuse kangas on <strong>veekindel<\/strong> ja mustust h\u00fclgav, tagades pikaajalise vastupidavuse. Katuse materjal talub kuni 180 g vett ning seinad 160 g, pakkudes kaitset v\u00e4iksemate vihmahoogude eest. Samas ei ole materjal t\u00e4ielikult veekindel, mist\u00f5ttu ei soovitata seda kasutada ekstreemsetes ilmastikutingimustes.<\/p>\n<h3>Hooldusjuhised pikaealisuse tagamiseks<\/h3>\n<p>Parima kestvuse tagamiseks soovitame puhastada kangast \u00f5rnalt k\u00e4sitsi ning lasta sellel loomulikult kuivada. M\u00f6\u00f6blivaht sobib samuti puhastamiseks. Kindlasti tuleb varjualune korralikult kinnitada, et v\u00e4ltida tuulekahjustusi. Talveperioodiks soovitame varjualuse kangad eemaldada ja kuivas kohas hoiustada, et pikendada nende eluiga.<\/p>\n<h3>Stiilne ja praktiline t\u00e4iendus sinu aeda<\/h3>\n<p>Olgu tegu aiapeo, grilli\u00f5htu v\u00f5i lihtsalt l\u00f5\u00f5gastava suvep\u00e4evaga \u2013 <strong>Varjualune Easy up<\/strong> on suurep\u00e4rane t\u00e4iendus igasse aeda. Selle elegantne pruun-valge v\u00e4rvikombinatsioon loob kauni ja funktsionaalse keskkonna, kus saad nautida vabas \u00f5hus veedetud aega igas olukorras.<\/p>\n","protected":false},"excerpt":{"rendered":"<p>Varjualune Easy up \u2013 ideaalne kaitse suvisteks \u00f5htuteks Naudi suve\u00f5htuid pere ja s\u00f5prade seltsis mugavalt ning kaitstult! Varjualune Easy up on stiilne ja praktiline lahendus, mis loob m\u00f5nusa varjualuse aiapidudeks, s\u00fcnnip\u00e4evadeks ja grilli\u00f5htuteks. Selle pruun-valge disain sulandub kaunilt igasse aeda, pakkudes hubast atmosf\u00e4\u00e4ri ja kaitset p\u00e4ikese ning kerge vihma eest. Kvaliteetne ja veekindel materjal Varjualuse [&hellip;]<\/p>\n","protected":false},"featured_media":164967,"comment_status":"open","ping_status":"open","template":"","meta":[],"product_brand":[1818],"product_cat":[1792],"product_tag":[],"class_list":{"0":"post-148930","1":"product","2":"type-product","3":"status-publish","4":"has-post-thumbnail","6":"product_brand-venture-design","7":"product_cat-varjualused","8":"product_shipping_class-venture-design","9":"pa_kangas-100-poluester","10":"pa_kollektsioon-easy-up","11":"pa_mootmed-295-x-250-x-295","12":"pa_varv-valge","13":"pa_varv-pruun","15":"first","16":"instock","17":"taxable","18":"shipping-taxable","19":"purchasable","20":"product-type-simple"},"_links":{"self":[{"href":"https:\/\/blankpage.ee\/_ruumist-ruumi\/wp-json\/wp\/v2\/product\/148930","targetHints":{"allow":["GET"]}}],"collection":[{"href":"https:\/\/blankpage.ee\/_ruumist-ruumi\/wp-json\/wp\/v2\/product"}],"about":[{"href":"https:\/\/blankpage.ee\/_ruumist-ruumi\/wp-json\/wp\/v2\/types\/product"}],"replies":[{"embeddable":true,"href":"https:\/\/blankpage.ee\/_ruumist-ruumi\/wp-json\/wp\/v2\/comments?post=148930"}],"wp:featuredmedia":[{"embeddable":true,"href":"https:\/\/blankpage.ee\/_ruumist-ruumi\/wp-json\/wp\/v2\/media\/164967"}],"wp:attachment":[{"href":"https:\/\/blankpage.ee\/_ruumist-ruumi\/wp-json\/wp\/v2\/media?parent=148930"}],"wp:term":[{"taxonomy":"product_brand","embeddable":true,"href":"https:\/\/blankpage.ee\/_ruumist-ruumi\/wp-json\/wp\/v2\/product_brand?post=148930"},{"taxonomy":"product_cat","embeddable":true,"href":"https:\/\/blankpage.ee\/_ruumist-ruumi\/wp-json\/wp\/v2\/product_cat?post=148930"},{"taxonomy":"product_tag","embeddable":true,"href":"https:\/\/blankpage.ee\/_ruumist-ruumi\/wp-json\/wp\/v2\/product_tag?post=148930"}],"curies":[{"name":"wp","href":"https:\/\/api.w.org\/{rel}","templated":true}]}}