{"id":148979,"date":"2025-03-06T08:49:37","date_gmt":"2025-03-06T08:49:37","guid":{"rendered":"https:\/\/ruumistruumi.ee\/pood\/poluestrist-aiatooli-istepadi-padjaga-must-1007-318\/"},"modified":"2025-08-14T11:13:57","modified_gmt":"2025-08-14T11:13:57","slug":"poluestrist-aiatooli-istepadi-padjaga-must-1007-318","status":"publish","type":"product","link":"https:\/\/blankpage.ee\/_ruumist-ruumi\/pood\/poluestrist-aiatooli-istepadi-padjaga-must-1007-318\/","title":{"rendered":"Pol\u00fcestrist aiatooli istepadi padjaga, must, 1007-318"},"content":{"rendered":"<h3>Stiilne ja mugav aiatooli istepadi musta v\u00e4rvi<\/h3>\n<p>Muuda oma aiam\u00f6\u00f6bel veelgi mugavamaks selle elegantse ja praktilise <strong>aiatooli istepadjaga<\/strong>. Must toon lisab stiili igale aiatoolile, pakkudes nii esteetilist ilu kui ka suuremat istumismugavust. Pehme polsterdus muudab selle ideaalseks valikuks suvisteks puhkehetkedeks terrassil, r\u00f5dul v\u00f5i aias.<\/p>\n<h3>Praktiline disain ja turvaline kinnituss\u00fcsteem<\/h3>\n<p>Padja k\u00fcljes olevad kinnitustripid tagavad, et see p\u00fcsib kindlalt paigal, v\u00e4ltides libisemist v\u00f5i nihkumist ka pikema istumise ajal. Komplekti kuuluv lisapadi pakub lisatuge ja suurendab veelgi istumismugavust. See muudab aiatooli ideaalseks kohaks, kus l\u00f5\u00f5gastuda ja nautida sooje suvep\u00e4evi.<\/p>\n<h3>Kvaliteetne ja vastupidav materjal<\/h3>\n<p>See <strong>must aiatooli istepadi<\/strong> on valmistatud vastupidavast pol\u00fcestrist, mis on kergesti hooldatav ja sobib suurep\u00e4raselt v\u00e4listingimustesse. Pol\u00fcester on tuntud oma ilmastikukindluse ja vastupidavuse poolest, mist\u00f5ttu s\u00e4ilitab istepadi oma kuju ja v\u00e4rvi ka p\u00e4rast pikaajalist kasutamist. Lihtne puhastada niiske lapiga, et hoida see alati v\u00e4rske ja kaunina.<\/p>\n<h3>Naudi suve t\u00e4ies mugavuses<\/h3>\n<p>Olgu see hommikukohv terrassil v\u00f5i \u00f5htune puhkehetk aias \u2013 see <strong>aiatooli istepadi<\/strong> pakub ideaalset tuge ja pehmust igal ajal. T\u00e4nu oma ajatu disainile sobib see erinevate aiatoolide ja stiilidega, muutes sinu aianurga veelgi kutsuvamaks ja hubasemaks.<\/p>\n","protected":false},"excerpt":{"rendered":"<p>Stiilne ja mugav aiatooli istepadi musta v\u00e4rvi Muuda oma aiam\u00f6\u00f6bel veelgi mugavamaks selle elegantse ja praktilise aiatooli istepadjaga. Must toon lisab stiili igale aiatoolile, pakkudes nii esteetilist ilu kui ka suuremat istumismugavust. Pehme polsterdus muudab selle ideaalseks valikuks suvisteks puhkehetkedeks terrassil, r\u00f5dul v\u00f5i aias. Praktiline disain ja turvaline kinnituss\u00fcsteem Padja k\u00fcljes olevad kinnitustripid tagavad, et [&hellip;]<\/p>\n","protected":false},"featured_media":165298,"comment_status":"open","ping_status":"closed","template":"","meta":[],"product_brand":[1818],"product_cat":[1775],"product_tag":[],"class_list":{"0":"post-148979","1":"product","2":"type-product","3":"status-publish","4":"has-post-thumbnail","6":"product_brand-venture-design","7":"product_cat-istmepadjad-ja-pehmendused-aiatoolidele","8":"product_shipping_class-venture-design","9":"pa_kangas-100-poluester","10":"pa_kollektsioon-hanna","11":"pa_mootmed-5-x-116-x-46","12":"pa_pehmenduste-materjal-poluester","13":"pa_varv-must","15":"first","16":"instock","17":"sale","18":"taxable","19":"shipping-taxable","20":"purchasable","21":"product-type-simple"},"_links":{"self":[{"href":"https:\/\/blankpage.ee\/_ruumist-ruumi\/wp-json\/wp\/v2\/product\/148979","targetHints":{"allow":["GET"]}}],"collection":[{"href":"https:\/\/blankpage.ee\/_ruumist-ruumi\/wp-json\/wp\/v2\/product"}],"about":[{"href":"https:\/\/blankpage.ee\/_ruumist-ruumi\/wp-json\/wp\/v2\/types\/product"}],"replies":[{"embeddable":true,"href":"https:\/\/blankpage.ee\/_ruumist-ruumi\/wp-json\/wp\/v2\/comments?post=148979"}],"wp:featuredmedia":[{"embeddable":true,"href":"https:\/\/blankpage.ee\/_ruumist-ruumi\/wp-json\/wp\/v2\/media\/165298"}],"wp:attachment":[{"href":"https:\/\/blankpage.ee\/_ruumist-ruumi\/wp-json\/wp\/v2\/media?parent=148979"}],"wp:term":[{"taxonomy":"product_brand","embeddable":true,"href":"https:\/\/blankpage.ee\/_ruumist-ruumi\/wp-json\/wp\/v2\/product_brand?post=148979"},{"taxonomy":"product_cat","embeddable":true,"href":"https:\/\/blankpage.ee\/_ruumist-ruumi\/wp-json\/wp\/v2\/product_cat?post=148979"},{"taxonomy":"product_tag","embeddable":true,"href":"https:\/\/blankpage.ee\/_ruumist-ruumi\/wp-json\/wp\/v2\/product_tag?post=148979"}],"curies":[{"name":"wp","href":"https:\/\/api.w.org\/{rel}","templated":true}]}}