{"id":148991,"date":"2025-03-06T08:49:37","date_gmt":"2025-03-06T08:49:37","guid":{"rendered":"https:\/\/ruumistruumi.ee\/pood\/poluestrist-istmepadi-aiatoolile-hall-1008-331\/"},"modified":"2025-08-14T11:14:01","modified_gmt":"2025-08-14T11:14:01","slug":"poluestrist-istmepadi-aiatoolile-hall-1008-331","status":"publish","type":"product","link":"https:\/\/blankpage.ee\/_ruumist-ruumi\/pood\/poluestrist-istmepadi-aiatoolile-hall-1008-331\/","title":{"rendered":"Pol\u00fcestrist istmepadi aiatoolile, hall, 1008-331"},"content":{"rendered":"<h3>Stiilne ja mugav istmepadi aiatoolile<\/h3>\n<p>Muuda oma aiatoolid veelgi mugavamaks selle kvaliteetse halli istmepadja abil. Pehme pol\u00fcestrist kate ja t\u00e4idis tagavad suurep\u00e4rase istumismugavuse, v\u00f5imaldades sul nautida sooje suvep\u00e4evi t\u00e4iel rinnal. Minimalistlik disain sobib suurep\u00e4raselt erinevate aiatoolide ja v\u00e4liruumi sisustusega.<\/p>\n<h3>Praktiline ja kindlalt paigal p\u00fcsiv<\/h3>\n<p>Selle istmepadja aiatoolile muudab eriti funktsionaalseks kinnitamiseks m\u00f5eldud paelad. Need aitavad padja kindlalt toolile kinnitada, v\u00e4ltides selle libisemist ja tagades maksimaalse kasutusmugavuse. T\u00e4nu vastupidavale materjalile on padi sobilik nii igap\u00e4evaseks kasutamiseks kui ka erilisemateks hetkedeks terrassil v\u00f5i aias.<\/p>\n<h3>Kvaliteetne materjal ja lihtne hooldus<\/h3>\n<p>Padja vastupidav pol\u00fcestrist kate on kergesti hooldatav ja kulumiskindel. Hall v\u00e4rvus on ajatu ning sobib erinevate aiatoolide ja v\u00e4liruumi sisekujundustega. Kui soovid oma aiam\u00f6\u00f6blile lisada nii stiili kui ka praktilisust, on see istmepadi aiatoolile suurep\u00e4rane valik.<\/p>\n","protected":false},"excerpt":{"rendered":"<p>Stiilne ja mugav istmepadi aiatoolile Muuda oma aiatoolid veelgi mugavamaks selle kvaliteetse halli istmepadja abil. Pehme pol\u00fcestrist kate ja t\u00e4idis tagavad suurep\u00e4rase istumismugavuse, v\u00f5imaldades sul nautida sooje suvep\u00e4evi t\u00e4iel rinnal. Minimalistlik disain sobib suurep\u00e4raselt erinevate aiatoolide ja v\u00e4liruumi sisustusega. Praktiline ja kindlalt paigal p\u00fcsiv Selle istmepadja aiatoolile muudab eriti funktsionaalseks kinnitamiseks m\u00f5eldud paelad. Need aitavad [&hellip;]<\/p>\n","protected":false},"featured_media":165307,"comment_status":"open","ping_status":"closed","template":"","meta":[],"product_brand":[1818],"product_cat":[1775],"product_tag":[],"class_list":{"0":"post-148991","1":"product","2":"type-product","3":"status-publish","4":"has-post-thumbnail","6":"product_brand-venture-design","7":"product_cat-istmepadjad-ja-pehmendused-aiatoolidele","8":"product_shipping_class-venture-design","9":"pa_kangas-100-poluester","10":"pa_kollektsioon-hanna","11":"pa_mootmed-5-x-116-x-46","12":"pa_pehmenduste-materjal-poluester","13":"pa_varv-hall","15":"first","16":"outofstock","17":"sale","18":"taxable","19":"shipping-taxable","20":"purchasable","21":"product-type-simple"},"_links":{"self":[{"href":"https:\/\/blankpage.ee\/_ruumist-ruumi\/wp-json\/wp\/v2\/product\/148991","targetHints":{"allow":["GET"]}}],"collection":[{"href":"https:\/\/blankpage.ee\/_ruumist-ruumi\/wp-json\/wp\/v2\/product"}],"about":[{"href":"https:\/\/blankpage.ee\/_ruumist-ruumi\/wp-json\/wp\/v2\/types\/product"}],"replies":[{"embeddable":true,"href":"https:\/\/blankpage.ee\/_ruumist-ruumi\/wp-json\/wp\/v2\/comments?post=148991"}],"wp:featuredmedia":[{"embeddable":true,"href":"https:\/\/blankpage.ee\/_ruumist-ruumi\/wp-json\/wp\/v2\/media\/165307"}],"wp:attachment":[{"href":"https:\/\/blankpage.ee\/_ruumist-ruumi\/wp-json\/wp\/v2\/media?parent=148991"}],"wp:term":[{"taxonomy":"product_brand","embeddable":true,"href":"https:\/\/blankpage.ee\/_ruumist-ruumi\/wp-json\/wp\/v2\/product_brand?post=148991"},{"taxonomy":"product_cat","embeddable":true,"href":"https:\/\/blankpage.ee\/_ruumist-ruumi\/wp-json\/wp\/v2\/product_cat?post=148991"},{"taxonomy":"product_tag","embeddable":true,"href":"https:\/\/blankpage.ee\/_ruumist-ruumi\/wp-json\/wp\/v2\/product_tag?post=148991"}],"curies":[{"name":"wp","href":"https:\/\/api.w.org\/{rel}","templated":true}]}}