{"id":148995,"date":"2025-03-06T08:49:37","date_gmt":"2025-03-06T08:49:37","guid":{"rendered":"https:\/\/ruumistruumi.ee\/pood\/poluestrist-istmepadi-must-1008-318\/"},"modified":"2025-08-21T00:43:01","modified_gmt":"2025-08-21T00:43:01","slug":"poluestrist-istmepadi-must-1008-318","status":"publish","type":"product","link":"https:\/\/blankpage.ee\/_ruumist-ruumi\/pood\/poluestrist-istmepadi-must-1008-318\/","title":{"rendered":"Pol\u00fcestrist istmepadi, must, 1008-318"},"content":{"rendered":"<h3>Stiilne ja mugav pol\u00fcestrist istmepadi<\/h3>\n<p>Muuda oma aiam\u00f6\u00f6bel veelgi mugavamaks selle <strong>musta pol\u00fcestrist istmepadjaga<\/strong>. T\u00e4nu klassikalisele disainile sobib see ideaalselt erinevate toolidega, pakkudes nii stiili kui ka praktilisust. Pehme polsterdus tagab meeldiva istumiskogemuse, v\u00f5imaldades sul t\u00e4ielikult nautida suviseid hetki oma terrassil v\u00f5i aias.<\/p>\n<h3>Kindel kinnitus ja praktiline disain<\/h3>\n<p>Padjal on vastupidavad kinnitusaasad, mis hoiavad selle kindlalt paigal ka tuulisema ilmaga. Nii ei pea sa muretsema, et istmepadi nihkub v\u00f5i libiseb. Must v\u00e4rvus on ajatu ning lihtsasti kombineeritav erinevate m\u00f6\u00f6blistiilidega, lisades su v\u00e4liruumile elegantse ilme.<\/p>\n<h3>Kvaliteetne ja vastupidav materjal<\/h3>\n<p>See <strong>pol\u00fcestrist istmepadi<\/strong> on valmistatud vastupidavast materjalist, mis sobib suurep\u00e4raselt v\u00e4listingimustesse. Pol\u00fcester on tuntud oma lihtsa hoolduse ja hea ilmastikukindluse poolest, mist\u00f5ttu on padi ideaalne valik nii terrassile, r\u00f5dule kui ka aeda.<\/p>\n<h3>Naudi suve t\u00e4iel rinnal<\/h3>\n<p>Olgu see hommikukohv p\u00e4ikesepaistel v\u00f5i \u00f5htune l\u00f5\u00f5gastumine v\u00e4rskes \u00f5hus \u2013 see mugav istmepadi pakub sulle alati pehmet tuge. Lisa oma aiam\u00f6\u00f6blile nii stiili kui ka funktsionaalsust ja loo endale ideaalne puhkenurk suve nautimiseks!<\/p>\n","protected":false},"excerpt":{"rendered":"<p>Stiilne ja mugav pol\u00fcestrist istmepadi Muuda oma aiam\u00f6\u00f6bel veelgi mugavamaks selle musta pol\u00fcestrist istmepadjaga. T\u00e4nu klassikalisele disainile sobib see ideaalselt erinevate toolidega, pakkudes nii stiili kui ka praktilisust. Pehme polsterdus tagab meeldiva istumiskogemuse, v\u00f5imaldades sul t\u00e4ielikult nautida suviseid hetki oma terrassil v\u00f5i aias. Kindel kinnitus ja praktiline disain Padjal on vastupidavad kinnitusaasad, mis hoiavad selle [&hellip;]<\/p>\n","protected":false},"featured_media":165304,"comment_status":"open","ping_status":"closed","template":"","meta":[],"product_brand":[1818],"product_cat":[1775],"product_tag":[],"class_list":{"0":"post-148995","1":"product","2":"type-product","3":"status-publish","4":"has-post-thumbnail","6":"product_brand-venture-design","7":"product_cat-istmepadjad-ja-pehmendused-aiatoolidele","8":"product_shipping_class-venture-design","9":"pa_kangas-100-poluester","10":"pa_kollektsioon-hanna","11":"pa_mootmed-5-x-116-x-46","12":"pa_pehmenduste-materjal-poluester","13":"pa_varv-must","15":"first","16":"instock","17":"sale","18":"taxable","19":"shipping-taxable","20":"purchasable","21":"product-type-simple"},"_links":{"self":[{"href":"https:\/\/blankpage.ee\/_ruumist-ruumi\/wp-json\/wp\/v2\/product\/148995","targetHints":{"allow":["GET"]}}],"collection":[{"href":"https:\/\/blankpage.ee\/_ruumist-ruumi\/wp-json\/wp\/v2\/product"}],"about":[{"href":"https:\/\/blankpage.ee\/_ruumist-ruumi\/wp-json\/wp\/v2\/types\/product"}],"replies":[{"embeddable":true,"href":"https:\/\/blankpage.ee\/_ruumist-ruumi\/wp-json\/wp\/v2\/comments?post=148995"}],"wp:featuredmedia":[{"embeddable":true,"href":"https:\/\/blankpage.ee\/_ruumist-ruumi\/wp-json\/wp\/v2\/media\/165304"}],"wp:attachment":[{"href":"https:\/\/blankpage.ee\/_ruumist-ruumi\/wp-json\/wp\/v2\/media?parent=148995"}],"wp:term":[{"taxonomy":"product_brand","embeddable":true,"href":"https:\/\/blankpage.ee\/_ruumist-ruumi\/wp-json\/wp\/v2\/product_brand?post=148995"},{"taxonomy":"product_cat","embeddable":true,"href":"https:\/\/blankpage.ee\/_ruumist-ruumi\/wp-json\/wp\/v2\/product_cat?post=148995"},{"taxonomy":"product_tag","embeddable":true,"href":"https:\/\/blankpage.ee\/_ruumist-ruumi\/wp-json\/wp\/v2\/product_tag?post=148995"}],"curies":[{"name":"wp","href":"https:\/\/api.w.org\/{rel}","templated":true}]}}