{"id":149035,"date":"2025-03-06T08:49:37","date_gmt":"2025-03-06T08:49:37","guid":{"rendered":"https:\/\/ruumistruumi.ee\/pood\/plastikust-hoiukast-aiapatjadele-london-naturaalne-7314-007\/"},"modified":"2025-08-14T11:14:08","modified_gmt":"2025-08-14T11:14:08","slug":"plastikust-hoiukast-aiapatjadele-london-naturaalne-7314-007","status":"publish","type":"product","link":"https:\/\/blankpage.ee\/_ruumist-ruumi\/pood\/plastikust-hoiukast-aiapatjadele-london-naturaalne-7314-007\/","title":{"rendered":"Plastikust hoiukast aiapatjadele London, naturaalne, 7314-007"},"content":{"rendered":"<h3>Praktiline plastikust hoiukast aiapatjadele<\/h3>\n<p>Hoia oma aiapadjad korras ja kaitstuna <strong>plastikust hoiukastis aiapatjadele London, naturaalne<\/strong>. See mahukas hoiukast aitab pikendada patjade eluiga, pakkudes neile turvalist hoiukohta nii terrassil, r\u00f5dul kui ka varjualuses. T\u00e4nu oma naturaalsele toonile sulandub see suurep\u00e4raselt igasse aeda v\u00f5i \u00f5uealale, lisades funktsionaalsust ja stiili.<\/p>\n<h3>Kvaliteetne ja ilmastikukindel materjal<\/h3>\n<p>Kast on valmistatud vastupidavast plastmaterjalist, mis talub h\u00e4sti p\u00f5hjamaist kliimat. <strong>UV-kindel pind<\/strong> hoiab \u00e4ra pleekimise, tagades, et hoiukast s\u00e4ilitab oma kauni v\u00e4limuse ka aastate jooksul. Kuigi materjal on ilmastikukindel, soovitame selle eluiga pikendada, hoides hoiukasti v\u00f5imalusel kuivas ja jahedas kohas v\u00f5i kasutades m\u00f6\u00f6blikaitset.<\/p>\n<h3>Ruumikas ja mitmek\u00fclgne hoiulahendus<\/h3>\n<p>See plastikust hoiukast pole m\u00f5eldud vaid aiapatjade hoiustamiseks \u2013 kasutage seda ka muude aiatarvikute, pleedide v\u00f5i laste m\u00e4nguasjade hoidmiseks. T\u00e4nu oma mahukale sisule mahutab kast k\u00f5ik vajalikud esemed, hoides teie \u00f5ueala korras ja organiseerituna.<\/p>\n<p>Kui otsite vastupidavat ja praktilist lahendust oma aiam\u00f6\u00f6bli patjade ja muude esemete hoiustamiseks, on <strong>plastikust hoiukast aiapatjadele London, naturaalne<\/strong> ideaalne valik.<\/p>\n","protected":false},"excerpt":{"rendered":"<p>Praktiline plastikust hoiukast aiapatjadele Hoia oma aiapadjad korras ja kaitstuna plastikust hoiukastis aiapatjadele London, naturaalne. See mahukas hoiukast aitab pikendada patjade eluiga, pakkudes neile turvalist hoiukohta nii terrassil, r\u00f5dul kui ka varjualuses. T\u00e4nu oma naturaalsele toonile sulandub see suurep\u00e4raselt igasse aeda v\u00f5i \u00f5uealale, lisades funktsionaalsust ja stiili. Kvaliteetne ja ilmastikukindel materjal Kast on valmistatud vastupidavast [&hellip;]<\/p>\n","protected":false},"featured_media":149036,"comment_status":"open","ping_status":"open","template":"","meta":[],"product_brand":[1818],"product_cat":[1778],"product_tag":[],"class_list":{"0":"post-149035","1":"product","2":"type-product","3":"status-publish","4":"has-post-thumbnail","6":"product_brand-venture-design","7":"product_cat-hoiukastid-istmepatjadele","8":"product_shipping_class-venture-design","9":"pa_jalgade-varv-naturaalne","10":"pa_kollektsioon-london","11":"pa_mootmed-60-x-60-x-130","12":"pa_varv-naturaalne","14":"first","15":"outofstock","16":"sale","17":"taxable","18":"shipping-taxable","19":"purchasable","20":"product-type-simple"},"_links":{"self":[{"href":"https:\/\/blankpage.ee\/_ruumist-ruumi\/wp-json\/wp\/v2\/product\/149035","targetHints":{"allow":["GET"]}}],"collection":[{"href":"https:\/\/blankpage.ee\/_ruumist-ruumi\/wp-json\/wp\/v2\/product"}],"about":[{"href":"https:\/\/blankpage.ee\/_ruumist-ruumi\/wp-json\/wp\/v2\/types\/product"}],"replies":[{"embeddable":true,"href":"https:\/\/blankpage.ee\/_ruumist-ruumi\/wp-json\/wp\/v2\/comments?post=149035"}],"wp:featuredmedia":[{"embeddable":true,"href":"https:\/\/blankpage.ee\/_ruumist-ruumi\/wp-json\/wp\/v2\/media\/149036"}],"wp:attachment":[{"href":"https:\/\/blankpage.ee\/_ruumist-ruumi\/wp-json\/wp\/v2\/media?parent=149035"}],"wp:term":[{"taxonomy":"product_brand","embeddable":true,"href":"https:\/\/blankpage.ee\/_ruumist-ruumi\/wp-json\/wp\/v2\/product_brand?post=149035"},{"taxonomy":"product_cat","embeddable":true,"href":"https:\/\/blankpage.ee\/_ruumist-ruumi\/wp-json\/wp\/v2\/product_cat?post=149035"},{"taxonomy":"product_tag","embeddable":true,"href":"https:\/\/blankpage.ee\/_ruumist-ruumi\/wp-json\/wp\/v2\/product_tag?post=149035"}],"curies":[{"name":"wp","href":"https:\/\/api.w.org\/{rel}","templated":true}]}}