{"id":149087,"date":"2025-03-06T08:55:59","date_gmt":"2025-03-06T08:55:59","guid":{"rendered":"https:\/\/ruumistruumi.ee\/pood\/poluesterkangast-vorkkiik-nino-must-hall-9545-555\/"},"modified":"2025-08-14T21:59:39","modified_gmt":"2025-08-14T21:59:39","slug":"poluesterkangast-vorkkiik-nino-must-hall-9545-555","status":"publish","type":"product","link":"https:\/\/blankpage.ee\/_ruumist-ruumi\/pood\/poluesterkangast-vorkkiik-nino-must-hall-9545-555\/","title":{"rendered":"Pol\u00fcesterkangast v\u00f5rkkiik Ni\u00f1o, must\/hall, 9545-555"},"content":{"rendered":"<h3>Pol\u00fcesterkangast v\u00f5rkkiik Ni\u00f1o \u2013 mugavus ja stiil \u00fches<\/h3>\n<p>Naudi l\u00f5\u00f5gastavaid hetki \u00f5ues koos <strong>pol\u00fcesterkangast v\u00f5rkkiigega Ni\u00f1o<\/strong>. See stiilne ja vastupidav v\u00f5rkkiik sobib ideaalselt suviseks puhkuseks \u2013 loe raamatut varjus, naudi p\u00e4ikesepaistet v\u00f5i lihtsalt hinga sisse v\u00e4rsket \u00f5hku. T\u00e4nu hallist pol\u00fcesterkangast valmistatud kiigeosale on see vastupidav ja sobib suurep\u00e4raselt v\u00e4litingimustesse.<\/p>\n<h3>Kvaliteetne materjal ja vastupidav konstruktsioon<\/h3>\n<p>Ni\u00f1o v\u00f5rkkiik on valmistatud tugevast ja ilmastikukindlast pol\u00fcesterkangast, mis talub nii p\u00e4ikesevalgust kui ka niiskust. Pol\u00fcester on mustuse- ja veekindel materjal, mist\u00f5ttu vajab see minimaalset hooldust. Kiige raam on valmistatud mustast metallist, pakkudes suurep\u00e4rast stabiilsust ja kandes suuremaid raskusi. T\u00e4nu sellele konstruktsioonile saad h\u00f5lpsalt kiike liigutada ja asetada see t\u00e4pselt sinna, kuhu soovid.<\/p>\n<h3>Lihtne hooldus ja pikaealisus<\/h3>\n<p>Pol\u00fcesterkangast v\u00f5rkkiik Ni\u00f1o on loodud kestma. Hooldamine on lihtne \u2013 plekid saab eemaldada \u00f5rna k\u00e4sipesuga ning kangas kuivab kiiresti tilgakuivatusmeetodil. Soovitame hoida kiike kuivas kohas, kui seda pikemat aega ei kasutata, et tagada veelgi pikem eluiga.<\/p>\n<h3>L\u00f5\u00f5gastu t\u00e4ielikult<\/h3>\n<p>Kui otsid stiilset ja mugavat lahendust oma aeda, terrassile v\u00f5i r\u00f5dule, on <strong>pol\u00fcesterkangast v\u00f5rkkiik Ni\u00f1o<\/strong> suurep\u00e4rane valik. Selle ajatu disain ja praktilisus muudavad su suvep\u00e4evad veelgi nauditavamaks. Luba endale hetk rahu ja naudi t\u00e4ielikku l\u00f5\u00f5gastust!<\/p>\n","protected":false},"excerpt":{"rendered":"<p>Pol\u00fcesterkangast v\u00f5rkkiik Ni\u00f1o \u2013 mugavus ja stiil \u00fches Naudi l\u00f5\u00f5gastavaid hetki \u00f5ues koos pol\u00fcesterkangast v\u00f5rkkiigega Ni\u00f1o. See stiilne ja vastupidav v\u00f5rkkiik sobib ideaalselt suviseks puhkuseks \u2013 loe raamatut varjus, naudi p\u00e4ikesepaistet v\u00f5i lihtsalt hinga sisse v\u00e4rsket \u00f5hku. T\u00e4nu hallist pol\u00fcesterkangast valmistatud kiigeosale on see vastupidav ja sobib suurep\u00e4raselt v\u00e4litingimustesse. Kvaliteetne materjal ja vastupidav konstruktsioon Ni\u00f1o [&hellip;]<\/p>\n","protected":false},"featured_media":165695,"comment_status":"open","ping_status":"open","template":"","meta":[],"product_brand":[1818],"product_cat":[1793],"product_tag":[],"class_list":{"0":"post-149087","1":"product","2":"type-product","3":"status-publish","4":"has-post-thumbnail","6":"product_brand-venture-design","7":"product_cat-vorkkiiged","8":"product_shipping_class-venture-design","9":"pa_istme-varvus-must","10":"pa_jalgade-varv-must","11":"pa_kangas-100-poluester","12":"pa_kollektsioon-nino","13":"pa_mootmed-104-x-305-x-115","14":"pa_varv-hall","15":"pa_varv-must","17":"first","18":"outofstock","19":"sale","20":"taxable","21":"shipping-taxable","22":"purchasable","23":"product-type-simple"},"_links":{"self":[{"href":"https:\/\/blankpage.ee\/_ruumist-ruumi\/wp-json\/wp\/v2\/product\/149087","targetHints":{"allow":["GET"]}}],"collection":[{"href":"https:\/\/blankpage.ee\/_ruumist-ruumi\/wp-json\/wp\/v2\/product"}],"about":[{"href":"https:\/\/blankpage.ee\/_ruumist-ruumi\/wp-json\/wp\/v2\/types\/product"}],"replies":[{"embeddable":true,"href":"https:\/\/blankpage.ee\/_ruumist-ruumi\/wp-json\/wp\/v2\/comments?post=149087"}],"wp:featuredmedia":[{"embeddable":true,"href":"https:\/\/blankpage.ee\/_ruumist-ruumi\/wp-json\/wp\/v2\/media\/165695"}],"wp:attachment":[{"href":"https:\/\/blankpage.ee\/_ruumist-ruumi\/wp-json\/wp\/v2\/media?parent=149087"}],"wp:term":[{"taxonomy":"product_brand","embeddable":true,"href":"https:\/\/blankpage.ee\/_ruumist-ruumi\/wp-json\/wp\/v2\/product_brand?post=149087"},{"taxonomy":"product_cat","embeddable":true,"href":"https:\/\/blankpage.ee\/_ruumist-ruumi\/wp-json\/wp\/v2\/product_cat?post=149087"},{"taxonomy":"product_tag","embeddable":true,"href":"https:\/\/blankpage.ee\/_ruumist-ruumi\/wp-json\/wp\/v2\/product_tag?post=149087"}],"curies":[{"name":"wp","href":"https:\/\/api.w.org\/{rel}","templated":true}]}}