{"id":149101,"date":"2025-03-06T08:55:59","date_gmt":"2025-03-06T08:55:59","guid":{"rendered":"https:\/\/ruumistruumi.ee\/pood\/alumiiniumist-aiakiik-montreal-must-1017-408\/"},"modified":"2025-08-19T22:02:52","modified_gmt":"2025-08-19T22:02:52","slug":"alumiiniumist-aiakiik-montreal-must-1017-408","status":"publish","type":"product","link":"https:\/\/blankpage.ee\/_ruumist-ruumi\/pood\/alumiiniumist-aiakiik-montreal-must-1017-408\/","title":{"rendered":"Alumiiniumist aiakiik Montreal, must, 1017-408"},"content":{"rendered":"<h3>Stiilne ja vastupidav alumiiniumist aiakiik Montreal<\/h3>\n<p><strong>Alumiiniumist aiakiik Montreal<\/strong> on ideaalne valik neile, kes soovivad oma aeda v\u00f5i terrassi lisada nii mugavust kui ka elegantsi. Selle ajatu must v\u00e4rv ja modernne disain sobivad suurep\u00e4raselt igasse \u00f5uekeskkonda. T\u00e4nu vastupidavale alumiiniumraamile ja PVC-t\u00f6\u00f6deldud pol\u00fcesterkattele on see aiakiik ilmastikukindel ja pikaealine.<\/p>\n<h3>Mugavus ja funktsionaalsus \u00fches<\/h3>\n<p>Kolmekohaline aiakiik pakub suurep\u00e4rast v\u00f5imalust l\u00f5\u00f5gastumiseks \u2013 olgu see siis hommikune kohvipaus v\u00f5i \u00f5htune puhkus p\u00e4rast pikka p\u00e4eva. Reguleeritav katus v\u00f5imaldab valida, kas soovite istuda varjus v\u00f5i nautida p\u00e4ikesepaistet. T\u00e4nu nutikale disainile saate alati kohandada varjuasendit vastavalt oma eelistustele.<\/p>\n<h3>Lihtne hooldus ja ilmastikukindlad materjalid<\/h3>\n<p>Aiakiik on valmistatud ilmastikukindlatest materjalidest, mis tagavad selle pikaealisuse. Alumiiniumraam on korrosioonikindel, samas kui PVC-t\u00f6\u00f6deldud pol\u00fcesterkate hoiab \u00e4ra niiskuskahjustused ja UV-kiirguse pleegitava m\u00f5ju. Regulaarseks puhastamiseks piisab niiskest lapist ja pehmest seebilahusest. Tugevama mustuse korral v\u00f5ib kasutada aiahoolduseks m\u00f5eldud voolikut v\u00f5i pehmet harja.<\/p>\n<h3>Naudi suve t\u00e4iel rinnal<\/h3>\n<p>Kas otsid kohta, kus l\u00f5\u00f5gastuda ja nautida sooje p\u00e4evi? <strong>Alumiiniumist aiakiik Montreal<\/strong> v\u00f5imaldab sul veeta rahulikke hetki oma aias, terrassil v\u00f5i r\u00f5dul. V\u00f5ta kaasa hea raamat, naudi v\u00e4rsket \u00f5hku ja unusta argimured \u2013 see aiakiik tagab sulle maksimaalse mugavuse ja stiili.<\/p>\n","protected":false},"excerpt":{"rendered":"<p>Stiilne ja vastupidav alumiiniumist aiakiik Montreal Alumiiniumist aiakiik Montreal on ideaalne valik neile, kes soovivad oma aeda v\u00f5i terrassi lisada nii mugavust kui ka elegantsi. Selle ajatu must v\u00e4rv ja modernne disain sobivad suurep\u00e4raselt igasse \u00f5uekeskkonda. T\u00e4nu vastupidavale alumiiniumraamile ja PVC-t\u00f6\u00f6deldud pol\u00fcesterkattele on see aiakiik ilmastikukindel ja pikaealine. Mugavus ja funktsionaalsus \u00fches Kolmekohaline aiakiik pakub [&hellip;]<\/p>\n","protected":false},"featured_media":165481,"comment_status":"open","ping_status":"open","template":"","meta":[],"product_brand":[1818],"product_cat":[1802],"product_tag":[],"class_list":{"0":"post-149101","1":"product","2":"type-product","3":"status-publish","4":"has-post-thumbnail","6":"product_brand-venture-design","7":"product_cat-aiakiiged","8":"product_shipping_class-venture-design","9":"pa_jalgade-varv-must","10":"pa_kangas-50-pvc-50-poluester","11":"pa_kollektsioon-montreal","12":"pa_mootmed-130-x-163-x-204","13":"pa_varv-must","15":"first","16":"instock","17":"sale","18":"taxable","19":"shipping-taxable","20":"purchasable","21":"product-type-simple"},"_links":{"self":[{"href":"https:\/\/blankpage.ee\/_ruumist-ruumi\/wp-json\/wp\/v2\/product\/149101","targetHints":{"allow":["GET"]}}],"collection":[{"href":"https:\/\/blankpage.ee\/_ruumist-ruumi\/wp-json\/wp\/v2\/product"}],"about":[{"href":"https:\/\/blankpage.ee\/_ruumist-ruumi\/wp-json\/wp\/v2\/types\/product"}],"replies":[{"embeddable":true,"href":"https:\/\/blankpage.ee\/_ruumist-ruumi\/wp-json\/wp\/v2\/comments?post=149101"}],"wp:featuredmedia":[{"embeddable":true,"href":"https:\/\/blankpage.ee\/_ruumist-ruumi\/wp-json\/wp\/v2\/media\/165481"}],"wp:attachment":[{"href":"https:\/\/blankpage.ee\/_ruumist-ruumi\/wp-json\/wp\/v2\/media?parent=149101"}],"wp:term":[{"taxonomy":"product_brand","embeddable":true,"href":"https:\/\/blankpage.ee\/_ruumist-ruumi\/wp-json\/wp\/v2\/product_brand?post=149101"},{"taxonomy":"product_cat","embeddable":true,"href":"https:\/\/blankpage.ee\/_ruumist-ruumi\/wp-json\/wp\/v2\/product_cat?post=149101"},{"taxonomy":"product_tag","embeddable":true,"href":"https:\/\/blankpage.ee\/_ruumist-ruumi\/wp-json\/wp\/v2\/product_tag?post=149101"}],"curies":[{"name":"wp","href":"https:\/\/api.w.org\/{rel}","templated":true}]}}