{"id":149124,"date":"2025-03-06T08:55:59","date_gmt":"2025-03-06T08:55:59","guid":{"rendered":"https:\/\/ruumistruumi.ee\/pood\/metallist-terrassisoojendaja-hottie-must-hobedane-9349-112\/"},"modified":"2025-08-20T11:22:12","modified_gmt":"2025-08-20T11:22:12","slug":"metallist-terrassisoojendaja-hottie-must-hobedane-9349-112","status":"publish","type":"product","link":"https:\/\/blankpage.ee\/_ruumist-ruumi\/pood\/metallist-terrassisoojendaja-hottie-must-hobedane-9349-112\/","title":{"rendered":"Metallist terrassisoojendaja Hottie, must\/h\u00f5bedane, 9349-112"},"content":{"rendered":"<h3>Metallist terrassisoojendaja Hottie \u2013 naudi soojust igal \u00f5htul<\/h3>\n<p>Too oma terrassile hubasust ja soojust <strong>metallist terrassisoojendajaga Hottie<\/strong>. See stiilne ning vastupidav soojendi pakub meeldivat soojust isegi jahedamatel suve\u00f5htutel, v\u00f5imaldades sul nautida v\u00e4rsket \u00f5hku ilma k\u00fclma tundmata. T\u00e4nu oma p\u00f5randal seisvale disainile saad selle paigutada paindlikult vastavalt oma vajadustele.<\/p>\n<h3>Stiilne ja vastupidav metallkorpus<\/h3>\n<p>Terrassisoojendaja on valmistatud kvaliteetsest metallist, mis tagab selle vastupidavuse ja pikaealisuse. Musta ja h\u00f5bedase v\u00e4rvikombinatsiooniga disain sobib suurep\u00e4raselt igasse \u00f5uekeskkonda, lisades modernset ja elegantset ilmet. Olgu see r\u00f5du, terrass v\u00f5i aianurk \u2013 see soojendi t\u00e4iustab sinu v\u00e4liruumide atmosf\u00e4\u00e4ri nii esteetiliselt kui ka praktiliselt.<\/p>\n<h3>Ohutu ja lihtne kasutada<\/h3>\n<p>Et tagada maksimaalne ohutus, tuleb <strong>metallist terrassisoojendaja<\/strong> paigutada v\u00e4hemalt \u00fche meetri kaugusele seintest ja laest. Kui seadet parasjagu ei kasutata, on soovitatav hoida seda siseruumides v\u00f5i katte all, et kaitsta seda ilmastikum\u00f5jude eest ja pikendada selle eluiga.<\/p>\n<h3>Ideaalne lisa sinu \u00f5uealale<\/h3>\n<p>Kui otsid usaldusv\u00e4\u00e4rset lahendust, mis muudab su terrassi v\u00f5i r\u00f5du aastaringselt kasutatavaks, siis on <strong>metallist terrassisoojendaja Hottie<\/strong> suurep\u00e4rane valik. Selle vastupidav konstruktsioon, stiilne disain ja lihtne kasutus muudavad selle ideaalseks kaaslaseks igale \u00f5htusele v\u00e4ljasviibimisele.<\/p>\n","protected":false},"excerpt":{"rendered":"<p>Metallist terrassisoojendaja Hottie \u2013 naudi soojust igal \u00f5htul Too oma terrassile hubasust ja soojust metallist terrassisoojendajaga Hottie. See stiilne ning vastupidav soojendi pakub meeldivat soojust isegi jahedamatel suve\u00f5htutel, v\u00f5imaldades sul nautida v\u00e4rsket \u00f5hku ilma k\u00fclma tundmata. T\u00e4nu oma p\u00f5randal seisvale disainile saad selle paigutada paindlikult vastavalt oma vajadustele. Stiilne ja vastupidav metallkorpus Terrassisoojendaja on valmistatud [&hellip;]<\/p>\n","protected":false},"featured_media":149125,"comment_status":"open","ping_status":"open","template":"","meta":[],"product_brand":[1818],"product_cat":[1594],"product_tag":[],"class_list":{"0":"post-149124","1":"product","2":"type-product","3":"status-publish","4":"has-post-thumbnail","6":"product_brand-venture-design","7":"product_cat-aed-ja-terrass","8":"product_shipping_class-venture-design","9":"pa_kollektsioon-hottie","10":"pa_mootmed-82-x-225-x-815","11":"pa_varv-hobedane","12":"pa_varv-must","14":"first","15":"instock","16":"sale","17":"taxable","18":"shipping-taxable","19":"purchasable","20":"product-type-simple"},"_links":{"self":[{"href":"https:\/\/blankpage.ee\/_ruumist-ruumi\/wp-json\/wp\/v2\/product\/149124","targetHints":{"allow":["GET"]}}],"collection":[{"href":"https:\/\/blankpage.ee\/_ruumist-ruumi\/wp-json\/wp\/v2\/product"}],"about":[{"href":"https:\/\/blankpage.ee\/_ruumist-ruumi\/wp-json\/wp\/v2\/types\/product"}],"replies":[{"embeddable":true,"href":"https:\/\/blankpage.ee\/_ruumist-ruumi\/wp-json\/wp\/v2\/comments?post=149124"}],"wp:featuredmedia":[{"embeddable":true,"href":"https:\/\/blankpage.ee\/_ruumist-ruumi\/wp-json\/wp\/v2\/media\/149125"}],"wp:attachment":[{"href":"https:\/\/blankpage.ee\/_ruumist-ruumi\/wp-json\/wp\/v2\/media?parent=149124"}],"wp:term":[{"taxonomy":"product_brand","embeddable":true,"href":"https:\/\/blankpage.ee\/_ruumist-ruumi\/wp-json\/wp\/v2\/product_brand?post=149124"},{"taxonomy":"product_cat","embeddable":true,"href":"https:\/\/blankpage.ee\/_ruumist-ruumi\/wp-json\/wp\/v2\/product_cat?post=149124"},{"taxonomy":"product_tag","embeddable":true,"href":"https:\/\/blankpage.ee\/_ruumist-ruumi\/wp-json\/wp\/v2\/product_tag?post=149124"}],"curies":[{"name":"wp","href":"https:\/\/api.w.org\/{rel}","templated":true}]}}