{"id":149186,"date":"2025-03-06T08:55:59","date_gmt":"2025-03-06T08:55:59","guid":{"rendered":"https:\/\/ruumistruumi.ee\/pood\/teraskorstnaga-lokkease-bastian-must-9345-112\/"},"modified":"2025-08-16T00:51:34","modified_gmt":"2025-08-16T00:51:34","slug":"teraskorstnaga-lokkease-bastian-must-9345-112","status":"publish","type":"product","link":"https:\/\/blankpage.ee\/_ruumist-ruumi\/pood\/teraskorstnaga-lokkease-bastian-must-9345-112\/","title":{"rendered":"Teraskorstnaga l\u00f5kkease Bastian, must, 9345-112"},"content":{"rendered":"<h3>Teraskorstnaga l\u00f5kkease Bastian \u2013 stiilne ja praktiline valik<\/h3>\n<p>Loo oma terrassile hubane \u00f5hkkond <strong>teraskorstnaga l\u00f5kkease Bastian<\/strong> abil. Selle modernne ja stiilne disain sobib suurep\u00e4raselt igasse \u00f5uekeskkonda. Ruudukujuline korpus aheneb sujuvalt \u00fclespoole, andes l\u00f5kkeasemele elegantse ilme. Musta v\u00e4rvi metallist valmistatud korpus on vastupidav ning talub h\u00e4sti kuumust.<\/p>\n<h3>Hubasus igal aastaajal<\/h3>\n<p>See l\u00f5kkease on ideaalne kaaslane jahedateks suve\u00f5htuteks varakevadel ja hiliss\u00fcgisel. T\u00e4nu kahele erineval tasandil asuvale avausele saad nautida soojust ja elavat tuld, samal ajal kui leek pakub kaunilt tantsivaid varje. Lisaks loob <strong>teraskorstnaga l\u00f5kkease<\/strong> m\u00f5nusa atmosf\u00e4\u00e4ri ning muudab aiapeod ja l\u00f5\u00f5gastumishetked veelgi nauditavamaks.<\/p>\n<h3>Turvalisus ja hooldus<\/h3>\n<p>Kuigi l\u00f5kkease on valmistatud kuumuskindlast metallist, on oluline j\u00e4rgida ohutusn\u00f5udeid. Soovitame asetada selle alla kaitseplaadi, et v\u00e4ltida pinna kahjustumist. Samuti tuleks hoida lapsed ja lemmikloomad ohutus kauguses ning mitte kustutada tuld veega, kuna see v\u00f5ib kahjustada materjali. Pange t\u00e4hele, et l\u00f5kkease ei ole veekindel, mist\u00f5ttu tuleks seda kaitsta niiskuse eest.<\/p>\n<p>Naudi soojust ja \u00f5dusust oma terrassil v\u00f5i aias \u2013 vali <strong>teraskorstnaga l\u00f5kkease Bastian<\/strong> ning loo unustamatuid hetki koos pere ja s\u00f5pradega!<\/p>\n","protected":false},"excerpt":{"rendered":"<p>Teraskorstnaga l\u00f5kkease Bastian \u2013 stiilne ja praktiline valik Loo oma terrassile hubane \u00f5hkkond teraskorstnaga l\u00f5kkease Bastian abil. Selle modernne ja stiilne disain sobib suurep\u00e4raselt igasse \u00f5uekeskkonda. Ruudukujuline korpus aheneb sujuvalt \u00fclespoole, andes l\u00f5kkeasemele elegantse ilme. Musta v\u00e4rvi metallist valmistatud korpus on vastupidav ning talub h\u00e4sti kuumust. Hubasus igal aastaajal See l\u00f5kkease on ideaalne kaaslane jahedateks [&hellip;]<\/p>\n","protected":false},"featured_media":149187,"comment_status":"open","ping_status":"open","template":"","meta":[],"product_brand":[1818],"product_cat":[1785],"product_tag":[],"class_list":{"0":"post-149186","1":"product","2":"type-product","3":"status-publish","4":"has-post-thumbnail","6":"product_brand-venture-design","7":"product_cat-lokke-ja-tuleasemed","8":"product_shipping_class-venture-design","9":"pa_kollektsioon-bastian","10":"pa_mootmed-40-x-40-x-120","11":"pa_varv-must","13":"first","14":"instock","15":"sale","16":"taxable","17":"shipping-taxable","18":"purchasable","19":"product-type-simple"},"_links":{"self":[{"href":"https:\/\/blankpage.ee\/_ruumist-ruumi\/wp-json\/wp\/v2\/product\/149186","targetHints":{"allow":["GET"]}}],"collection":[{"href":"https:\/\/blankpage.ee\/_ruumist-ruumi\/wp-json\/wp\/v2\/product"}],"about":[{"href":"https:\/\/blankpage.ee\/_ruumist-ruumi\/wp-json\/wp\/v2\/types\/product"}],"replies":[{"embeddable":true,"href":"https:\/\/blankpage.ee\/_ruumist-ruumi\/wp-json\/wp\/v2\/comments?post=149186"}],"wp:featuredmedia":[{"embeddable":true,"href":"https:\/\/blankpage.ee\/_ruumist-ruumi\/wp-json\/wp\/v2\/media\/149187"}],"wp:attachment":[{"href":"https:\/\/blankpage.ee\/_ruumist-ruumi\/wp-json\/wp\/v2\/media?parent=149186"}],"wp:term":[{"taxonomy":"product_brand","embeddable":true,"href":"https:\/\/blankpage.ee\/_ruumist-ruumi\/wp-json\/wp\/v2\/product_brand?post=149186"},{"taxonomy":"product_cat","embeddable":true,"href":"https:\/\/blankpage.ee\/_ruumist-ruumi\/wp-json\/wp\/v2\/product_cat?post=149186"},{"taxonomy":"product_tag","embeddable":true,"href":"https:\/\/blankpage.ee\/_ruumist-ruumi\/wp-json\/wp\/v2\/product_tag?post=149186"}],"curies":[{"name":"wp","href":"https:\/\/api.w.org\/{rel}","templated":true}]}}