{"id":149203,"date":"2025-03-06T08:55:59","date_gmt":"2025-03-06T08:55:59","guid":{"rendered":"https:\/\/ruumistruumi.ee\/pood\/puidust-vorkkiik-hedvig-naturaalne-valge-7216-339l\/"},"modified":"2025-08-21T00:43:00","modified_gmt":"2025-08-21T00:43:00","slug":"puidust-vorkkiik-hedvig-naturaalne-valge-7216-339l","status":"publish","type":"product","link":"https:\/\/blankpage.ee\/_ruumist-ruumi\/pood\/puidust-vorkkiik-hedvig-naturaalne-valge-7216-339l\/","title":{"rendered":"Puidust v\u00f5rkkiik Hedvig, naturaalne\/valge, 7216-339L"},"content":{"rendered":"<h3>Luksuslik puidust v\u00f5rkkiik Hedvig \u2013 ideaalne l\u00f5\u00f5gastumiseks<\/h3>\n<p>Naudi suve t\u00e4iel rinnal, lebades mugavalt <strong>puidust v\u00f5rkkiiges Hedvig<\/strong>. Selle elegantne disain ja kvaliteetsed materjalid loovad t\u00e4iusliku koha l\u00f5\u00f5gastumiseks nii aias kui ka terrassil. Vastupidav puidust raam tagab stabiilsuse ja lisab v\u00f5rkkiigele ajatu ilu, samas kui kreemikasvalge pol\u00fcestrist lamamismatt lisab stiili ja pehmust.<\/p>\n<h3>Kvaliteetsed materjalid ja mugav disain<\/h3>\n<p>V\u00f5rkkiige raam on valmistatud tugevast ja vastupidavast naturaalsest puidust, mis annab sellele loodusl\u00e4hedase ja eksklusiivse ilme. Pehme lamamismatt on valmistatud <strong>pol\u00fcestri ja puuvilla<\/strong> segust, mis tagab vastupidavuse ja mugavuse. T\u00e4nu oma disainile sobib Hedvig ideaalselt igasse \u00f5uekeskkonda, pakkudes stiilset ja funktsionaalset lahendust l\u00f5\u00f5gastumiseks.<\/p>\n<h3>Hooldus ja vastupidavus<\/h3>\n<p>Pol\u00fcester on mustust ja vett h\u00fclgav materjal, mist\u00f5ttu on seda lihtne hooldada. Soovitame puhastada kangast \u00f5rna k\u00e4sipesu ja n\u00f5rgas \u00f5hus kuivatamise meetodil. Puidust raam vajab aeg-ajalt hooldust, et s\u00e4ilitada oma kaunis v\u00e4limus ja vastupidavus \u2013 puhasta pind, lase kuivada ja vajadusel lihvi v\u00e4ikseid kahjustusi. Seej\u00e4rel kanna peale puidu\u00f5li, mis kaitseb niiskuse ja pragunemise eest. \u00d5litamine tuleks teha varjus, et \u00f5li j\u00f5uaks puidu sisse imenduda enne kuivamist.<\/p>\n<h3>Miks valida puidust v\u00f5rkkiik Hedvig?<\/h3>\n<ul>\n<li>Elegantne ja vastupidav naturaalsest puidust raam<\/li>\n<li>Stiilne ja mugav pol\u00fcestrist lamamismatt<\/li>\n<li>Lihtne hooldada ja vastupidav ilmastikutingimustele<\/li>\n<li>Ideaalne nii aeda, terrassile kui ka suvekodusse<\/li>\n<\/ul>\n<p>Lisa oma v\u00e4liruumile luksuslik puudutus ja loo endale t\u00e4iuslik puhkenurk <strong>puidust v\u00f5rkkiigega Hedvig<\/strong>. Tellides selle kauni m\u00f6\u00f6blieseme, saad nautida suviseid p\u00e4evi t\u00e4iuslikus mugavuses.<\/p>\n","protected":false},"excerpt":{"rendered":"<p>Luksuslik puidust v\u00f5rkkiik Hedvig \u2013 ideaalne l\u00f5\u00f5gastumiseks Naudi suve t\u00e4iel rinnal, lebades mugavalt puidust v\u00f5rkkiiges Hedvig. Selle elegantne disain ja kvaliteetsed materjalid loovad t\u00e4iusliku koha l\u00f5\u00f5gastumiseks nii aias kui ka terrassil. Vastupidav puidust raam tagab stabiilsuse ja lisab v\u00f5rkkiigele ajatu ilu, samas kui kreemikasvalge pol\u00fcestrist lamamismatt lisab stiili ja pehmust. Kvaliteetsed materjalid ja mugav disain [&hellip;]<\/p>\n","protected":false},"featured_media":165665,"comment_status":"open","ping_status":"closed","template":"","meta":[],"product_brand":[1818],"product_cat":[1793],"product_tag":[],"class_list":{"0":"post-149203","1":"product","2":"type-product","3":"status-publish","4":"has-post-thumbnail","6":"product_brand-venture-design","7":"product_cat-vorkkiiged","8":"product_shipping_class-venture-design","9":"pa_istme-materjal-poluester","10":"pa_istme-materjal-puuvill","11":"pa_istme-varvus-valge","12":"pa_jalgade-varv-naturaalne","13":"pa_kangas-80-puuvill-20-poluester","14":"pa_kollektsioon-hedvig","15":"pa_mootmed-115-x-120-x-315","16":"pa_pehmenduste-materjal-poluester","17":"pa_pehmenduste-materjal-puuvill","18":"pa_varv-naturaalne","19":"pa_varv-valge","21":"first","22":"outofstock","23":"sale","24":"taxable","25":"shipping-taxable","26":"purchasable","27":"product-type-simple"},"_links":{"self":[{"href":"https:\/\/blankpage.ee\/_ruumist-ruumi\/wp-json\/wp\/v2\/product\/149203","targetHints":{"allow":["GET"]}}],"collection":[{"href":"https:\/\/blankpage.ee\/_ruumist-ruumi\/wp-json\/wp\/v2\/product"}],"about":[{"href":"https:\/\/blankpage.ee\/_ruumist-ruumi\/wp-json\/wp\/v2\/types\/product"}],"replies":[{"embeddable":true,"href":"https:\/\/blankpage.ee\/_ruumist-ruumi\/wp-json\/wp\/v2\/comments?post=149203"}],"wp:featuredmedia":[{"embeddable":true,"href":"https:\/\/blankpage.ee\/_ruumist-ruumi\/wp-json\/wp\/v2\/media\/165665"}],"wp:attachment":[{"href":"https:\/\/blankpage.ee\/_ruumist-ruumi\/wp-json\/wp\/v2\/media?parent=149203"}],"wp:term":[{"taxonomy":"product_brand","embeddable":true,"href":"https:\/\/blankpage.ee\/_ruumist-ruumi\/wp-json\/wp\/v2\/product_brand?post=149203"},{"taxonomy":"product_cat","embeddable":true,"href":"https:\/\/blankpage.ee\/_ruumist-ruumi\/wp-json\/wp\/v2\/product_cat?post=149203"},{"taxonomy":"product_tag","embeddable":true,"href":"https:\/\/blankpage.ee\/_ruumist-ruumi\/wp-json\/wp\/v2\/product_tag?post=149203"}],"curies":[{"name":"wp","href":"https:\/\/api.w.org\/{rel}","templated":true}]}}