{"id":149227,"date":"2025-03-06T09:05:38","date_gmt":"2025-03-06T09:05:38","guid":{"rendered":"https:\/\/ruumistruumi.ee\/pood\/rotangist-lamamistool-london-naturaalne-9262-007\/"},"modified":"2025-08-14T11:13:02","modified_gmt":"2025-08-14T11:13:02","slug":"rotangist-lamamistool-london-naturaalne-9262-007","status":"publish","type":"product","link":"https:\/\/blankpage.ee\/_ruumist-ruumi\/pood\/rotangist-lamamistool-london-naturaalne-9262-007\/","title":{"rendered":"Rotangist lamamistool London, naturaalne, 9262-007"},"content":{"rendered":"<h3>Loo oma terrassile luksuslik puhkenurk<\/h3>\n<p>Naudi sooje suvep\u00e4evi mugavalt <strong>rotangist lamamistoolil London<\/strong>. Selle stiilne disain ja praktilised omadused teevad sellest ideaalse m\u00f6\u00f6blieseme nii p\u00e4ikese k\u00e4es l\u00f5\u00f5gastumiseks kui ka raamatu lugemiseks. Lamamistool on valmistatud vastupidavast kunstrotangist ning selle loomulik v\u00e4rvitoon lisab aeda v\u00f5i terrassile elegantset h\u00f5ngu. Pehme valge padi tagab maksimaalse mugavuse, samas kui rataste ja reguleeritava seljatoega saad h\u00f5lpsasti leida endale sobiva asendi.<\/p>\n<h3>Kvaliteetne ja ilmastikukindel materjal<\/h3>\n<p>See lamamistool on valmistatud UV-kindlast kunstrotangist, mis talub nii p\u00e4ikest kui ka vihma. Tugev materjal ei pleegi ega kaota oma kaunist v\u00e4limust aastate jooksul. Pehmendus on kaetud vastupidava <strong>pol\u00fcesterkangaga<\/strong>, mis on lihtsasti hooldatav ja sobib suurep\u00e4raselt v\u00e4litingimustesse.<\/p>\n<h3>Hooldussoovitused<\/h3>\n<p>Kuigi kunstrotang on ilmastikukindel, soovitame m\u00f6\u00f6blit kaitsta kattega v\u00f5i hoida seda kuivas ja jahedas, et pikendada selle eluiga. Pehmendused on soovitatav p\u00e4rast kasutamist siseruumidesse viia, et s\u00e4ilitada nende v\u00e4rskus ja kvaliteet.<\/p>\n<p>Kui otsid stiilset ja mugavat lahendust p\u00e4ikese nautimiseks, siis <strong>rotangist lamamistool London<\/strong> on ideaalne valik sinu terrassile v\u00f5i aeda.<\/p>\n","protected":false},"excerpt":{"rendered":"<p>Loo oma terrassile luksuslik puhkenurk Naudi sooje suvep\u00e4evi mugavalt rotangist lamamistoolil London. Selle stiilne disain ja praktilised omadused teevad sellest ideaalse m\u00f6\u00f6blieseme nii p\u00e4ikese k\u00e4es l\u00f5\u00f5gastumiseks kui ka raamatu lugemiseks. Lamamistool on valmistatud vastupidavast kunstrotangist ning selle loomulik v\u00e4rvitoon lisab aeda v\u00f5i terrassile elegantset h\u00f5ngu. Pehme valge padi tagab maksimaalse mugavuse, samas kui rataste ja [&hellip;]<\/p>\n","protected":false},"featured_media":161299,"comment_status":"open","ping_status":"open","template":"","meta":[],"product_brand":[1818],"product_cat":[1688],"product_tag":[],"class_list":{"0":"post-149227","1":"product","2":"type-product","3":"status-publish","4":"has-post-thumbnail","6":"product_brand-venture-design","7":"product_cat-lamamistoolid-ja-paevitustoolid","8":"product_shipping_class-venture-design","9":"pa_istme-materjal-poluester","10":"pa_istme-varvus-beez","11":"pa_jalgade-varv-naturaalne","12":"pa_kangas-100-poluester","13":"pa_kollektsioon-london","14":"pa_mootmed-196-x-32-x-60","15":"pa_pehmenduste-materjal-poluester","16":"pa_varv-naturaalne","18":"first","19":"instock","20":"sale","21":"taxable","22":"shipping-taxable","23":"purchasable","24":"product-type-simple"},"_links":{"self":[{"href":"https:\/\/blankpage.ee\/_ruumist-ruumi\/wp-json\/wp\/v2\/product\/149227","targetHints":{"allow":["GET"]}}],"collection":[{"href":"https:\/\/blankpage.ee\/_ruumist-ruumi\/wp-json\/wp\/v2\/product"}],"about":[{"href":"https:\/\/blankpage.ee\/_ruumist-ruumi\/wp-json\/wp\/v2\/types\/product"}],"replies":[{"embeddable":true,"href":"https:\/\/blankpage.ee\/_ruumist-ruumi\/wp-json\/wp\/v2\/comments?post=149227"}],"wp:featuredmedia":[{"embeddable":true,"href":"https:\/\/blankpage.ee\/_ruumist-ruumi\/wp-json\/wp\/v2\/media\/161299"}],"wp:attachment":[{"href":"https:\/\/blankpage.ee\/_ruumist-ruumi\/wp-json\/wp\/v2\/media?parent=149227"}],"wp:term":[{"taxonomy":"product_brand","embeddable":true,"href":"https:\/\/blankpage.ee\/_ruumist-ruumi\/wp-json\/wp\/v2\/product_brand?post=149227"},{"taxonomy":"product_cat","embeddable":true,"href":"https:\/\/blankpage.ee\/_ruumist-ruumi\/wp-json\/wp\/v2\/product_cat?post=149227"},{"taxonomy":"product_tag","embeddable":true,"href":"https:\/\/blankpage.ee\/_ruumist-ruumi\/wp-json\/wp\/v2\/product_tag?post=149227"}],"curies":[{"name":"wp","href":"https:\/\/api.w.org\/{rel}","templated":true}]}}