{"id":149252,"date":"2025-03-06T09:05:38","date_gmt":"2025-03-06T09:05:38","guid":{"rendered":"https:\/\/ruumistruumi.ee\/pood\/rotangist-lamamistool-london-must-9262-001\/"},"modified":"2025-08-14T11:13:04","modified_gmt":"2025-08-14T11:13:04","slug":"rotangist-lamamistool-london-must-9262-001","status":"publish","type":"product","link":"https:\/\/blankpage.ee\/_ruumist-ruumi\/pood\/rotangist-lamamistool-london-must-9262-001\/","title":{"rendered":"Rotangist lamamistool London, must, 9262-001"},"content":{"rendered":"<h3>Stiilne ja mugav rotangist lamamistool London<\/h3>\n<p><strong>Must rotangist lamamistool London<\/strong> on ideaalne valik neile, kes soovivad oma terrassile v\u00f5i aeda lisada nii elegantsi kui ka mugavust. Selle kaasaegne ja pilkup\u00fc\u00fcdev disain loob hubase \u00f5hkkonna, kus saad l\u00f5\u00f5gastuda ja p\u00e4ikest nautida. T\u00e4nu praktilistele ratastele on lamamistooli lihtne soovitud asukohta liigutada ning reguleeritav seljatugi v\u00f5imaldab leida just sinu jaoks parima puhkeasendi.<\/p>\n<h3>Kvaliteetne ja ilmastikukindel materjal<\/h3>\n<p>Lamamistool on valmistatud vastupidavast <strong>tehisrotangist<\/strong>, mis on spetsiaalselt loodud v\u00e4listingimustes kasutamiseks. See materjal on UV-kindel ning talub edukalt nii vihma kui ka tuult, s\u00e4ilitades oma kauni v\u00e4limuse aastateks. Musta v\u00e4rvi punutis annab lamamistoolile ajatu v\u00e4limuse, mis sobib suurep\u00e4raselt erinevate aiam\u00f6\u00f6blikomplektidega.<\/p>\n<h3>Maksimaalne mugavus ja lihtne hooldus<\/h3>\n<p>Komplektis on ka <strong>hall pehmendusega istepadi<\/strong>, mis lisab lamamistoolile veelgi rohkem mugavust. Kangas on vastupidav ja kergesti hooldatav, mist\u00f5ttu sobib see suurep\u00e4raselt v\u00e4litingimustesse. Soovitame lamamistooli hoiustada jahedas ja kuivas kohas v\u00f5i katta see m\u00f6\u00f6blikattega, et pikendada selle eluiga.<\/p>\n<h3>Naudi suve t\u00e4iel rinnal<\/h3>\n<p>Kui otsid stiilset, vastupidavat ja mugavat lahendust oma aeda v\u00f5i terrassile, siis <strong>must rotangist lamamistool London<\/strong> on ideaalne valik. Selle funktsionaalne disain ja kvaliteetsed materjalid tagavad m\u00f5nusad puhkehetked igal suvep\u00e4eval.<\/p>\n","protected":false},"excerpt":{"rendered":"<p>Stiilne ja mugav rotangist lamamistool London Must rotangist lamamistool London on ideaalne valik neile, kes soovivad oma terrassile v\u00f5i aeda lisada nii elegantsi kui ka mugavust. Selle kaasaegne ja pilkup\u00fc\u00fcdev disain loob hubase \u00f5hkkonna, kus saad l\u00f5\u00f5gastuda ja p\u00e4ikest nautida. T\u00e4nu praktilistele ratastele on lamamistooli lihtne soovitud asukohta liigutada ning reguleeritav seljatugi v\u00f5imaldab leida just [&hellip;]<\/p>\n","protected":false},"featured_media":161280,"comment_status":"open","ping_status":"open","template":"","meta":[],"product_brand":[1818],"product_cat":[1688],"product_tag":[],"class_list":{"0":"post-149252","1":"product","2":"type-product","3":"status-publish","4":"has-post-thumbnail","6":"product_brand-venture-design","7":"product_cat-lamamistoolid-ja-paevitustoolid","8":"product_shipping_class-venture-design","9":"pa_istme-materjal-punutis","10":"pa_jalgade-varv-must","11":"pa_kangas-100-poluester","12":"pa_kollektsioon-london","13":"pa_mootmed-32-x-196-x-60","14":"pa_pehmenduste-materjal-poluester","15":"pa_varv-must","17":"first","18":"instock","19":"sale","20":"taxable","21":"shipping-taxable","22":"purchasable","23":"product-type-simple"},"_links":{"self":[{"href":"https:\/\/blankpage.ee\/_ruumist-ruumi\/wp-json\/wp\/v2\/product\/149252","targetHints":{"allow":["GET"]}}],"collection":[{"href":"https:\/\/blankpage.ee\/_ruumist-ruumi\/wp-json\/wp\/v2\/product"}],"about":[{"href":"https:\/\/blankpage.ee\/_ruumist-ruumi\/wp-json\/wp\/v2\/types\/product"}],"replies":[{"embeddable":true,"href":"https:\/\/blankpage.ee\/_ruumist-ruumi\/wp-json\/wp\/v2\/comments?post=149252"}],"wp:featuredmedia":[{"embeddable":true,"href":"https:\/\/blankpage.ee\/_ruumist-ruumi\/wp-json\/wp\/v2\/media\/161280"}],"wp:attachment":[{"href":"https:\/\/blankpage.ee\/_ruumist-ruumi\/wp-json\/wp\/v2\/media?parent=149252"}],"wp:term":[{"taxonomy":"product_brand","embeddable":true,"href":"https:\/\/blankpage.ee\/_ruumist-ruumi\/wp-json\/wp\/v2\/product_brand?post=149252"},{"taxonomy":"product_cat","embeddable":true,"href":"https:\/\/blankpage.ee\/_ruumist-ruumi\/wp-json\/wp\/v2\/product_cat?post=149252"},{"taxonomy":"product_tag","embeddable":true,"href":"https:\/\/blankpage.ee\/_ruumist-ruumi\/wp-json\/wp\/v2\/product_tag?post=149252"}],"curies":[{"name":"wp","href":"https:\/\/api.w.org\/{rel}","templated":true}]}}