{"id":149284,"date":"2025-03-06T09:05:38","date_gmt":"2025-03-06T09:05:38","guid":{"rendered":"https:\/\/ruumistruumi.ee\/pood\/bambusest-lamamistool-cane-valge-1213-6010\/"},"modified":"2025-08-14T11:13:07","modified_gmt":"2025-08-14T11:13:07","slug":"bambusest-lamamistool-cane-valge-1213-6010","status":"publish","type":"product","link":"https:\/\/blankpage.ee\/_ruumist-ruumi\/pood\/bambusest-lamamistool-cane-valge-1213-6010\/","title":{"rendered":"Bambusest lamamistool Cane, valge, 1213-6010"},"content":{"rendered":"<h3>Stiilne ja mugav bambusest lamamistool<\/h3>\n<p>Too terrassile troopilist elegantsi bambusest lamamistooliga <strong>Cane, valge<\/strong>! See luksusliku disainiga lamamistool pakub ideaalset kohta l\u00f5\u00f5gastumiseks ning loob kutsuva ja rahuliku atmosf\u00e4\u00e4ri. T\u00e4nu kvaliteetsetele materjalidele ja l\u00e4bim\u00f5eldud kujundusele on see suurep\u00e4rane valik igale suvep\u00e4evale.<\/p>\n<h3>Naturaalsest bambusest raam<\/h3>\n<p>Lamamistooli raam on valmistatud <strong>naturaalset v\u00e4rvi bambusest<\/strong>, mis annab igale m\u00f6\u00f6bliesemele ainulaadse v\u00e4limuse. Bambus on looduslikult kerge, kuid vastupidav materjal, mis lisab m\u00f6\u00f6blile sooja ja maal\u00e4hedase tunnetuse. T\u00e4nu oma naturaalsele tekstuurile sobib see erinevate \u00f5ueruumide sisekujundusega.<\/p>\n<h3>Mugavad pol\u00fcesterkangast padjad<\/h3>\n<p>Lamamistooliga on kaasas <strong>pehmed hallid pol\u00fcesterkangast padjad<\/strong>, mis tagavad maksimaalse istumismugavuse. Pol\u00fcester on mustust ja niiskust h\u00fclgav materjal, mist\u00f5ttu on see ideaalne v\u00e4lim\u00f6\u00f6blile. Padjad on kergesti hooldatavad \u2013 neid saab k\u00e4sitsi pesta ja \u00f5hu k\u00e4es kuivatada, et s\u00e4ilitada nende v\u00e4rskus ja vastupidavus.<\/p>\n<h3>Hooldussoovitused<\/h3>\n<p>Bambus on kaunis ja trendikas materjal, kuid see ei talu h\u00e4sti niiskust ega suuri temperatuurik\u00f5ikumisi. Selleks, et tagada lamamistooli pikaealisus, soovitame seda hoida kuivas ja varjulises kohas. Puhastamine on lihtne \u2013 piisab niiske lapiga p\u00fchkimisest. Padjakatteid v\u00f5ib vajadusel pesta k\u00e4sitsi ning lasta neil looduslikult kuivada.<\/p>\n<p>Kui soovid oma aeda v\u00f5i terrassile lisada eksklusiivse ja mugava puhkekoha, siis <strong>bambusest lamamistool Cane, valge<\/strong> on suurep\u00e4rane valik!<\/p>\n","protected":false},"excerpt":{"rendered":"<p>Stiilne ja mugav bambusest lamamistool Too terrassile troopilist elegantsi bambusest lamamistooliga Cane, valge! See luksusliku disainiga lamamistool pakub ideaalset kohta l\u00f5\u00f5gastumiseks ning loob kutsuva ja rahuliku atmosf\u00e4\u00e4ri. T\u00e4nu kvaliteetsetele materjalidele ja l\u00e4bim\u00f5eldud kujundusele on see suurep\u00e4rane valik igale suvep\u00e4evale. Naturaalsest bambusest raam Lamamistooli raam on valmistatud naturaalset v\u00e4rvi bambusest, mis annab igale m\u00f6\u00f6bliesemele ainulaadse v\u00e4limuse. [&hellip;]<\/p>\n","protected":false},"featured_media":161085,"comment_status":"open","ping_status":"open","template":"","meta":[],"product_brand":[1818],"product_cat":[1688],"product_tag":[],"class_list":{"0":"post-149284","1":"product","2":"type-product","3":"status-publish","4":"has-post-thumbnail","6":"product_brand-venture-design","7":"product_cat-lamamistoolid-ja-paevitustoolid","8":"product_shipping_class-venture-design","9":"pa_istme-materjal-rattan","10":"pa_istme-varvus-valge","11":"pa_jalgade-varv-naturaalne","12":"pa_kangas-80-puuvill-20-poluester","13":"pa_kollektsioon-cane","14":"pa_mootmed-35-x-210-x-80","15":"pa_pehmenduste-materjal-poluester","16":"pa_pehmenduste-materjal-puuvill","17":"pa_varv-valge","19":"first","20":"instock","21":"sale","22":"taxable","23":"shipping-taxable","24":"purchasable","25":"product-type-simple"},"_links":{"self":[{"href":"https:\/\/blankpage.ee\/_ruumist-ruumi\/wp-json\/wp\/v2\/product\/149284","targetHints":{"allow":["GET"]}}],"collection":[{"href":"https:\/\/blankpage.ee\/_ruumist-ruumi\/wp-json\/wp\/v2\/product"}],"about":[{"href":"https:\/\/blankpage.ee\/_ruumist-ruumi\/wp-json\/wp\/v2\/types\/product"}],"replies":[{"embeddable":true,"href":"https:\/\/blankpage.ee\/_ruumist-ruumi\/wp-json\/wp\/v2\/comments?post=149284"}],"wp:featuredmedia":[{"embeddable":true,"href":"https:\/\/blankpage.ee\/_ruumist-ruumi\/wp-json\/wp\/v2\/media\/161085"}],"wp:attachment":[{"href":"https:\/\/blankpage.ee\/_ruumist-ruumi\/wp-json\/wp\/v2\/media?parent=149284"}],"wp:term":[{"taxonomy":"product_brand","embeddable":true,"href":"https:\/\/blankpage.ee\/_ruumist-ruumi\/wp-json\/wp\/v2\/product_brand?post=149284"},{"taxonomy":"product_cat","embeddable":true,"href":"https:\/\/blankpage.ee\/_ruumist-ruumi\/wp-json\/wp\/v2\/product_cat?post=149284"},{"taxonomy":"product_tag","embeddable":true,"href":"https:\/\/blankpage.ee\/_ruumist-ruumi\/wp-json\/wp\/v2\/product_tag?post=149284"}],"curies":[{"name":"wp","href":"https:\/\/api.w.org\/{rel}","templated":true}]}}