{"id":149295,"date":"2025-03-06T09:05:38","date_gmt":"2025-03-06T09:05:38","guid":{"rendered":"https:\/\/ruumistruumi.ee\/pood\/paikesevari-leeds-must-35m-7016-308l\/"},"modified":"2025-08-18T19:15:29","modified_gmt":"2025-08-18T19:15:29","slug":"paikesevari-leeds-must-35m-7016-308l","status":"publish","type":"product","link":"https:\/\/blankpage.ee\/_ruumist-ruumi\/pood\/paikesevari-leeds-must-35m-7016-308l\/","title":{"rendered":"P\u00e4ikesevari Leeds, must, 3,5m, 7016-308L"},"content":{"rendered":"<h3>Stiilne ja funktsionaalne p\u00e4ikesevari Leeds<\/h3>\n<p><strong>P\u00e4ikesevari Leeds<\/strong> on ideaalne valik, kui soovid oma terrassile v\u00f5i aeda stiilset ja praktilist lahendust p\u00e4ikese eest kaitsmiseks. Musta v\u00e4rvi suur vari loob meeldiva varjualuse ning sobitub kergesti erinevate aiam\u00f6\u00f6bli stiilidega.<\/p>\n<h3>Reguleeritav ja vastupidav konstruktsioon<\/h3>\n<p>See p\u00e4ikesevari on loodud mugavaks kasutamiseks \u2013 t\u00e4nu p\u00f6\u00f6rlevale mehhanismile saab seda h\u00f5lpsalt oma telje \u00fcmber keerata, et pakkuda varju t\u00e4pselt sinna, kus seda parasjagu vaja on. Lisaks on vari reguleeritava k\u00f5rgusega, mis tagab veelgi suurema paindlikkuse.<\/p>\n<h3>Efektiivne kaitse ja lihtne hooldus<\/h3>\n<p>P\u00e4ikesevari Leeds pakub usaldusv\u00e4\u00e4rset kaitset p\u00e4ikesekiirguse eest, aidates luua meeldiva jahedama ala isegi k\u00f5ige kuumematel p\u00e4evadel. Materjal on kergesti puhastatav, mis teeb selle hooldamise lihtsaks ja tagab pikaajalise v\u00e4rskuse.<\/p>\n<h3>Ideaalne lisand sinu \u00f5uealale<\/h3>\n<p>Kvaliteetne ja vastupidav disain muudab selle p\u00e4ikesevarju suurep\u00e4raseks t\u00e4ienduseks igale aianurgale v\u00f5i terrassile. Olenemata sellest, kas naudid hommikukohvi, loed raamatut v\u00f5i korraldad \u00f5htus\u00f6\u00f6gi al fresco, <strong>p\u00e4ikesevari Leeds<\/strong> loob t\u00e4iusliku atmosf\u00e4\u00e4ri.<\/p>\n","protected":false},"excerpt":{"rendered":"<p>Stiilne ja funktsionaalne p\u00e4ikesevari Leeds P\u00e4ikesevari Leeds on ideaalne valik, kui soovid oma terrassile v\u00f5i aeda stiilset ja praktilist lahendust p\u00e4ikese eest kaitsmiseks. Musta v\u00e4rvi suur vari loob meeldiva varjualuse ning sobitub kergesti erinevate aiam\u00f6\u00f6bli stiilidega. Reguleeritav ja vastupidav konstruktsioon See p\u00e4ikesevari on loodud mugavaks kasutamiseks \u2013 t\u00e4nu p\u00f6\u00f6rlevale mehhanismile saab seda h\u00f5lpsalt oma telje [&hellip;]<\/p>\n","protected":false},"featured_media":165165,"comment_status":"open","ping_status":"closed","template":"","meta":[],"product_brand":[1818],"product_cat":[1813],"product_tag":[],"class_list":{"0":"post-149295","1":"product","2":"type-product","3":"status-publish","4":"has-post-thumbnail","6":"product_brand-venture-design","7":"product_cat-paikesevarjud","8":"product_shipping_class-venture-design","9":"pa_kangas-100-poluester","10":"pa_kollektsioon-leeds","11":"pa_mootmed-o350","12":"pa_varv-must","14":"first","15":"instock","16":"sale","17":"taxable","18":"shipping-taxable","19":"purchasable","20":"product-type-simple"},"_links":{"self":[{"href":"https:\/\/blankpage.ee\/_ruumist-ruumi\/wp-json\/wp\/v2\/product\/149295","targetHints":{"allow":["GET"]}}],"collection":[{"href":"https:\/\/blankpage.ee\/_ruumist-ruumi\/wp-json\/wp\/v2\/product"}],"about":[{"href":"https:\/\/blankpage.ee\/_ruumist-ruumi\/wp-json\/wp\/v2\/types\/product"}],"replies":[{"embeddable":true,"href":"https:\/\/blankpage.ee\/_ruumist-ruumi\/wp-json\/wp\/v2\/comments?post=149295"}],"wp:featuredmedia":[{"embeddable":true,"href":"https:\/\/blankpage.ee\/_ruumist-ruumi\/wp-json\/wp\/v2\/media\/165165"}],"wp:attachment":[{"href":"https:\/\/blankpage.ee\/_ruumist-ruumi\/wp-json\/wp\/v2\/media?parent=149295"}],"wp:term":[{"taxonomy":"product_brand","embeddable":true,"href":"https:\/\/blankpage.ee\/_ruumist-ruumi\/wp-json\/wp\/v2\/product_brand?post=149295"},{"taxonomy":"product_cat","embeddable":true,"href":"https:\/\/blankpage.ee\/_ruumist-ruumi\/wp-json\/wp\/v2\/product_cat?post=149295"},{"taxonomy":"product_tag","embeddable":true,"href":"https:\/\/blankpage.ee\/_ruumist-ruumi\/wp-json\/wp\/v2\/product_tag?post=149295"}],"curies":[{"name":"wp","href":"https:\/\/api.w.org\/{rel}","templated":true}]}}