{"id":149372,"date":"2025-03-06T09:05:38","date_gmt":"2025-03-06T09:05:38","guid":{"rendered":"https:\/\/ruumistruumi.ee\/pood\/paikesevari-leeds-must-valge-3m-7015-309l\/"},"modified":"2025-08-14T11:13:19","modified_gmt":"2025-08-14T11:13:19","slug":"paikesevari-leeds-must-valge-3m-7015-309l","status":"publish","type":"product","link":"https:\/\/blankpage.ee\/_ruumist-ruumi\/pood\/paikesevari-leeds-must-valge-3m-7015-309l\/","title":{"rendered":"P\u00e4ikesevari Leeds, must\/valge, 3m, 7015-309L"},"content":{"rendered":"<h3>Stiilne ja praktiline p\u00e4ikesevari Leeds<\/h3>\n<p><strong>P\u00e4ikesevari Leeds<\/strong> on ideaalne lahendus, kui soovid nautida sooja suveilma, pakkudes samal ajal usaldusv\u00e4\u00e4rset kaitset p\u00e4ikese eest. T\u00e4nu oma tugevale konstruktsioonile ja nutikale disainile on see varikatus suurep\u00e4rane valik nii aeda, terrassile kui ka r\u00f5dule.<\/p>\n<h3>Kvaliteetne ja vastupidav disain<\/h3>\n<p>See elegantne p\u00e4ikesevari on valmistatud vastupidavatest materjalidest, mis tagavad selle pika eluea. Musta ja valge v\u00e4rvikombinatsioon loob ajatu ja stiilse ilme, sobitudes suurep\u00e4raselt erinevate v\u00e4liruumide kujundusega. T\u00e4nu oma tugevatele komponentidele on see vari stabiilne ja vastupidav ka tuulisematel p\u00e4evadel.<\/p>\n<h3>Reguleeritav ja lihtsasti kasutatav<\/h3>\n<p><strong>P\u00e4ikesevari Leeds<\/strong> on varustatud nutika p\u00f6\u00f6rleva mehhanismiga, mis v\u00f5imaldab seda h\u00f5lpsalt soovitud asendisse reguleerida. T\u00e4nu sellele saab varju suunda muuta vastavalt p\u00e4ikese liikumisele, pakkudes kogu p\u00e4eva jooksul maksimaalset kaitset. Lisaks on vari lihtne kokku panna ja hoiustada, muutes selle kasutamise mugavaks ja praktiliseks.<\/p>\n<h3>Lihtne hooldus ja puhastamine<\/h3>\n<p>Varikanga materjal on kergesti hooldatav ning mustuse eemaldamine on kiire ja vaevatu. See tagab, et <strong>p\u00e4ikesevari Leeds<\/strong> p\u00fcsib kaua kaunina ning s\u00e4ilitab oma esialgse v\u00e4rskuse isegi pikaajalisel kasutamisel.<\/p>\n<p>Muuda oma \u00f5ueala stiilseks ja funktsionaalseks selle kvaliteetse p\u00e4ikesevarjuga, mis \u00fchendab endas praktilisuse ja kaasaegse disaini.<\/p>\n","protected":false},"excerpt":{"rendered":"<p>Stiilne ja praktiline p\u00e4ikesevari Leeds P\u00e4ikesevari Leeds on ideaalne lahendus, kui soovid nautida sooja suveilma, pakkudes samal ajal usaldusv\u00e4\u00e4rset kaitset p\u00e4ikese eest. T\u00e4nu oma tugevale konstruktsioonile ja nutikale disainile on see varikatus suurep\u00e4rane valik nii aeda, terrassile kui ka r\u00f5dule. Kvaliteetne ja vastupidav disain See elegantne p\u00e4ikesevari on valmistatud vastupidavatest materjalidest, mis tagavad selle pika [&hellip;]<\/p>\n","protected":false},"featured_media":165160,"comment_status":"open","ping_status":"closed","template":"","meta":[],"product_brand":[1818],"product_cat":[1813],"product_tag":[],"class_list":{"0":"post-149372","1":"product","2":"type-product","3":"status-publish","4":"has-post-thumbnail","6":"product_brand-venture-design","7":"product_cat-paikesevarjud","8":"product_shipping_class-venture-design","9":"pa_kangas-100-poluester","10":"pa_kollektsioon-leeds","11":"pa_mootmed-o300","12":"pa_varv-valge","13":"pa_varv-must","15":"first","16":"instock","17":"sale","18":"taxable","19":"shipping-taxable","20":"purchasable","21":"product-type-simple"},"_links":{"self":[{"href":"https:\/\/blankpage.ee\/_ruumist-ruumi\/wp-json\/wp\/v2\/product\/149372","targetHints":{"allow":["GET"]}}],"collection":[{"href":"https:\/\/blankpage.ee\/_ruumist-ruumi\/wp-json\/wp\/v2\/product"}],"about":[{"href":"https:\/\/blankpage.ee\/_ruumist-ruumi\/wp-json\/wp\/v2\/types\/product"}],"replies":[{"embeddable":true,"href":"https:\/\/blankpage.ee\/_ruumist-ruumi\/wp-json\/wp\/v2\/comments?post=149372"}],"wp:featuredmedia":[{"embeddable":true,"href":"https:\/\/blankpage.ee\/_ruumist-ruumi\/wp-json\/wp\/v2\/media\/165160"}],"wp:attachment":[{"href":"https:\/\/blankpage.ee\/_ruumist-ruumi\/wp-json\/wp\/v2\/media?parent=149372"}],"wp:term":[{"taxonomy":"product_brand","embeddable":true,"href":"https:\/\/blankpage.ee\/_ruumist-ruumi\/wp-json\/wp\/v2\/product_brand?post=149372"},{"taxonomy":"product_cat","embeddable":true,"href":"https:\/\/blankpage.ee\/_ruumist-ruumi\/wp-json\/wp\/v2\/product_cat?post=149372"},{"taxonomy":"product_tag","embeddable":true,"href":"https:\/\/blankpage.ee\/_ruumist-ruumi\/wp-json\/wp\/v2\/product_tag?post=149372"}],"curies":[{"name":"wp","href":"https:\/\/api.w.org\/{rel}","templated":true}]}}