{"id":149395,"date":"2025-03-06T09:14:13","date_gmt":"2025-03-06T09:14:13","guid":{"rendered":"https:\/\/ruumistruumi.ee\/pood\/graniidist-paikesevarju-raskus-stathera-grafit-hall-9360-888\/"},"modified":"2025-08-14T11:12:40","modified_gmt":"2025-08-14T11:12:40","slug":"graniidist-paikesevarju-raskus-stathera-grafit-hall-9360-888","status":"publish","type":"product","link":"https:\/\/blankpage.ee\/_ruumist-ruumi\/pood\/graniidist-paikesevarju-raskus-stathera-grafit-hall-9360-888\/","title":{"rendered":"Graniidist p\u00e4ikesevarju raskus Stathera, grafit\/hall, 9360-888"},"content":{"rendered":"<h3>Graniidist p\u00e4ikesevarju raskus Stathera \u2013 vastupidav ja stiilne<\/h3>\n<p><strong>Graniidist p\u00e4ikesevarju raskus Stathera<\/strong> on ideaalne valik neile, kes otsivad stabiilset ja kauakestvat lahendust oma p\u00e4ikesevarju kinnitamiseks. Selle robustne konstruktsioon ja ajatu disain muudavad selle praktiliseks ning stiilseks t\u00e4ienduseks sinu aeda, terrassile v\u00f5i r\u00f5dule.<\/p>\n<h3>Tugev ja vastupidav materjal<\/h3>\n<p>See p\u00e4ikesevarju raskus on valmistatud kvaliteetsest graniidist, mis tagab suurep\u00e4rase vastupidavuse ilmastikutingimustele. Graniit on tuntud oma tugevuse ja pikaealisuse poolest, mist\u00f5ttu sobib see ideaalselt v\u00e4litingimustesse. Grafiidihallis toonis viimistlus annab sellele elegantse ja ajatu ilme, mis sobitub h\u00f5lpsasti erinevate aiam\u00f6\u00f6bli stiilidega.<\/p>\n<h3>Lihtne liigutada ja kasutada<\/h3>\n<p>Kuigi raskus kaalub 40 kg, on sellel kaks ratast ja k\u00e4epidemed, mis muudavad selle liigutamise lihtsaks ja mugavaks. See v\u00f5imaldab sul vajadusel p\u00e4ikesevarju asukohta h\u00f5lpsalt muuta, ilma et peaksid muretsema raskuse t\u00f5stmise p\u00e4rast.<\/p>\n<h3>Hoiustamine ja hooldus<\/h3>\n<p>Et tagada graniidist p\u00e4ikesevarju raskuse pikaajaline vastupidavus, on soovitatav see k\u00fclmadel kuudel kuivas ja soojas kohas hoiustada. Madalatel temperatuuridel v\u00f5ib niiskus p\u00f5hjustada kivimaterjali sees k\u00fclmapragusid, seega on oluline v\u00e4ltida niiskuse kogunemist.<\/p>\n<p>Lisa oma aeda vastupidav ja stiilne lahendus ning vali <strong>graniidist p\u00e4ikesevarju raskus Stathera<\/strong>, mis pakub stabiilsust ja esteetilist t\u00e4iendust sinu v\u00e4liruumile.<\/p>\n","protected":false},"excerpt":{"rendered":"<p>Graniidist p\u00e4ikesevarju raskus Stathera \u2013 vastupidav ja stiilne Graniidist p\u00e4ikesevarju raskus Stathera on ideaalne valik neile, kes otsivad stabiilset ja kauakestvat lahendust oma p\u00e4ikesevarju kinnitamiseks. Selle robustne konstruktsioon ja ajatu disain muudavad selle praktiliseks ning stiilseks t\u00e4ienduseks sinu aeda, terrassile v\u00f5i r\u00f5dule. Tugev ja vastupidav materjal See p\u00e4ikesevarju raskus on valmistatud kvaliteetsest graniidist, mis tagab [&hellip;]<\/p>\n","protected":false},"featured_media":165189,"comment_status":"open","ping_status":"open","template":"","meta":[],"product_brand":[1818],"product_cat":[1815],"product_tag":[],"class_list":{"0":"post-149395","1":"product","2":"type-product","3":"status-publish","4":"has-post-thumbnail","6":"product_brand-venture-design","7":"product_cat-paikesevarju-raskused","8":"product_shipping_class-venture-design","9":"pa_kollektsioon-stathera","10":"pa_mootmed-27-x-50-x-50","11":"pa_varv-grafit","12":"pa_varv-hall","14":"first","15":"instock","16":"sale","17":"taxable","18":"shipping-taxable","19":"purchasable","20":"product-type-simple"},"_links":{"self":[{"href":"https:\/\/blankpage.ee\/_ruumist-ruumi\/wp-json\/wp\/v2\/product\/149395","targetHints":{"allow":["GET"]}}],"collection":[{"href":"https:\/\/blankpage.ee\/_ruumist-ruumi\/wp-json\/wp\/v2\/product"}],"about":[{"href":"https:\/\/blankpage.ee\/_ruumist-ruumi\/wp-json\/wp\/v2\/types\/product"}],"replies":[{"embeddable":true,"href":"https:\/\/blankpage.ee\/_ruumist-ruumi\/wp-json\/wp\/v2\/comments?post=149395"}],"wp:featuredmedia":[{"embeddable":true,"href":"https:\/\/blankpage.ee\/_ruumist-ruumi\/wp-json\/wp\/v2\/media\/165189"}],"wp:attachment":[{"href":"https:\/\/blankpage.ee\/_ruumist-ruumi\/wp-json\/wp\/v2\/media?parent=149395"}],"wp:term":[{"taxonomy":"product_brand","embeddable":true,"href":"https:\/\/blankpage.ee\/_ruumist-ruumi\/wp-json\/wp\/v2\/product_brand?post=149395"},{"taxonomy":"product_cat","embeddable":true,"href":"https:\/\/blankpage.ee\/_ruumist-ruumi\/wp-json\/wp\/v2\/product_cat?post=149395"},{"taxonomy":"product_tag","embeddable":true,"href":"https:\/\/blankpage.ee\/_ruumist-ruumi\/wp-json\/wp\/v2\/product_tag?post=149395"}],"curies":[{"name":"wp","href":"https:\/\/api.w.org\/{rel}","templated":true}]}}