{"id":149405,"date":"2025-03-06T09:14:13","date_gmt":"2025-03-06T09:14:13","guid":{"rendered":"https:\/\/ruumistruumi.ee\/pood\/kivist-paikesevarju-raskus-stathera-hall-hobedane-9359-999\/"},"modified":"2025-08-20T11:22:09","modified_gmt":"2025-08-20T11:22:09","slug":"kivist-paikesevarju-raskus-stathera-hall-hobedane-9359-999","status":"publish","type":"product","link":"https:\/\/blankpage.ee\/_ruumist-ruumi\/pood\/kivist-paikesevarju-raskus-stathera-hall-hobedane-9359-999\/","title":{"rendered":"Kivist p\u00e4ikesevarju raskus Stathera, hall\/h\u00f5bedane, 9359-999"},"content":{"rendered":"<h3>Kivist p\u00e4ikesevarju raskus Stathera \u2013 stabiilsus ja stiil \u00fches<\/h3>\n<p><strong>Kivist p\u00e4ikesevarju raskus Stathera<\/strong> pakub usaldusv\u00e4\u00e4rset tuge sinu p\u00e4ikesevarjule, hoides seda kindlalt paigal ka tuulise ilmaga. Selle \u00fcmar kuju ja marmorilaadne viimistlus annavad elegantse v\u00e4limuse, mis sobib igasse aeda v\u00f5i terrassile.<\/p>\n<h3>Lihtne liigutada ja praktiline disain<\/h3>\n<p>Kuigi raskus kaalub 40 kg, on sellel praktilised rattad ja mugavad k\u00e4epidemed, mis muudavad paigutamise lihtsaks. Nii saad p\u00e4ikesevarju raskust sujuvalt liigutada, ilma et peaksid muretsema liigse pingutuse p\u00e4rast.<\/p>\n<h3>Kvaliteetne ja vastupidav materjal<\/h3>\n<p>Hall ja h\u00f5bedane toon lisavad modernse ilme, samas kui tugev kivimaterjal tagab pikaajalise vastupidavuse. Selleks, et kivist p\u00e4ikesevarju raskus p\u00fcsiks heas seisukorras, soovitame seda k\u00fclmumise ohu korral hoida kuivas ja soojas kohas, et v\u00e4ltida k\u00fclmal\u00f5hede teket.<\/p>\n<h3>Ideaalne valik igale terrassile<\/h3>\n<p>Kui otsid usaldusv\u00e4\u00e4rset ja stiilset lahendust oma p\u00e4ikesevarju kinnitamiseks, siis <strong>kivist p\u00e4ikesevarju raskus Stathera<\/strong> on suurep\u00e4rane valik. Selle vastupidav konstruktsioon ja elegantne disain teevad sellest praktilise ning kauni lisanduse sinu v\u00e4liruumile.<\/p>\n","protected":false},"excerpt":{"rendered":"<p>Kivist p\u00e4ikesevarju raskus Stathera \u2013 stabiilsus ja stiil \u00fches Kivist p\u00e4ikesevarju raskus Stathera pakub usaldusv\u00e4\u00e4rset tuge sinu p\u00e4ikesevarjule, hoides seda kindlalt paigal ka tuulise ilmaga. Selle \u00fcmar kuju ja marmorilaadne viimistlus annavad elegantse v\u00e4limuse, mis sobib igasse aeda v\u00f5i terrassile. Lihtne liigutada ja praktiline disain Kuigi raskus kaalub 40 kg, on sellel praktilised rattad ja [&hellip;]<\/p>\n","protected":false},"featured_media":165180,"comment_status":"open","ping_status":"open","template":"","meta":[],"product_brand":[1818],"product_cat":[1815],"product_tag":[],"class_list":{"0":"post-149405","1":"product","2":"type-product","3":"status-publish","4":"has-post-thumbnail","6":"product_brand-venture-design","7":"product_cat-paikesevarju-raskused","8":"product_shipping_class-venture-design","9":"pa_kollektsioon-stathera","10":"pa_mootmed-o50","11":"pa_varv-hobedane","12":"pa_varv-hall","14":"first","15":"instock","16":"sale","17":"taxable","18":"shipping-taxable","19":"purchasable","20":"product-type-simple"},"_links":{"self":[{"href":"https:\/\/blankpage.ee\/_ruumist-ruumi\/wp-json\/wp\/v2\/product\/149405","targetHints":{"allow":["GET"]}}],"collection":[{"href":"https:\/\/blankpage.ee\/_ruumist-ruumi\/wp-json\/wp\/v2\/product"}],"about":[{"href":"https:\/\/blankpage.ee\/_ruumist-ruumi\/wp-json\/wp\/v2\/types\/product"}],"replies":[{"embeddable":true,"href":"https:\/\/blankpage.ee\/_ruumist-ruumi\/wp-json\/wp\/v2\/comments?post=149405"}],"wp:featuredmedia":[{"embeddable":true,"href":"https:\/\/blankpage.ee\/_ruumist-ruumi\/wp-json\/wp\/v2\/media\/165180"}],"wp:attachment":[{"href":"https:\/\/blankpage.ee\/_ruumist-ruumi\/wp-json\/wp\/v2\/media?parent=149405"}],"wp:term":[{"taxonomy":"product_brand","embeddable":true,"href":"https:\/\/blankpage.ee\/_ruumist-ruumi\/wp-json\/wp\/v2\/product_brand?post=149405"},{"taxonomy":"product_cat","embeddable":true,"href":"https:\/\/blankpage.ee\/_ruumist-ruumi\/wp-json\/wp\/v2\/product_cat?post=149405"},{"taxonomy":"product_tag","embeddable":true,"href":"https:\/\/blankpage.ee\/_ruumist-ruumi\/wp-json\/wp\/v2\/product_tag?post=149405"}],"curies":[{"name":"wp","href":"https:\/\/api.w.org\/{rel}","templated":true}]}}