{"id":149431,"date":"2025-03-06T09:14:13","date_gmt":"2025-03-06T09:14:13","guid":{"rendered":"https:\/\/ruumistruumi.ee\/pood\/alumiiniumist-ummargune-aia-soogilaud-alma-must-o120cm-1351-408\/"},"modified":"2025-08-14T11:12:44","modified_gmt":"2025-08-14T11:12:44","slug":"alumiiniumist-ummargune-aia-soogilaud-alma-must-o120cm-1351-408","status":"publish","type":"product","link":"https:\/\/blankpage.ee\/_ruumist-ruumi\/pood\/alumiiniumist-ummargune-aia-soogilaud-alma-must-o120cm-1351-408\/","title":{"rendered":"Alumiiniumist \u00fcmmargune aia s\u00f6\u00f6gilaud Alma, must, \u00f8120cm, 1351-408"},"content":{"rendered":"<h3>Alumiiniumist \u00fcmmargune aia s\u00f6\u00f6gilaud Alma \u2013 stiilne ja vastupidav valik<\/h3>\n<p><strong>Must alumiiniumist aia s\u00f6\u00f6gilaud Alma<\/strong> on ideaalne valik neile, kes otsivad ajatut disaini ja vastupidavat materjali. Selle \u00d8120 cm l\u00e4bim\u00f5\u00f5duga \u00fcmmargune laud loob m\u00f5nusa atmosf\u00e4\u00e4ri, kus keegi ei j\u00e4\u00e4 laua \u00e4\u00e4rele. T\u00e4nu oma vastupidavale konstruktsioonile sobib see suurep\u00e4raselt nii terrassile, r\u00f5dule kui ka aeda, pakkudes hubast keskkonda pere ja s\u00f5pradega aja veetmiseks.<\/p>\n<h3>Kvaliteetne ja ilmastikukindel materjal<\/h3>\n<p>Alma aia s\u00f6\u00f6gilaud on valmistatud <strong>kvaliteetsest alumiiniumist<\/strong>, mis on tuntud oma roostekindluse ja kerge kaalu poolest. See materjal tagab, et laud peab vastu erinevatele ilmastikutingimustele, s\u00e4ilitades samas oma stiilse v\u00e4limuse aastateks. Must viimistlus lisab modernsust ja sobitub kergesti erinevate aiam\u00f6\u00f6bli stiilidega.<\/p>\n<h3>Lihtne hooldus ja vastupidavus<\/h3>\n<p>Alumiiniumist aia s\u00f6\u00f6gilauda on lihtne hooldada \u2013 piisab regulaarsest puhastamisest vee ja maheda seebiga. Kui laud asub mere l\u00e4hedal, on oluline see alati rohke veega loputada, et eemaldada \u00f5hust kanduv sool. T\u00e4nu oma hooldusmugavusele on see ideaalne valik neile, kes soovivad nautida vaba aega ilma liigse vaevata.<\/p>\n<h3>Loo oma aeda stiilne ja praktiline s\u00f6\u00f6giala<\/h3>\n<p>Kui otsid vastupidavat ja kaasaegset lahendust \u00f5ues einestamiseks, siis <strong>Alma must alumiiniumist aia s\u00f6\u00f6gilaud<\/strong> on suurep\u00e4rane valik. Selle ajatu disain ja kvaliteetne materjal tagavad, et see sobib igasse keskkonda, pakkudes mugavust ja stiili igaks hooajaks.<\/p>\n","protected":false},"excerpt":{"rendered":"<p>Alumiiniumist \u00fcmmargune aia s\u00f6\u00f6gilaud Alma \u2013 stiilne ja vastupidav valik Must alumiiniumist aia s\u00f6\u00f6gilaud Alma on ideaalne valik neile, kes otsivad ajatut disaini ja vastupidavat materjali. Selle \u00d8120 cm l\u00e4bim\u00f5\u00f5duga \u00fcmmargune laud loob m\u00f5nusa atmosf\u00e4\u00e4ri, kus keegi ei j\u00e4\u00e4 laua \u00e4\u00e4rele. T\u00e4nu oma vastupidavale konstruktsioonile sobib see suurep\u00e4raselt nii terrassile, r\u00f5dule kui ka aeda, pakkudes [&hellip;]<\/p>\n","protected":false},"featured_media":163813,"comment_status":"open","ping_status":"open","template":"","meta":[],"product_brand":[1818],"product_cat":[1806],"product_tag":[],"class_list":{"0":"post-149431","1":"product","2":"type-product","3":"status-publish","4":"has-post-thumbnail","6":"product_brand-venture-design","7":"product_cat-ummargused-aia-soogilauad","8":"product_shipping_class-venture-design","9":"pa_jalgade-varv-must","10":"pa_kollektsioon-alma","11":"pa_laua-tasapinna-varvus-must","12":"pa_mootmed-o120","13":"pa_varv-must","15":"first","16":"instock","17":"sale","18":"taxable","19":"shipping-taxable","20":"purchasable","21":"product-type-simple"},"_links":{"self":[{"href":"https:\/\/blankpage.ee\/_ruumist-ruumi\/wp-json\/wp\/v2\/product\/149431","targetHints":{"allow":["GET"]}}],"collection":[{"href":"https:\/\/blankpage.ee\/_ruumist-ruumi\/wp-json\/wp\/v2\/product"}],"about":[{"href":"https:\/\/blankpage.ee\/_ruumist-ruumi\/wp-json\/wp\/v2\/types\/product"}],"replies":[{"embeddable":true,"href":"https:\/\/blankpage.ee\/_ruumist-ruumi\/wp-json\/wp\/v2\/comments?post=149431"}],"wp:featuredmedia":[{"embeddable":true,"href":"https:\/\/blankpage.ee\/_ruumist-ruumi\/wp-json\/wp\/v2\/media\/163813"}],"wp:attachment":[{"href":"https:\/\/blankpage.ee\/_ruumist-ruumi\/wp-json\/wp\/v2\/media?parent=149431"}],"wp:term":[{"taxonomy":"product_brand","embeddable":true,"href":"https:\/\/blankpage.ee\/_ruumist-ruumi\/wp-json\/wp\/v2\/product_brand?post=149431"},{"taxonomy":"product_cat","embeddable":true,"href":"https:\/\/blankpage.ee\/_ruumist-ruumi\/wp-json\/wp\/v2\/product_cat?post=149431"},{"taxonomy":"product_tag","embeddable":true,"href":"https:\/\/blankpage.ee\/_ruumist-ruumi\/wp-json\/wp\/v2\/product_tag?post=149431"}],"curies":[{"name":"wp","href":"https:\/\/api.w.org\/{rel}","templated":true}]}}