{"id":149470,"date":"2025-03-06T09:14:13","date_gmt":"2025-03-06T09:14:13","guid":{"rendered":"https:\/\/ruumistruumi.ee\/pood\/klaasist-ummargune-aia-soogilaud-volta-valge-o150-9232-010\/"},"modified":"2025-08-14T11:12:49","modified_gmt":"2025-08-14T11:12:49","slug":"klaasist-ummargune-aia-soogilaud-volta-valge-o150-9232-010","status":"publish","type":"product","link":"https:\/\/blankpage.ee\/_ruumist-ruumi\/pood\/klaasist-ummargune-aia-soogilaud-volta-valge-o150-9232-010\/","title":{"rendered":"Klaasist \u00fcmmargune aia s\u00f6\u00f6gilaud Volta, valge, \u00f8150, 9232-010"},"content":{"rendered":"<h3>Elegantne ja vastupidav klaasist aia s\u00f6\u00f6gilaud<\/h3>\n<p><strong>Klaasist \u00fcmmargune aia s\u00f6\u00f6gilaud Volta<\/strong> on stiilne ja praktiline valik igasse \u00f5ue- v\u00f5i terrassinurka. Selle elegantne disain ja kvaliteetsed materjalid loovad kutsuva atmosf\u00e4\u00e4ri, kus igap\u00e4evased s\u00f6\u00f6gikorrad muutuvad eriliseks elamuseks.<\/p>\n<h3>Stiilne klaasist lauaplaat ja vastupidav aluskonstruktsioon<\/h3>\n<p>Laua pealmine osa on valmistatud vastupidavast ja stiilsest klaasist, mis lisab \u00f5hulisust ja modernsust igale v\u00e4liruumile. Klaaspind on lihtsasti puhastatav ning vastupidav erinevatele ilmastikutingimustele. Laua aluskonstruktsioon on valmistatud valgest kunstrotangist, mis on tugev ja ilmastikukindel materjal. Kunstrotang on ideaalne valik v\u00e4litingimustesse, kuna see talub nii niiskust kui ka UV-kiirgust, s\u00e4ilitades oma kauni v\u00e4limuse aastaid.<\/p>\n<h3>Ideaalne terrassile ja aeda<\/h3>\n<p>\u00dcmmargune disain muudab selle laua eriti funktsionaalseks, pakkudes mugavat istumisruumi k\u00f5igile k\u00fclalistele. T\u00e4nu oma l\u00e4bim\u00f5eldud konstruktsioonile on see ideaalne nii v\u00e4iksematele kui ka suurematele v\u00e4liruumidele. Paiguta see oma aeda, r\u00f5dule v\u00f5i terrassile ning naudi meeldivaid hetki v\u00e4rskes \u00f5hus.<\/p>\n<h3>Hooldusjuhised<\/h3>\n<p>Kunstrotang on UV-kindel ja talub erinevaid ilmastikutingimusi, kuid soovitame m\u00f6\u00f6blit kaitsta ilmastikukindla kattega v\u00f5i hoida seda jahedas ja kuivas kohas, kui see ei ole kasutusel. Nii pikeneb toote eluiga ja s\u00e4ilib selle esialgne v\u00e4limus.<\/p>\n<p>Avasta <strong>klaasist aia s\u00f6\u00f6gilaud Volta<\/strong> ja loo oma aianurgas stiilne ning mugav s\u00f6\u00f6giala, mis r\u00f5\u00f5mustab sind ja sinu k\u00fclalisi aastaid!<\/p>\n","protected":false},"excerpt":{"rendered":"<p>Elegantne ja vastupidav klaasist aia s\u00f6\u00f6gilaud Klaasist \u00fcmmargune aia s\u00f6\u00f6gilaud Volta on stiilne ja praktiline valik igasse \u00f5ue- v\u00f5i terrassinurka. Selle elegantne disain ja kvaliteetsed materjalid loovad kutsuva atmosf\u00e4\u00e4ri, kus igap\u00e4evased s\u00f6\u00f6gikorrad muutuvad eriliseks elamuseks. Stiilne klaasist lauaplaat ja vastupidav aluskonstruktsioon Laua pealmine osa on valmistatud vastupidavast ja stiilsest klaasist, mis lisab \u00f5hulisust ja modernsust [&hellip;]<\/p>\n","protected":false},"featured_media":149471,"comment_status":"open","ping_status":"open","template":"","meta":[],"product_brand":[1818],"product_cat":[1806],"product_tag":[],"class_list":{"0":"post-149470","1":"product","2":"type-product","3":"status-publish","4":"has-post-thumbnail","6":"product_brand-venture-design","7":"product_cat-ummargused-aia-soogilauad","8":"product_shipping_class-venture-design","9":"pa_jalgade-varv-valge","10":"pa_kollektsioon-volta","11":"pa_laua-tasapinna-varvus-valge","12":"pa_mootmed-o150","13":"pa_varv-valge","15":"first","16":"instock","17":"sale","18":"taxable","19":"shipping-taxable","20":"purchasable","21":"product-type-simple"},"_links":{"self":[{"href":"https:\/\/blankpage.ee\/_ruumist-ruumi\/wp-json\/wp\/v2\/product\/149470","targetHints":{"allow":["GET"]}}],"collection":[{"href":"https:\/\/blankpage.ee\/_ruumist-ruumi\/wp-json\/wp\/v2\/product"}],"about":[{"href":"https:\/\/blankpage.ee\/_ruumist-ruumi\/wp-json\/wp\/v2\/types\/product"}],"replies":[{"embeddable":true,"href":"https:\/\/blankpage.ee\/_ruumist-ruumi\/wp-json\/wp\/v2\/comments?post=149470"}],"wp:featuredmedia":[{"embeddable":true,"href":"https:\/\/blankpage.ee\/_ruumist-ruumi\/wp-json\/wp\/v2\/media\/149471"}],"wp:attachment":[{"href":"https:\/\/blankpage.ee\/_ruumist-ruumi\/wp-json\/wp\/v2\/media?parent=149470"}],"wp:term":[{"taxonomy":"product_brand","embeddable":true,"href":"https:\/\/blankpage.ee\/_ruumist-ruumi\/wp-json\/wp\/v2\/product_brand?post=149470"},{"taxonomy":"product_cat","embeddable":true,"href":"https:\/\/blankpage.ee\/_ruumist-ruumi\/wp-json\/wp\/v2\/product_cat?post=149470"},{"taxonomy":"product_tag","embeddable":true,"href":"https:\/\/blankpage.ee\/_ruumist-ruumi\/wp-json\/wp\/v2\/product_tag?post=149470"}],"curies":[{"name":"wp","href":"https:\/\/api.w.org\/{rel}","templated":true}]}}