{"id":149499,"date":"2025-03-04T09:14:13","date_gmt":"2025-03-04T09:14:13","guid":{"rendered":"https:\/\/ruumistruumi.ee\/pood\/nulust-aia-soogilaua-komplekt-guniess-9553-068\/"},"modified":"2025-08-14T11:23:49","modified_gmt":"2025-08-14T11:23:49","slug":"kokkupandav-ollelaua-komplekt-guniess-nulupuit-9553-068","status":"publish","type":"product","link":"https:\/\/blankpage.ee\/_ruumist-ruumi\/pood\/kokkupandav-ollelaua-komplekt-guniess-nulupuit-9553-068\/","title":{"rendered":"Kokkupandav \u00f5llelaua komplekt Guniess, nulupuit 9553-068"},"content":{"rendered":"<p data-start=\"0\" data-end=\"87\"><strong data-start=\"0\" data-end=\"87\">Nulupuidust kokkupandav \u00f5llelaua komplekt Guniess \u2013 Lahendus \u00fcritustele ja pidudele<\/strong><\/p>\n<p data-start=\"89\" data-end=\"331\">Kokkupandav \u00f5llelaua komplekt Guniess on m\u00f5eldud eelk\u00f5ige \u00fcrituste ja pidude korraldamiseks, pakkudes lihtsat ja praktilist lahendust. Komplekti kuulub \u00fcks laud ja kaks pingi, mida saab kiiresti kokku panna ja sama lihtsalt hoiustada, kui neid hetkel vaja ei ole.<\/p>\n<p data-start=\"333\" data-end=\"365\"><strong data-start=\"333\" data-end=\"363\">Funktsionaalsus \u00fcritustel:<\/strong><\/p>\n<ul data-start=\"366\" data-end=\"578\">\n<li data-start=\"366\" data-end=\"471\">Laud ja istmed loovad mugava s\u00f6\u00f6gilauda, mis sobib h\u00e4sti nii v\u00e4iksemate kui suuremate \u00fcrituste jaoks.<\/li>\n<li data-start=\"472\" data-end=\"578\">Kokkupaneku mehhanism v\u00f5imaldab kiiret \u00fcmberkorraldust, kui on vaja ruumi s\u00e4\u00e4sta v\u00f5i m\u00f6\u00f6blit teisaldada.<\/li>\n<\/ul>\n<p data-start=\"580\" data-end=\"607\"><strong data-start=\"580\" data-end=\"605\">Praktilised omadused:<\/strong><\/p>\n<ul data-start=\"608\" data-end=\"864\">\n<li data-start=\"608\" data-end=\"755\">Nulupuidust materjal on valitud vastupidavuse ja lihtsa hoolduse t\u00f5ttu, tagades, et \u00f5llelaud talub v\u00e4litingimusi ja erinevaid ilmastikutingimusi.<\/li>\n<li data-start=\"756\" data-end=\"864\">Komplekti pind on lihtsasti puhastatav, v\u00f5imaldades m\u00f6\u00f6blil kiiresti taastada oma v\u00e4limuse p\u00e4rast \u00fcritust.<\/li>\n<\/ul>\n<p data-start=\"866\" data-end=\"1009\" data-is-last-node=\"\" data-is-only-node=\"\">Kui otsid lahendust, mis \u00fchendab praktilisust, lihtsust ja paindlikkust \u00fcrituste korraldamisel, on see <strong>\u00f5llelaua komplekt<\/strong> ideaalne valik. Guniessi komplekt tagab, et m\u00f6\u00f6bel on kiirelt ja mugavalt paigaldatav ning samal ajal piisavalt vastupidav, et taluda nii \u00f5ues kui ka siseruumides toimuvaid s\u00fcndmusi. Vali Guniessi \u00f5llelaua komplekt ja loo meeldivad hetked igal \u00fcritusel.<\/p>\n","protected":false},"excerpt":{"rendered":"<p>Nulupuidust kokkupandav \u00f5llelaua komplekt Guniess \u2013 Lahendus \u00fcritustele ja pidudele Kokkupandav \u00f5llelaua komplekt Guniess on m\u00f5eldud eelk\u00f5ige \u00fcrituste ja pidude korraldamiseks, pakkudes lihtsat ja praktilist lahendust. Komplekti kuulub \u00fcks laud ja kaks pingi, mida saab kiiresti kokku panna ja sama lihtsalt hoiustada, kui neid hetkel vaja ei ole. Funktsionaalsus \u00fcritustel: Laud ja istmed loovad mugava [&hellip;]<\/p>\n","protected":false},"featured_media":162762,"comment_status":"open","ping_status":"closed","template":"","meta":[],"product_brand":[1818],"product_cat":[1781],"product_tag":[],"class_list":{"0":"post-149499","1":"product","2":"type-product","3":"status-publish","4":"has-post-thumbnail","6":"product_brand-venture-design","7":"product_cat-aia-soogilaua-komplektid","8":"product_shipping_class-venture-design","9":"pa_kollektsioon-guniess","10":"pa_laua-materjal-metall","11":"pa_laua-materjal-nulg","12":"pa_laua-tasapinna-varvus-naturaalne","13":"pa_mootmed-200-x-60","14":"pa_tooli-materjal-metall","15":"pa_tooli-materjal-nulg","17":"first","18":"outofstock","19":"sale","20":"taxable","21":"shipping-taxable","22":"purchasable","23":"product-type-simple"},"_links":{"self":[{"href":"https:\/\/blankpage.ee\/_ruumist-ruumi\/wp-json\/wp\/v2\/product\/149499","targetHints":{"allow":["GET"]}}],"collection":[{"href":"https:\/\/blankpage.ee\/_ruumist-ruumi\/wp-json\/wp\/v2\/product"}],"about":[{"href":"https:\/\/blankpage.ee\/_ruumist-ruumi\/wp-json\/wp\/v2\/types\/product"}],"replies":[{"embeddable":true,"href":"https:\/\/blankpage.ee\/_ruumist-ruumi\/wp-json\/wp\/v2\/comments?post=149499"}],"wp:featuredmedia":[{"embeddable":true,"href":"https:\/\/blankpage.ee\/_ruumist-ruumi\/wp-json\/wp\/v2\/media\/162762"}],"wp:attachment":[{"href":"https:\/\/blankpage.ee\/_ruumist-ruumi\/wp-json\/wp\/v2\/media?parent=149499"}],"wp:term":[{"taxonomy":"product_brand","embeddable":true,"href":"https:\/\/blankpage.ee\/_ruumist-ruumi\/wp-json\/wp\/v2\/product_brand?post=149499"},{"taxonomy":"product_cat","embeddable":true,"href":"https:\/\/blankpage.ee\/_ruumist-ruumi\/wp-json\/wp\/v2\/product_cat?post=149499"},{"taxonomy":"product_tag","embeddable":true,"href":"https:\/\/blankpage.ee\/_ruumist-ruumi\/wp-json\/wp\/v2\/product_tag?post=149499"}],"curies":[{"name":"wp","href":"https:\/\/api.w.org\/{rel}","templated":true}]}}