{"id":149506,"date":"2025-03-06T09:14:13","date_gmt":"2025-03-06T09:14:13","guid":{"rendered":"https:\/\/ruumistruumi.ee\/pood\/kunstrotangist-ummargune-aia-soogilaud-volta-valge-o90-9230-010\/"},"modified":"2025-08-14T11:12:53","modified_gmt":"2025-08-14T11:12:53","slug":"kunstrotangist-ummargune-aia-soogilaud-volta-valge-o90-9230-010","status":"publish","type":"product","link":"https:\/\/blankpage.ee\/_ruumist-ruumi\/pood\/kunstrotangist-ummargune-aia-soogilaud-volta-valge-o90-9230-010\/","title":{"rendered":"Kunstrotangist \u00fcmmargune aia s\u00f6\u00f6gilaud Volta, valge, \u00f890, 9230-010"},"content":{"rendered":"<h3>Stiilne ja vastupidav kunstrotangist aia s\u00f6\u00f6gilaud<\/h3>\n<p>Too oma aeda v\u00f5i terrassile elegantsi ja mugavust <strong>kunstrotangist \u00fcmmarguse aia s\u00f6\u00f6gilauaga Volta<\/strong>. Selle ajatu disain ja kvaliteetsed materjalid muudavad selle ideaalseks valikuks nii igap\u00e4evasteks hommikus\u00f6\u00f6kideks kui ka pidulikeks \u00f5htus\u00f6\u00f6kideks v\u00e4rskes \u00f5hus.<\/p>\n<h3>Elegantne klaasist lauaplaat ja vastupidav raam<\/h3>\n<p>Laua tugev konstruktsioon tagab selle pikaealisuse ja stabiilsuse. \u00dcmmargune klaasist lauaplaat lisab modernset ilmet ning on lihtsasti puhastatav. Laua karkass on valmistatud vastupidavast <strong>valgest kunstrotangist<\/strong>, mis loob \u00f5hulise ja stiilse v\u00e4limuse.<\/p>\n<h3>Ilmastikukindel ja hooldusvaba materjal<\/h3>\n<p><strong>Kunstrotang<\/strong> on ideaalne materjal v\u00e4lim\u00f6\u00f6blile, kuna see on UV-kindel ning suudab taluda erinevaid ilmastikutingimusi. T\u00e4nu sellele ei pleegi laud p\u00e4ikese k\u00e4es ega kaota oma esialgset v\u00e4limust. Siiski soovitame m\u00f6\u00f6blit hoida jahedas ja kuivas kohas v\u00f5i kasutada kaitsekatet, et pikendada selle eluiga veelgi.<\/p>\n<h3>Mitmek\u00fclgne suurus ja praktiline lahendus<\/h3>\n<p>\u00d890 cm l\u00e4bim\u00f5\u00f5duga laud pakub piisavalt ruumi mugavaks einestamiseks, samas ei v\u00f5ta see liialt palju ruumi. See sobib suurep\u00e4raselt nii v\u00e4iksematele kui ka suurematele terrassidele ja aianurkadele, luues kutsuva ja hubase atmosf\u00e4\u00e4ri.<\/p>\n<p>Lisa oma \u00f5uealale stiilne ja funktsionaalne m\u00f6\u00f6bliese \u2013 <strong>kunstrotangist aia s\u00f6\u00f6gilaud Volta<\/strong> on vastupidav, lihtsalt hooldatav ja ajatu valik igale \u00f5uealale!<\/p>\n","protected":false},"excerpt":{"rendered":"<p>Stiilne ja vastupidav kunstrotangist aia s\u00f6\u00f6gilaud Too oma aeda v\u00f5i terrassile elegantsi ja mugavust kunstrotangist \u00fcmmarguse aia s\u00f6\u00f6gilauaga Volta. Selle ajatu disain ja kvaliteetsed materjalid muudavad selle ideaalseks valikuks nii igap\u00e4evasteks hommikus\u00f6\u00f6kideks kui ka pidulikeks \u00f5htus\u00f6\u00f6kideks v\u00e4rskes \u00f5hus. Elegantne klaasist lauaplaat ja vastupidav raam Laua tugev konstruktsioon tagab selle pikaealisuse ja stabiilsuse. \u00dcmmargune klaasist lauaplaat [&hellip;]<\/p>\n","protected":false},"featured_media":164639,"comment_status":"open","ping_status":"open","template":"","meta":[],"product_brand":[1818],"product_cat":[1806],"product_tag":[],"class_list":{"0":"post-149506","1":"product","2":"type-product","3":"status-publish","4":"has-post-thumbnail","6":"product_brand-venture-design","7":"product_cat-ummargused-aia-soogilauad","8":"product_shipping_class-venture-design","9":"pa_jalgade-varv-valge","10":"pa_kollektsioon-volta","11":"pa_laua-tasapinna-varvus-valge","12":"pa_mootmed-o90","13":"pa_varv-valge","15":"first","16":"instock","17":"sale","18":"taxable","19":"shipping-taxable","20":"purchasable","21":"product-type-simple"},"_links":{"self":[{"href":"https:\/\/blankpage.ee\/_ruumist-ruumi\/wp-json\/wp\/v2\/product\/149506","targetHints":{"allow":["GET"]}}],"collection":[{"href":"https:\/\/blankpage.ee\/_ruumist-ruumi\/wp-json\/wp\/v2\/product"}],"about":[{"href":"https:\/\/blankpage.ee\/_ruumist-ruumi\/wp-json\/wp\/v2\/types\/product"}],"replies":[{"embeddable":true,"href":"https:\/\/blankpage.ee\/_ruumist-ruumi\/wp-json\/wp\/v2\/comments?post=149506"}],"wp:featuredmedia":[{"embeddable":true,"href":"https:\/\/blankpage.ee\/_ruumist-ruumi\/wp-json\/wp\/v2\/media\/164639"}],"wp:attachment":[{"href":"https:\/\/blankpage.ee\/_ruumist-ruumi\/wp-json\/wp\/v2\/media?parent=149506"}],"wp:term":[{"taxonomy":"product_brand","embeddable":true,"href":"https:\/\/blankpage.ee\/_ruumist-ruumi\/wp-json\/wp\/v2\/product_brand?post=149506"},{"taxonomy":"product_cat","embeddable":true,"href":"https:\/\/blankpage.ee\/_ruumist-ruumi\/wp-json\/wp\/v2\/product_cat?post=149506"},{"taxonomy":"product_tag","embeddable":true,"href":"https:\/\/blankpage.ee\/_ruumist-ruumi\/wp-json\/wp\/v2\/product_tag?post=149506"}],"curies":[{"name":"wp","href":"https:\/\/api.w.org\/{rel}","templated":true}]}}