{"id":149544,"date":"2025-03-06T09:14:13","date_gmt":"2025-03-06T09:14:13","guid":{"rendered":"https:\/\/ruumistruumi.ee\/pood\/akaatsiapuidust-aia-soogilaud-bois-naturaalne-valge-200x100-9554-069\/"},"modified":"2025-08-16T00:51:32","modified_gmt":"2025-08-16T00:51:32","slug":"akaatsiapuidust-aia-soogilaud-bois-naturaalne-valge-200x100-9554-069","status":"publish","type":"product","link":"https:\/\/blankpage.ee\/_ruumist-ruumi\/pood\/akaatsiapuidust-aia-soogilaud-bois-naturaalne-valge-200x100-9554-069\/","title":{"rendered":"Akaatsiapuidust aia s\u00f6\u00f6gilaud Bois, naturaalne\/valge, 200&#215;100, 9554-069"},"content":{"rendered":"<h3>Akaatsiapuidust aia s\u00f6\u00f6gilaud Bois \u2013 elegantne ja vastupidav valik<\/h3>\n<p><strong>Akaatsiapuidust aia s\u00f6\u00f6gilaud Bois<\/strong> \u00fchendab endas ajatult stiilse disaini ja praktilise vastupidavuse. Selle naturaalne akaatsiapuidust lauaplaat toob esile puidu loomuliku ilu, lisades \u00f5uealale soojust ja iseloomu. Kontrastiks on valged metallist lauajalad, mis annavad lauale modernse ja \u00f5hulise ilme. T\u00e4nu oma klassikalisele vormile sobib see s\u00f6\u00f6gilaud suurep\u00e4raselt erinevate aiam\u00f6\u00f6bli stiilidega.<\/p>\n<h3>Ideaalne koht meeldivateks \u00f5htus\u00f6\u00f6kideks<\/h3>\n<p>200 x 100 cm suurusega lauaplaat pakub piisavalt ruumi, et mahutada kogu pere ja s\u00f5brad \u00fchisteks eineteks v\u00e4rskes \u00f5hus. Lisa juurde sobivad aiatoolid ning loo t\u00e4iuslik s\u00f6\u00f6ginurk, kus nautida suviseid hetki. T\u00e4nu vastupidavatele materjalidele on see laud loodud kestma ning sobib suurep\u00e4raselt nii igap\u00e4evaseks kasutamiseks kui ka pidulikeks \u00f5htus\u00f6\u00f6kideks.<\/p>\n<h3>Hooldus ja pikaealisus<\/h3>\n<p>Et <strong>akaatsiapuidust aia s\u00f6\u00f6gilaud<\/strong> s\u00e4ilitaks oma kauni v\u00e4limuse aastateks, soovitame seda regulaarselt \u00f5litada. Akaatsiapuit vajab aeg-ajalt kaitset ilmastikum\u00f5jude eest \u2013 uue m\u00f6\u00f6bli puhul tuleks puitu \u00f5liga k\u00fcllastada, kandes peale mitu kihti j\u00e4rjest. Liigne \u00f5li tuleks seej\u00e4rel pehme lapiga eemaldada. N\u00f5uetekohane hooldus tagab, et laud p\u00fcsib vastupidav ja kaunis ka j\u00e4rgmistel hooaegadel.<\/p>\n<p>Kui otsid stiilset, kvaliteetset ja praktilist aiam\u00f6\u00f6blit, on <strong>akaatsiapuidust aia s\u00f6\u00f6gilaud Bois<\/strong> suurep\u00e4rane valik, mis loob \u00f5dusa atmosf\u00e4\u00e4ri igasse \u00f5ueala nurka.<\/p>\n","protected":false},"excerpt":{"rendered":"<p>Akaatsiapuidust aia s\u00f6\u00f6gilaud Bois \u2013 elegantne ja vastupidav valik Akaatsiapuidust aia s\u00f6\u00f6gilaud Bois \u00fchendab endas ajatult stiilse disaini ja praktilise vastupidavuse. Selle naturaalne akaatsiapuidust lauaplaat toob esile puidu loomuliku ilu, lisades \u00f5uealale soojust ja iseloomu. Kontrastiks on valged metallist lauajalad, mis annavad lauale modernse ja \u00f5hulise ilme. T\u00e4nu oma klassikalisele vormile sobib see s\u00f6\u00f6gilaud suurep\u00e4raselt [&hellip;]<\/p>\n","protected":false},"featured_media":164785,"comment_status":"open","ping_status":"open","template":"","meta":[],"product_brand":[1818],"product_cat":[1805],"product_tag":[],"class_list":{"0":"post-149544","1":"product","2":"type-product","3":"status-publish","4":"has-post-thumbnail","6":"product_brand-venture-design","7":"product_cat-kandilised-aia-soogilauad","8":"product_shipping_class-venture-design","9":"pa_jalgade-varv-valge","10":"pa_kollektsioon-bois","11":"pa_laua-tasapinna-varvus-naturaalne","12":"pa_mootmed-76-x-200-x-100","13":"pa_varv-naturaalne","14":"pa_varv-valge","16":"first","17":"instock","18":"sale","19":"taxable","20":"shipping-taxable","21":"purchasable","22":"product-type-simple"},"_links":{"self":[{"href":"https:\/\/blankpage.ee\/_ruumist-ruumi\/wp-json\/wp\/v2\/product\/149544","targetHints":{"allow":["GET"]}}],"collection":[{"href":"https:\/\/blankpage.ee\/_ruumist-ruumi\/wp-json\/wp\/v2\/product"}],"about":[{"href":"https:\/\/blankpage.ee\/_ruumist-ruumi\/wp-json\/wp\/v2\/types\/product"}],"replies":[{"embeddable":true,"href":"https:\/\/blankpage.ee\/_ruumist-ruumi\/wp-json\/wp\/v2\/comments?post=149544"}],"wp:featuredmedia":[{"embeddable":true,"href":"https:\/\/blankpage.ee\/_ruumist-ruumi\/wp-json\/wp\/v2\/media\/164785"}],"wp:attachment":[{"href":"https:\/\/blankpage.ee\/_ruumist-ruumi\/wp-json\/wp\/v2\/media?parent=149544"}],"wp:term":[{"taxonomy":"product_brand","embeddable":true,"href":"https:\/\/blankpage.ee\/_ruumist-ruumi\/wp-json\/wp\/v2\/product_brand?post=149544"},{"taxonomy":"product_cat","embeddable":true,"href":"https:\/\/blankpage.ee\/_ruumist-ruumi\/wp-json\/wp\/v2\/product_cat?post=149544"},{"taxonomy":"product_tag","embeddable":true,"href":"https:\/\/blankpage.ee\/_ruumist-ruumi\/wp-json\/wp\/v2\/product_tag?post=149544"}],"curies":[{"name":"wp","href":"https:\/\/api.w.org\/{rel}","templated":true}]}}