{"id":149586,"date":"2025-03-06T09:23:50","date_gmt":"2025-03-06T09:23:50","guid":{"rendered":"https:\/\/ruumistruumi.ee\/pood\/metallist-pikendatav-aia-soogilaud-panama-must-naturaalne-224-324x100-6025-520\/"},"modified":"2025-08-17T16:32:55","modified_gmt":"2025-08-17T16:32:55","slug":"metallist-pikendatav-aia-soogilaud-panama-must-naturaalne-224-324x100-6025-520","status":"publish","type":"product","link":"https:\/\/blankpage.ee\/_ruumist-ruumi\/pood\/metallist-pikendatav-aia-soogilaud-panama-must-naturaalne-224-324x100-6025-520\/","title":{"rendered":"Metallist pikendatav aia s\u00f6\u00f6gilaud Panama must\/naturaalne 224\/324&#215;100, 6025-520"},"content":{"rendered":"<h3>Metallist pikendatav aia s\u00f6\u00f6gilaud Panama \u2013 stiilne ja vastupidav valik<\/h3>\n<p><strong>Metallist aia s\u00f6\u00f6gilaud Panama<\/strong> on ideaalne valik nii v\u00e4ikesteks kui ka suuremateks koosviibimisteks. T\u00e4nu pikendatavale mehhanismile saab laua pikkust h\u00f5lpsalt kohandada, muutes selle praktiliseks ja mitmek\u00fclgseks lahenduseks igale aiale v\u00f5i terrassile.<\/p>\n<h3>Kvaliteetsed materjalid ja ajatu disain<\/h3>\n<p>Laua pealisplaat on valmistatud <strong>tiigipuust<\/strong>, mis on tuntud oma erakordse vastupidavuse ja ilmastikukindluse poolest. Tiigipuit ei vaja sagedast hooldust, kuna see sisaldab looduslikke \u00f5lisid, mis kaitsevad seda niiskuse ja pragunemise eest. Musta tooni <strong>metallist raam<\/strong> lisab lauale modernsust ja stabiilsust, pakkudes tugevat konstruktsiooni, mis kestab aastaid.<\/p>\n<h3>Elegantne ja funktsionaalne<\/h3>\n<p>Must ja naturaalne puidutoon loovad ajatu v\u00e4rvikombinatsiooni, mis sobib suurep\u00e4raselt erinevate aiam\u00f6\u00f6bli stiilidega. <strong>Metallist aia s\u00f6\u00f6gilaud Panama<\/strong> pakub piisavalt ruumi pere ja s\u00f5pradega einestamiseks, muutes iga suve\u00f5htu veelgi nauditavamaks.<\/p>\n<h3>Hooldusjuhised<\/h3>\n<p>Tiigipuit on \u00fcks vastupidavamaid materjale, kuid selle ilu ja eluea pikendamiseks soovitame aeg-ajalt pinda puhastada ning vajadusel \u00f5litada. Kuna tiigipuit sisaldab looduslikke \u00f5lisid, ei vaja see sagedast immutamist. Metallist raamiga lauda on lihtne hooldada \u2013 piisab niiske lapiga puhastamisest.<\/p>\n<p>Avasta ajatu disain ja praktilisus \u2013 vali oma aeda <strong>metallist aia s\u00f6\u00f6gilaud Panama<\/strong> ning naudi mugavust ja stiili igal hooajal!<\/p>\n","protected":false},"excerpt":{"rendered":"<p>Metallist pikendatav aia s\u00f6\u00f6gilaud Panama \u2013 stiilne ja vastupidav valik Metallist aia s\u00f6\u00f6gilaud Panama on ideaalne valik nii v\u00e4ikesteks kui ka suuremateks koosviibimisteks. T\u00e4nu pikendatavale mehhanismile saab laua pikkust h\u00f5lpsalt kohandada, muutes selle praktiliseks ja mitmek\u00fclgseks lahenduseks igale aiale v\u00f5i terrassile. Kvaliteetsed materjalid ja ajatu disain Laua pealisplaat on valmistatud tiigipuust, mis on tuntud oma [&hellip;]<\/p>\n","protected":false},"featured_media":164335,"comment_status":"open","ping_status":"closed","template":"","meta":[],"product_brand":[1818],"product_cat":[1805],"product_tag":[],"class_list":{"0":"post-149586","1":"product","2":"type-product","3":"status-publish","4":"has-post-thumbnail","6":"product_brand-venture-design","7":"product_cat-kandilised-aia-soogilauad","8":"product_shipping_class-venture-design","9":"pa_jalgade-varv-must","10":"pa_kollektsioon-panama","11":"pa_laua-tasapinna-varvus-naturaalne","12":"pa_mootmed-75-x-224-x-100","13":"pa_varv-naturaalne","14":"pa_varv-must","16":"first","17":"instock","18":"sale","19":"taxable","20":"shipping-taxable","21":"purchasable","22":"product-type-simple"},"_links":{"self":[{"href":"https:\/\/blankpage.ee\/_ruumist-ruumi\/wp-json\/wp\/v2\/product\/149586","targetHints":{"allow":["GET"]}}],"collection":[{"href":"https:\/\/blankpage.ee\/_ruumist-ruumi\/wp-json\/wp\/v2\/product"}],"about":[{"href":"https:\/\/blankpage.ee\/_ruumist-ruumi\/wp-json\/wp\/v2\/types\/product"}],"replies":[{"embeddable":true,"href":"https:\/\/blankpage.ee\/_ruumist-ruumi\/wp-json\/wp\/v2\/comments?post=149586"}],"wp:featuredmedia":[{"embeddable":true,"href":"https:\/\/blankpage.ee\/_ruumist-ruumi\/wp-json\/wp\/v2\/media\/164335"}],"wp:attachment":[{"href":"https:\/\/blankpage.ee\/_ruumist-ruumi\/wp-json\/wp\/v2\/media?parent=149586"}],"wp:term":[{"taxonomy":"product_brand","embeddable":true,"href":"https:\/\/blankpage.ee\/_ruumist-ruumi\/wp-json\/wp\/v2\/product_brand?post=149586"},{"taxonomy":"product_cat","embeddable":true,"href":"https:\/\/blankpage.ee\/_ruumist-ruumi\/wp-json\/wp\/v2\/product_cat?post=149586"},{"taxonomy":"product_tag","embeddable":true,"href":"https:\/\/blankpage.ee\/_ruumist-ruumi\/wp-json\/wp\/v2\/product_tag?post=149586"}],"curies":[{"name":"wp","href":"https:\/\/api.w.org\/{rel}","templated":true}]}}