{"id":149649,"date":"2025-03-06T09:23:50","date_gmt":"2025-03-06T09:23:50","guid":{"rendered":"https:\/\/ruumistruumi.ee\/pood\/alumiiniumist-kandiline-aia-soogilaud-break-must-205x90-1026-408\/"},"modified":"2025-08-18T19:15:22","modified_gmt":"2025-08-18T19:15:22","slug":"alumiiniumist-kandiline-aia-soogilaud-break-must-205x90-1026-408","status":"publish","type":"product","link":"https:\/\/blankpage.ee\/_ruumist-ruumi\/pood\/alumiiniumist-kandiline-aia-soogilaud-break-must-205x90-1026-408\/","title":{"rendered":"Alumiiniumist kandiline aia s\u00f6\u00f6gilaud Break, must, 205&#215;90, 1026-408"},"content":{"rendered":"<h3>Alumiiniumist kandiline aia s\u00f6\u00f6gilaud Break \u2013 stiilne ja vastupidav valik<\/h3>\n<p><strong>Alumiiniumist aia s\u00f6\u00f6gilaud<\/strong> Break on ideaalne lahendus neile, kes hindavad nii funktsionaalsust kui ka elegantset disaini. Selle minimalistlik v\u00e4limus ja vastupidavad materjalid muudavad selle ideaalseks kasutamiseks nii terrassil kui ka aias. Musta v\u00e4rvi pol\u00fcpuidust lauaplaat lisab modernset ilmet, samas kui tugev alumiiniumist raam tagab stabiilsuse ja pikaealisuse.<\/p>\n<h3>Vastupidavad materjalid ja nutikas disain<\/h3>\n<p>Break s\u00f6\u00f6gilaud on valmistatud kvaliteetsest alumiiniumist, mis muudab selle ilmastikukindlaks ja roostevabaks. T\u00e4nu kergusele on seda lihtne \u00fcmber paigutada vastavalt vajadusele. Lauaplaat on valmistatud mustast pol\u00fcpuidust, mis meenutab naturaalse puidu ilmet, kuid on samas hooldusvabam ja paremini vastupidav niiskusele ning UV-kiirgusele.<\/p>\n<h3>Naudi \u00f5htus\u00f6\u00f6ke \u00f5ues kogu suve<\/h3>\n<p>Kas kavandad suve\u00f5htus\u00f6\u00f6ke pere ja s\u00f5pradega? <strong>Alumiiniumist aia s\u00f6\u00f6gilaud<\/strong> Break pakub piisavalt ruumi kuni kaheksale inimesele, olles ideaalne lahendus nii igap\u00e4evasteks eineteks kui ka pidulikemateks koosviibimisteks. Selle ajatu ja p\u00f5hjamaiselt stiilne disain sobitub suurep\u00e4raselt erinevatesse \u00f5uekeskkondadesse, t\u00e4iendades nii modernset kui ka klassikalist aiakujundust.<\/p>\n<h3>Hooldusjuhised<\/h3>\n<p>Alumiiniumist ja roostevabast terasest v\u00e4lim\u00f6\u00f6bel vajab regulaarset puhastamist vee ja leebe seebilahusega. P\u00e4rast puhastamist loputa m\u00f6\u00f6bel alati hoolikalt rohke veega, eriti kui see asub mere l\u00e4hedal, kus \u00f5hus leviv sool v\u00f5ib materjale m\u00f5jutada.<\/p>\n<p>Vali Break <strong>alumiiniumist aia s\u00f6\u00f6gilaud<\/strong> ning loo oma terrassile v\u00f5i aeda stiilne ja praktiline s\u00f6\u00f6giala, kus saad nautida kauneid suve\u00f5htuid t\u00e4iel rinnal!<\/p>\n","protected":false},"excerpt":{"rendered":"<p>Alumiiniumist kandiline aia s\u00f6\u00f6gilaud Break \u2013 stiilne ja vastupidav valik Alumiiniumist aia s\u00f6\u00f6gilaud Break on ideaalne lahendus neile, kes hindavad nii funktsionaalsust kui ka elegantset disaini. Selle minimalistlik v\u00e4limus ja vastupidavad materjalid muudavad selle ideaalseks kasutamiseks nii terrassil kui ka aias. Musta v\u00e4rvi pol\u00fcpuidust lauaplaat lisab modernset ilmet, samas kui tugev alumiiniumist raam tagab stabiilsuse [&hellip;]<\/p>\n","protected":false},"featured_media":163778,"comment_status":"open","ping_status":"open","template":"","meta":[],"product_brand":[1818],"product_cat":[1805],"product_tag":[],"class_list":{"0":"post-149649","1":"product","2":"type-product","3":"status-publish","4":"has-post-thumbnail","6":"product_brand-venture-design","7":"product_cat-kandilised-aia-soogilauad","8":"product_shipping_class-venture-design","9":"pa_jalgade-varv-must","10":"pa_kollektsioon-break","11":"pa_laua-tasapinna-varvus-must","12":"pa_mootmed-735-x-205-x-90","13":"pa_varv-must","15":"first","16":"instock","17":"sale","18":"taxable","19":"shipping-taxable","20":"purchasable","21":"product-type-simple"},"_links":{"self":[{"href":"https:\/\/blankpage.ee\/_ruumist-ruumi\/wp-json\/wp\/v2\/product\/149649","targetHints":{"allow":["GET"]}}],"collection":[{"href":"https:\/\/blankpage.ee\/_ruumist-ruumi\/wp-json\/wp\/v2\/product"}],"about":[{"href":"https:\/\/blankpage.ee\/_ruumist-ruumi\/wp-json\/wp\/v2\/types\/product"}],"replies":[{"embeddable":true,"href":"https:\/\/blankpage.ee\/_ruumist-ruumi\/wp-json\/wp\/v2\/comments?post=149649"}],"wp:featuredmedia":[{"embeddable":true,"href":"https:\/\/blankpage.ee\/_ruumist-ruumi\/wp-json\/wp\/v2\/media\/163778"}],"wp:attachment":[{"href":"https:\/\/blankpage.ee\/_ruumist-ruumi\/wp-json\/wp\/v2\/media?parent=149649"}],"wp:term":[{"taxonomy":"product_brand","embeddable":true,"href":"https:\/\/blankpage.ee\/_ruumist-ruumi\/wp-json\/wp\/v2\/product_brand?post=149649"},{"taxonomy":"product_cat","embeddable":true,"href":"https:\/\/blankpage.ee\/_ruumist-ruumi\/wp-json\/wp\/v2\/product_cat?post=149649"},{"taxonomy":"product_tag","embeddable":true,"href":"https:\/\/blankpage.ee\/_ruumist-ruumi\/wp-json\/wp\/v2\/product_tag?post=149649"}],"curies":[{"name":"wp","href":"https:\/\/api.w.org\/{rel}","templated":true}]}}