{"id":149657,"date":"2025-03-06T09:23:50","date_gmt":"2025-03-06T09:23:50","guid":{"rendered":"https:\/\/ruumistruumi.ee\/pood\/alumiiniumist-kandiline-aia-soogilaud-break-hall-valge-205x90-1026-400\/"},"modified":"2025-08-15T11:28:47","modified_gmt":"2025-08-15T11:28:47","slug":"alumiiniumist-kandiline-aia-soogilaud-break-hall-valge-205x90-1026-400","status":"publish","type":"product","link":"https:\/\/blankpage.ee\/_ruumist-ruumi\/pood\/alumiiniumist-kandiline-aia-soogilaud-break-hall-valge-205x90-1026-400\/","title":{"rendered":"Alumiiniumist kandiline aia s\u00f6\u00f6gilaud Break, hall\/valge, 205&#215;90, 1026-400"},"content":{"rendered":"<h3>Alumiiniumist aia s\u00f6\u00f6gilaud Break \u2013 stiilne ja vastupidav valik<\/h3>\n<p><strong>Alumiiniumist aia s\u00f6\u00f6gilaud Break<\/strong> \u00fchendab endas modernse disaini ja praktilisuse, pakkudes ideaalset lahendust \u00f5ues einestamiseks. Selle minimalistlik ja p\u00f5hjamaise stiiliga kujundus sobib suurep\u00e4raselt igasse aeda v\u00f5i terrassile, lisades ruumile nii elegantsi kui ka funktsionaalsust.<\/p>\n<h3>Kvaliteetsed materjalid ja vastupidav konstruktsioon<\/h3>\n<p>Laua tugev raam on valmistatud <strong>valgest alumiiniumist<\/strong>, mis tagab nii vastupidavuse kui ka kerguse. See t\u00e4hendab, et lauda on lihtne vajadusel \u00fcmber paigutada. Lauaplaat on kaetud <strong>hallist pol\u00fcwood-materjalist<\/strong>, mis meenutab naturaalse puidu v\u00e4limust, kuid on ilmastikukindlam ning vajab v\u00e4hem hooldust.<\/p>\n<h3>Lihtne hooldus ja ilmastikukindlus<\/h3>\n<p>Break aia s\u00f6\u00f6gilaud on loodud vastu pidama erinevatele ilmastikutingimustele. Selleks, et s\u00e4ilitada laua kaunis v\u00e4limus ja pikendada selle eluiga, soovitame seda regulaarselt puhastada vee ja pehme seebilahusega. Kui laud asub mere l\u00e4heduses, on oluline seda p\u00e4rast pesemist p\u00f5hjalikult loputada, et eemaldada \u00f5hus leviv sool.<\/p>\n<h3>Ideaalne valik suvisteks \u00f5htus\u00f6\u00f6kideks<\/h3>\n<p>Olenemata sellest, kas korraldad suuremat aiapidu v\u00f5i naudid vaikset \u00f5htus\u00f6\u00f6ki perega, <strong>alumiiniumist aia s\u00f6\u00f6gilaud Break<\/strong> pakub piisavalt ruumi ja mugavust. Selle m\u00f5\u00f5dud <strong>205 x 90 cm<\/strong> annavad v\u00f5imaluse mahutada laua \u00fcmber mitu k\u00fclalist, muutes iga koosviibimise meeldivaks ja nauditavaks.<\/p>\n<p>Too oma aeda stiili ja praktilisust \u2013 vali vastupidav ning elegantne Break s\u00f6\u00f6gilaud ja naudi suviseid hetki \u00f5ues!<\/p>\n","protected":false},"excerpt":{"rendered":"<p>Alumiiniumist aia s\u00f6\u00f6gilaud Break \u2013 stiilne ja vastupidav valik Alumiiniumist aia s\u00f6\u00f6gilaud Break \u00fchendab endas modernse disaini ja praktilisuse, pakkudes ideaalset lahendust \u00f5ues einestamiseks. Selle minimalistlik ja p\u00f5hjamaise stiiliga kujundus sobib suurep\u00e4raselt igasse aeda v\u00f5i terrassile, lisades ruumile nii elegantsi kui ka funktsionaalsust. Kvaliteetsed materjalid ja vastupidav konstruktsioon Laua tugev raam on valmistatud valgest alumiiniumist, [&hellip;]<\/p>\n","protected":false},"featured_media":163771,"comment_status":"open","ping_status":"open","template":"","meta":[],"product_brand":[1818],"product_cat":[1805],"product_tag":[],"class_list":{"0":"post-149657","1":"product","2":"type-product","3":"status-publish","4":"has-post-thumbnail","6":"product_brand-venture-design","7":"product_cat-kandilised-aia-soogilauad","8":"product_shipping_class-venture-design","9":"pa_jalgade-varv-valge","10":"pa_kollektsioon-break","11":"pa_laua-tasapinna-varvus-hall","12":"pa_mootmed-75-x-205-x-90","13":"pa_varv-valge","14":"pa_varv-hall","16":"first","17":"instock","18":"sale","19":"taxable","20":"shipping-taxable","21":"purchasable","22":"product-type-simple"},"_links":{"self":[{"href":"https:\/\/blankpage.ee\/_ruumist-ruumi\/wp-json\/wp\/v2\/product\/149657","targetHints":{"allow":["GET"]}}],"collection":[{"href":"https:\/\/blankpage.ee\/_ruumist-ruumi\/wp-json\/wp\/v2\/product"}],"about":[{"href":"https:\/\/blankpage.ee\/_ruumist-ruumi\/wp-json\/wp\/v2\/types\/product"}],"replies":[{"embeddable":true,"href":"https:\/\/blankpage.ee\/_ruumist-ruumi\/wp-json\/wp\/v2\/comments?post=149657"}],"wp:featuredmedia":[{"embeddable":true,"href":"https:\/\/blankpage.ee\/_ruumist-ruumi\/wp-json\/wp\/v2\/media\/163771"}],"wp:attachment":[{"href":"https:\/\/blankpage.ee\/_ruumist-ruumi\/wp-json\/wp\/v2\/media?parent=149657"}],"wp:term":[{"taxonomy":"product_brand","embeddable":true,"href":"https:\/\/blankpage.ee\/_ruumist-ruumi\/wp-json\/wp\/v2\/product_brand?post=149657"},{"taxonomy":"product_cat","embeddable":true,"href":"https:\/\/blankpage.ee\/_ruumist-ruumi\/wp-json\/wp\/v2\/product_cat?post=149657"},{"taxonomy":"product_tag","embeddable":true,"href":"https:\/\/blankpage.ee\/_ruumist-ruumi\/wp-json\/wp\/v2\/product_tag?post=149657"}],"curies":[{"name":"wp","href":"https:\/\/api.w.org\/{rel}","templated":true}]}}