{"id":149806,"date":"2025-03-06T09:35:34","date_gmt":"2025-03-06T09:35:34","guid":{"rendered":"https:\/\/ruumistruumi.ee\/pood\/alumiiniumist-aia-soogilaud-virya-hall-valge-1461-400\/"},"modified":"2025-08-14T11:11:56","modified_gmt":"2025-08-14T11:11:56","slug":"alumiiniumist-aia-soogilaud-virya-hall-valge-1461-400","status":"publish","type":"product","link":"https:\/\/blankpage.ee\/_ruumist-ruumi\/pood\/alumiiniumist-aia-soogilaud-virya-hall-valge-1461-400\/","title":{"rendered":"Alumiiniumist aia s\u00f6\u00f6gilaud Virya, hall\/valge, 1461-400"},"content":{"rendered":"<h3>Stiilne ja vastupidav alumiiniumist aia s\u00f6\u00f6gilaud<\/h3>\n<p><strong>Virya<\/strong> on elegantne ja praktiline valik neile, kes hindavad kvaliteetset ning vastupidavat aiam\u00f6\u00f6blit. Selle tugev konstruktsioon ja ajatu disain loovad meeldiva atmosf\u00e4\u00e4ri nii terrassil kui ka aias. T\u00e4nu oma avarale pinnale mahutab see s\u00f6\u00f6gilaud mugavalt kogu pere v\u00f5i s\u00f5pruskonna, pakkudes ideaalset paika \u00fchisteks \u00f5htus\u00f6\u00f6kideks v\u00e4rskes \u00f5hus.<\/p>\n<h3>Kvaliteetsed materjalid ja kaunis viimistlus<\/h3>\n<p>Virya aia s\u00f6\u00f6gilaud on valmistatud <strong>valgest alumiiniumist<\/strong>, mis tagab selle kerge kaalu ja roostevabad omadused. Tugev raam pakub suurep\u00e4rast stabiilsust ning on ilmastikukindel, mist\u00f5ttu sobib laud kasutamiseks aastaringselt. Lauaplaat on kaetud stiilse <strong>hallika klaaspinnaga<\/strong>, mis lisab modernset ilmet ja on lihtne hooldada.<\/p>\n<h3>Lihtne hooldus ja vastupidavus<\/h3>\n<p><strong>Alumiiniumist aia s\u00f6\u00f6gilaud<\/strong> on loodud v\u00e4litingimustesse ning vajab minimaalset hooldust. Pikaajalise ilusa v\u00e4limuse s\u00e4ilitamiseks soovitame puhastada seda regulaarselt leebe seebilahuse ja veega. Kui m\u00f6\u00f6bel asub mere l\u00e4hedal, on oluline see p\u00f5hjalikult loputada, et eemaldada \u00f5hus liikuv sool.<\/p>\n<h3>Kombineeri t\u00e4iuslikuks aiam\u00f6\u00f6bli komplektiks<\/h3>\n<p>Et luua \u00fchtne ja harmooniline v\u00e4limus, soovitame kombineerida Virya s\u00f6\u00f6gilauda sama sarja toolidega. Nii saad luua tervikliku ja funktsionaalse aiam\u00f6\u00f6bli komplekti, mis pakub nii mugavust kui ka stiili.<\/p>\n<p>Vali <strong>Virya alumiiniumist aia s\u00f6\u00f6gilaud<\/strong> ja naudi kaunilt kujundatud v\u00e4likeskkonda, kus \u00fchised hetked muutuvad veelgi erilisemaks!<\/p>\n","protected":false},"excerpt":{"rendered":"<p>Stiilne ja vastupidav alumiiniumist aia s\u00f6\u00f6gilaud Virya on elegantne ja praktiline valik neile, kes hindavad kvaliteetset ning vastupidavat aiam\u00f6\u00f6blit. Selle tugev konstruktsioon ja ajatu disain loovad meeldiva atmosf\u00e4\u00e4ri nii terrassil kui ka aias. T\u00e4nu oma avarale pinnale mahutab see s\u00f6\u00f6gilaud mugavalt kogu pere v\u00f5i s\u00f5pruskonna, pakkudes ideaalset paika \u00fchisteks \u00f5htus\u00f6\u00f6kideks v\u00e4rskes \u00f5hus. Kvaliteetsed materjalid ja [&hellip;]<\/p>\n","protected":false},"featured_media":163857,"comment_status":"open","ping_status":"open","template":"","meta":[],"product_brand":[1818],"product_cat":[1805],"product_tag":[],"class_list":{"0":"post-149806","1":"product","2":"type-product","3":"status-publish","4":"has-post-thumbnail","6":"product_brand-venture-design","7":"product_cat-kandilised-aia-soogilauad","8":"product_shipping_class-venture-design","9":"pa_jalgade-varv-valge","10":"pa_kollektsioon-virya","11":"pa_laua-tasapinna-varvus-hall","12":"pa_mootmed-74-x-160-x-90","13":"pa_varv-valge","14":"pa_varv-hall","16":"first","17":"instock","18":"taxable","19":"shipping-taxable","20":"purchasable","21":"product-type-simple"},"_links":{"self":[{"href":"https:\/\/blankpage.ee\/_ruumist-ruumi\/wp-json\/wp\/v2\/product\/149806","targetHints":{"allow":["GET"]}}],"collection":[{"href":"https:\/\/blankpage.ee\/_ruumist-ruumi\/wp-json\/wp\/v2\/product"}],"about":[{"href":"https:\/\/blankpage.ee\/_ruumist-ruumi\/wp-json\/wp\/v2\/types\/product"}],"replies":[{"embeddable":true,"href":"https:\/\/blankpage.ee\/_ruumist-ruumi\/wp-json\/wp\/v2\/comments?post=149806"}],"wp:featuredmedia":[{"embeddable":true,"href":"https:\/\/blankpage.ee\/_ruumist-ruumi\/wp-json\/wp\/v2\/media\/163857"}],"wp:attachment":[{"href":"https:\/\/blankpage.ee\/_ruumist-ruumi\/wp-json\/wp\/v2\/media?parent=149806"}],"wp:term":[{"taxonomy":"product_brand","embeddable":true,"href":"https:\/\/blankpage.ee\/_ruumist-ruumi\/wp-json\/wp\/v2\/product_brand?post=149806"},{"taxonomy":"product_cat","embeddable":true,"href":"https:\/\/blankpage.ee\/_ruumist-ruumi\/wp-json\/wp\/v2\/product_cat?post=149806"},{"taxonomy":"product_tag","embeddable":true,"href":"https:\/\/blankpage.ee\/_ruumist-ruumi\/wp-json\/wp\/v2\/product_tag?post=149806"}],"curies":[{"name":"wp","href":"https:\/\/api.w.org\/{rel}","templated":true}]}}