{"id":149825,"date":"2025-03-06T09:35:34","date_gmt":"2025-03-06T09:35:34","guid":{"rendered":"https:\/\/ruumistruumi.ee\/pood\/alumiiniumist-kandiline-aia-soogilaud-virya-must-1464-408\/"},"modified":"2025-08-14T11:11:58","modified_gmt":"2025-08-14T11:11:58","slug":"alumiiniumist-kandiline-aia-soogilaud-virya-200x100-cm-must-1464-408","status":"publish","type":"product","link":"https:\/\/blankpage.ee\/_ruumist-ruumi\/pood\/alumiiniumist-kandiline-aia-soogilaud-virya-200x100-cm-must-1464-408\/","title":{"rendered":"Alumiiniumist kandiline aia s\u00f6\u00f6gilaud Virya 200&#215;100 cm, must, 1464-408"},"content":{"rendered":"<h3>Stiilne ja vastupidav alumiiniumist aia s\u00f6\u00f6gilaud<\/h3>\n<p><strong>Virya must alumiiniumist aia s\u00f6\u00f6gilaud<\/strong> \u00fchendab endas modernse disaini ja praktilisuse. Selle elegantne klaasist lauaplaat loob luksusliku ilme, samas kui tugev alumiiniumraam tagab vastupidavuse ja pikaealisuse. T\u00e4nu ajatu stiiliga minimalistlikule vormile sobib see s\u00f6\u00f6gilaud suurep\u00e4raselt nii aeda, terrassile kui ka r\u00f5dule.<\/p>\n<h3>Kvaliteetne materjal ja ilmastikukindel viimistlus<\/h3>\n<p>Alumiinium on ideaalne materjal \u00f5uem\u00f6\u00f6blile, kuna see on roostekindel ja kerge, kuid samas stabiilne. Klaasist lauaplaat lisab elegantset viimistlust ning on samal ajal lihtsasti puhastatav. Virya aia s\u00f6\u00f6gilaud peab h\u00e4sti vastu erinevatele ilmastikutingimustele, mist\u00f5ttu sobib see suurep\u00e4raselt aastaringseks kasutamiseks v\u00e4litingimustes.<\/p>\n<h3>Lihtne hooldus ja pikaajaline kasutus<\/h3>\n<p>Alumiiniumist ja roostevabast terasest valmistatud \u00f5uem\u00f6\u00f6bel vajab regulaarset puhastamist, et s\u00e4ilitada oma esialgne v\u00e4limus ja kvaliteet. Soovitame puhastada s\u00f6\u00f6gilauda vee ja \u00f5rna seebilahusega, seej\u00e4rel loputada rohke puhta veega. Eriti oluline on hoolikas loputamine, kui laud asub mere l\u00e4hedal, kus soolane \u00f5hk v\u00f5ib m\u00f5jutada materjalide vastupidavust.<\/p>\n<h3>Naudi mugavaid \u00f5htus\u00f6\u00f6ke \u00f5ues<\/h3>\n<p>Kutsu kokku pere ja s\u00f5brad ning naudi suve\u00f5htuid selle kauni ja praktilise s\u00f6\u00f6gilaua \u00fcmber. <strong>Must alumiiniumist aia s\u00f6\u00f6gilaud Virya<\/strong> pakub stiilset ja vastupidavat lahendust igale \u00f5uealale, tuues esile nii funktsionaalsuse kui ka kaasaegse esteetika.<\/p>\n","protected":false},"excerpt":{"rendered":"<p>Stiilne ja vastupidav alumiiniumist aia s\u00f6\u00f6gilaud Virya must alumiiniumist aia s\u00f6\u00f6gilaud \u00fchendab endas modernse disaini ja praktilisuse. Selle elegantne klaasist lauaplaat loob luksusliku ilme, samas kui tugev alumiiniumraam tagab vastupidavuse ja pikaealisuse. T\u00e4nu ajatu stiiliga minimalistlikule vormile sobib see s\u00f6\u00f6gilaud suurep\u00e4raselt nii aeda, terrassile kui ka r\u00f5dule. Kvaliteetne materjal ja ilmastikukindel viimistlus Alumiinium on ideaalne [&hellip;]<\/p>\n","protected":false},"featured_media":163884,"comment_status":"open","ping_status":"closed","template":"","meta":[],"product_brand":[1818],"product_cat":[1805],"product_tag":[],"class_list":{"0":"post-149825","1":"product","2":"type-product","3":"status-publish","4":"has-post-thumbnail","6":"product_brand-venture-design","7":"product_cat-kandilised-aia-soogilauad","8":"product_shipping_class-venture-design","9":"pa_jalgade-varv-must","10":"pa_kollektsioon-virya","11":"pa_laua-tasapinna-varvus-must","12":"pa_mootmed-74-x-200-x-100","13":"pa_varv-must","15":"first","16":"instock","17":"taxable","18":"shipping-taxable","19":"purchasable","20":"product-type-simple"},"_links":{"self":[{"href":"https:\/\/blankpage.ee\/_ruumist-ruumi\/wp-json\/wp\/v2\/product\/149825","targetHints":{"allow":["GET"]}}],"collection":[{"href":"https:\/\/blankpage.ee\/_ruumist-ruumi\/wp-json\/wp\/v2\/product"}],"about":[{"href":"https:\/\/blankpage.ee\/_ruumist-ruumi\/wp-json\/wp\/v2\/types\/product"}],"replies":[{"embeddable":true,"href":"https:\/\/blankpage.ee\/_ruumist-ruumi\/wp-json\/wp\/v2\/comments?post=149825"}],"wp:featuredmedia":[{"embeddable":true,"href":"https:\/\/blankpage.ee\/_ruumist-ruumi\/wp-json\/wp\/v2\/media\/163884"}],"wp:attachment":[{"href":"https:\/\/blankpage.ee\/_ruumist-ruumi\/wp-json\/wp\/v2\/media?parent=149825"}],"wp:term":[{"taxonomy":"product_brand","embeddable":true,"href":"https:\/\/blankpage.ee\/_ruumist-ruumi\/wp-json\/wp\/v2\/product_brand?post=149825"},{"taxonomy":"product_cat","embeddable":true,"href":"https:\/\/blankpage.ee\/_ruumist-ruumi\/wp-json\/wp\/v2\/product_cat?post=149825"},{"taxonomy":"product_tag","embeddable":true,"href":"https:\/\/blankpage.ee\/_ruumist-ruumi\/wp-json\/wp\/v2\/product_tag?post=149825"}],"curies":[{"name":"wp","href":"https:\/\/api.w.org\/{rel}","templated":true}]}}