{"id":149840,"date":"2025-03-06T09:35:34","date_gmt":"2025-03-06T09:35:34","guid":{"rendered":"https:\/\/ruumistruumi.ee\/pood\/tiigipuust-ummargune-aia-soogilaud-mexico-naturaalne-valge-o140-6161-400\/"},"modified":"2025-08-14T11:12:01","modified_gmt":"2025-08-14T11:12:01","slug":"tiigipuust-ummargune-aia-soogilaud-mexico-naturaalne-valge-o140-6161-400","status":"publish","type":"product","link":"https:\/\/blankpage.ee\/_ruumist-ruumi\/pood\/tiigipuust-ummargune-aia-soogilaud-mexico-naturaalne-valge-o140-6161-400\/","title":{"rendered":"Tiigipuust \u00fcmmargune aia s\u00f6\u00f6gilaud Mexico, naturaalne\/valge, \u00f8140, 6161-400"},"content":{"rendered":"<h3>Tiigipuust aia s\u00f6\u00f6gilaud \u2013 kvaliteet ja ajatu disain<\/h3>\n<p><strong>Tiigipuust \u00fcmmargune aia s\u00f6\u00f6gilaud Mexico<\/strong> on ideaalne valik neile, kes hindavad kvaliteeti ja stiili. Selle l\u00e4bim\u00f5eldud disain v\u00f5imaldab mugavalt istuda \u00fcmber laua, ilma et keegi peaks istuma ebamugavalt serval. Sobita see kaunis s\u00f6\u00f6gilaud oma terrassile, aeda v\u00f5i r\u00f5dule ning naudi suviseid eineid v\u00e4rskes \u00f5hus.<\/p>\n<h3>Looduslik ilu ja vastupidavus<\/h3>\n<p>See <strong>tiigipuust aia s\u00f6\u00f6gilaud<\/strong> on valmistatud hoolikalt valitud sertifitseeritud tiigipuust, mis on kasvatatud j\u00e4tkusuutlikult ega p\u00e4rine ohustatud vihmametsadest. Tiigipuu on tuntud oma erakordse vastupidavuse ja ilmastikukindluse poolest, mist\u00f5ttu sobib see suurep\u00e4raselt v\u00e4litingimustesse. Lauaplaat toob esile naturaalse puidus\u00fc\u00fc ja soojad toonid, mis lisavad igale \u00f5ueruumile hubasust.<\/p>\n<h3>Stabiilne ja stiilne konstruktsioon<\/h3>\n<p>Laua tugeva ja vastupidava aluse moodustab valget v\u00e4rvi metallist raam, mis pakub suurep\u00e4rast stabiilsust ning loob kauni kontrasti naturaalse puiduga. T\u00e4nu \u00fcmmargusele kujule soodustab see s\u00f6\u00f6gilaud mugavat suhtlemist ning sobib suurep\u00e4raselt nii pereringis kui ka s\u00f5pradega \u00fchisteks \u00f5htus\u00f6\u00f6kideks.<\/p>\n<h3>Hooldus ja pikaealisus<\/h3>\n<p>Tiigipuu sisaldab looduslikult suures koguses \u00f5lisid, mis aitavad ennetada materjali pragunemist ning pikendavad selle eluiga. Seet\u00f5ttu ei ole vaja lauda sagedasti t\u00f6\u00f6delda, kuid regulaarne puhastamine ning aeg-ajalt \u00f5litamine aitab s\u00e4ilitada puidu kauni tooni ja vastupidavuse aastateks.<\/p>\n<p>Kujunda oma v\u00e4liruum stiilselt ja praktiliselt <strong>tiigipuust aia s\u00f6\u00f6gilaua<\/strong> abil ning loo ideaalne koht suvisteks hetkedeks koos l\u00e4hedastega!<\/p>\n","protected":false},"excerpt":{"rendered":"<p>Tiigipuust aia s\u00f6\u00f6gilaud \u2013 kvaliteet ja ajatu disain Tiigipuust \u00fcmmargune aia s\u00f6\u00f6gilaud Mexico on ideaalne valik neile, kes hindavad kvaliteeti ja stiili. Selle l\u00e4bim\u00f5eldud disain v\u00f5imaldab mugavalt istuda \u00fcmber laua, ilma et keegi peaks istuma ebamugavalt serval. Sobita see kaunis s\u00f6\u00f6gilaud oma terrassile, aeda v\u00f5i r\u00f5dule ning naudi suviseid eineid v\u00e4rskes \u00f5hus. Looduslik ilu ja [&hellip;]<\/p>\n","protected":false},"featured_media":164474,"comment_status":"open","ping_status":"open","template":"","meta":[],"product_brand":[1818],"product_cat":[1806],"product_tag":[],"class_list":{"0":"post-149840","1":"product","2":"type-product","3":"status-publish","4":"has-post-thumbnail","6":"product_brand-venture-design","7":"product_cat-ummargused-aia-soogilauad","8":"product_shipping_class-venture-design","9":"pa_jalgade-varv-valge","10":"pa_kollektsioon-mexico","11":"pa_laua-tasapinna-varvus-naturaalne","12":"pa_mootmed-o140","13":"pa_varv-naturaalne","14":"pa_varv-valge","16":"first","17":"instock","18":"taxable","19":"shipping-taxable","20":"purchasable","21":"product-type-simple"},"_links":{"self":[{"href":"https:\/\/blankpage.ee\/_ruumist-ruumi\/wp-json\/wp\/v2\/product\/149840","targetHints":{"allow":["GET"]}}],"collection":[{"href":"https:\/\/blankpage.ee\/_ruumist-ruumi\/wp-json\/wp\/v2\/product"}],"about":[{"href":"https:\/\/blankpage.ee\/_ruumist-ruumi\/wp-json\/wp\/v2\/types\/product"}],"replies":[{"embeddable":true,"href":"https:\/\/blankpage.ee\/_ruumist-ruumi\/wp-json\/wp\/v2\/comments?post=149840"}],"wp:featuredmedia":[{"embeddable":true,"href":"https:\/\/blankpage.ee\/_ruumist-ruumi\/wp-json\/wp\/v2\/media\/164474"}],"wp:attachment":[{"href":"https:\/\/blankpage.ee\/_ruumist-ruumi\/wp-json\/wp\/v2\/media?parent=149840"}],"wp:term":[{"taxonomy":"product_brand","embeddable":true,"href":"https:\/\/blankpage.ee\/_ruumist-ruumi\/wp-json\/wp\/v2\/product_brand?post=149840"},{"taxonomy":"product_cat","embeddable":true,"href":"https:\/\/blankpage.ee\/_ruumist-ruumi\/wp-json\/wp\/v2\/product_cat?post=149840"},{"taxonomy":"product_tag","embeddable":true,"href":"https:\/\/blankpage.ee\/_ruumist-ruumi\/wp-json\/wp\/v2\/product_tag?post=149840"}],"curies":[{"name":"wp","href":"https:\/\/api.w.org\/{rel}","templated":true}]}}