{"id":149954,"date":"2025-03-06T09:44:00","date_gmt":"2025-03-06T09:44:00","guid":{"rendered":"https:\/\/ruumistruumi.ee\/pood\/kunstrotangist-ripp-tool-viga-hall-valge-9549-409\/"},"modified":"2025-08-14T21:59:31","modified_gmt":"2025-08-14T21:59:31","slug":"kunstrotangist-ripp-tool-viga-hall-valge-9549-409","status":"publish","type":"product","link":"https:\/\/blankpage.ee\/_ruumist-ruumi\/pood\/kunstrotangist-ripp-tool-viga-hall-valge-9549-409\/","title":{"rendered":"Kunstrotangist ripp-tool Viga, hall\/valge, 9549-409"},"content":{"rendered":"<h3>Stiilne ja mugav kunstrotangist ripp-tool suve\u00f5htuteks<\/h3>\n<p>Muuda oma terrass v\u00f5i aianurk t\u00f5eliseks l\u00f5\u00f5gastuspaigaks <strong>kunstrotangist ripp-tooliga Viga<\/strong>. See elegantne m\u00f6\u00f6bliese \u00fchendab endas kaasaegse disaini ja praktilise vastupidavuse, pakkudes ideaalset kohta, kus nautida suviseid p\u00e4rastl\u00f5unaid. Valge metallist raam tagab tugevuse ja stabiilsuse, samas kui hallist kunstrotangist punutud korv lisab \u00f5hulisust ja stiili.<\/p>\n<h3>Luxuslik mugavus ja vastupidavad materjalid<\/h3>\n<p>Ripp-tool on varustatud pehmete, hallide patjadega, mis muudavad istumise eriti mugavaks. Puuvillased katted on eemaldatavad ja pestavad, kuid tuleb arvestada, et puuvill kipub pesus kergelt kokku t\u00f5mbama. Seet\u00f5ttu soovitame regulaarselt kasutada m\u00f6\u00f6blivahtu, mida saab lihtsalt tolmuimejaga eemaldada.<\/p>\n<h3>T\u00e4iuslik ilmastikukindlus<\/h3>\n<p>Kunstrotang on spetsiaalselt loodud taluma p\u00f5hjamaist kliimat \u2013 see on UV-kindel ega kahjustu vihma v\u00f5i tuule k\u00e4es. Valge metallraam on samuti vastupidav, kuid et v\u00e4ltida v\u00f5imalikke roostet\u00e4ppe, soovitame seda aeg-ajalt puhastada niiske pehme lapiga ja seebiveega.<\/p>\n<h3>Lisage oma aeda v\u00f5i terrassile stiilne aktsent<\/h3>\n<p><strong>Kunstrotangist ripp-tool Viga<\/strong> ei ole pelgalt praktiline m\u00f6\u00f6bliese, vaid ka t\u00f5eline pilgup\u00fc\u00fcdja. Selle ajatu disain sobitub suurep\u00e4raselt erinevate sise- ja v\u00e4liruumidega, pakkudes silmailu ja l\u00f5\u00f5gastumisv\u00f5imalust nii p\u00e4evaseks lugemiseks kui ka \u00f5htuseks t\u00e4histaeva nautimiseks.<\/p>\n","protected":false},"excerpt":{"rendered":"<p>Stiilne ja mugav kunstrotangist ripp-tool suve\u00f5htuteks Muuda oma terrass v\u00f5i aianurk t\u00f5eliseks l\u00f5\u00f5gastuspaigaks kunstrotangist ripp-tooliga Viga. See elegantne m\u00f6\u00f6bliese \u00fchendab endas kaasaegse disaini ja praktilise vastupidavuse, pakkudes ideaalset kohta, kus nautida suviseid p\u00e4rastl\u00f5unaid. Valge metallist raam tagab tugevuse ja stabiilsuse, samas kui hallist kunstrotangist punutud korv lisab \u00f5hulisust ja stiili. Luxuslik mugavus ja vastupidavad materjalid [&hellip;]<\/p>\n","protected":false},"featured_media":161481,"comment_status":"open","ping_status":"open","template":"","meta":[],"product_brand":[1818],"product_cat":[1681],"product_tag":[],"class_list":{"0":"post-149954","1":"product","2":"type-product","3":"status-publish","4":"has-post-thumbnail","6":"product_brand-venture-design","7":"product_cat-ripp-toolid-terrassile","8":"product_shipping_class-venture-design","9":"pa_istme-materjal-punutis","10":"pa_jalgade-varv-valge","11":"pa_kangas-100-poluester","12":"pa_kollektsioon-viga","13":"pa_mootmed-95-x-196-x-95","14":"pa_pehmenduste-materjal-poluester","15":"pa_varv-valge","16":"pa_varv-hall","18":"first","19":"outofstock","20":"sale","21":"taxable","22":"shipping-taxable","23":"purchasable","24":"product-type-simple"},"_links":{"self":[{"href":"https:\/\/blankpage.ee\/_ruumist-ruumi\/wp-json\/wp\/v2\/product\/149954","targetHints":{"allow":["GET"]}}],"collection":[{"href":"https:\/\/blankpage.ee\/_ruumist-ruumi\/wp-json\/wp\/v2\/product"}],"about":[{"href":"https:\/\/blankpage.ee\/_ruumist-ruumi\/wp-json\/wp\/v2\/types\/product"}],"replies":[{"embeddable":true,"href":"https:\/\/blankpage.ee\/_ruumist-ruumi\/wp-json\/wp\/v2\/comments?post=149954"}],"wp:featuredmedia":[{"embeddable":true,"href":"https:\/\/blankpage.ee\/_ruumist-ruumi\/wp-json\/wp\/v2\/media\/161481"}],"wp:attachment":[{"href":"https:\/\/blankpage.ee\/_ruumist-ruumi\/wp-json\/wp\/v2\/media?parent=149954"}],"wp:term":[{"taxonomy":"product_brand","embeddable":true,"href":"https:\/\/blankpage.ee\/_ruumist-ruumi\/wp-json\/wp\/v2\/product_brand?post=149954"},{"taxonomy":"product_cat","embeddable":true,"href":"https:\/\/blankpage.ee\/_ruumist-ruumi\/wp-json\/wp\/v2\/product_cat?post=149954"},{"taxonomy":"product_tag","embeddable":true,"href":"https:\/\/blankpage.ee\/_ruumist-ruumi\/wp-json\/wp\/v2\/product_tag?post=149954"}],"curies":[{"name":"wp","href":"https:\/\/api.w.org\/{rel}","templated":true}]}}