{"id":149968,"date":"2025-03-06T09:44:00","date_gmt":"2025-03-06T09:44:00","guid":{"rendered":"https:\/\/ruumistruumi.ee\/pood\/alumiiniumist-recliner-aiatool-toscana-pruun-naturaalne-9011-761l\/"},"modified":"2025-08-21T00:42:55","modified_gmt":"2025-08-21T00:42:55","slug":"alumiiniumist-recliner-aiatool-toscana-pruun-naturaalne-9011-761l","status":"publish","type":"product","link":"https:\/\/blankpage.ee\/_ruumist-ruumi\/pood\/alumiiniumist-recliner-aiatool-toscana-pruun-naturaalne-9011-761l\/","title":{"rendered":"Alumiiniumist recliner aiatool Toscana, pruun\/naturaalne, 9011-761L"},"content":{"rendered":"<h3>Elegantne ja vastupidav alumiiniumist recliner aiatool<\/h3>\n<p>Naudi sooje suve\u00f5htuid ja mugavaid hetki Toscana <strong>alumiiniumist recliner aiatoolil<\/strong>, mis \u00fchendab stiili ja praktilisuse. Selle kvaliteetne alumiiniumraam on kerge, kuid vastupidav, pakkudes stabiilsust ja pikaajalist kasutusmugavust. Tooli kaunistab pruunist ja naturaalsest toonist punutud kunstmaterjal, mis lisab sellele sooja ja maal\u00e4hedase ilme.<\/p>\n<h3>Reguleeritav seljatugi maksimaalseks mugavuseks<\/h3>\n<p>Toscana aiatooli seljatugi on reguleeritav, v\u00f5imaldades leida just sinu eelistustele sobivaima istumisasendi. T\u00e4nu ergonoomilisele disainile on see ideaalne valik nii \u00f5htus\u00f6\u00f6kide nautimiseks kui ka l\u00f5\u00f5gastumiseks p\u00e4rast pikka p\u00e4eva. <\/p>\n<h3>Kvaliteetsed materjalid, mis taluvad ilmastikutingimusi<\/h3>\n<p>Tooli punutud kate on valmistatud ilmastikukindlast materjalist, mis on UV-kindel ega tuhmu p\u00e4ikese k\u00e4es. See t\u00e4hendab, et m\u00f6\u00f6bel s\u00e4ilitab oma kauni v\u00e4limuse ka aastate p\u00e4rast. Kuigi aiatool on loodud vastu pidama erinevatele ilmastikutingimustele, soovitame selle eluiga pikendada, hoides seda jahedas ja kuivas kohas v\u00f5i kasutades m\u00f6\u00f6blikatteid.<\/p>\n<h3>Kaunis ja praktiline lisandus sinu aeda<\/h3>\n<p>Toscana <strong>alumiiniumist recliner aiatool<\/strong> sobib suurep\u00e4raselt igasse aeda v\u00f5i terrassile, pakkudes nii silmailu kui ka kasutusmugavust. Selle ajatu disain ning vastupidavad materjalid tagavad, et see j\u00e4\u00e4b sinu \u00f5ueruumi lemmikm\u00f6\u00f6bliks pikkadeks aastateks.<\/p>\n","protected":false},"excerpt":{"rendered":"<p>Elegantne ja vastupidav alumiiniumist recliner aiatool Naudi sooje suve\u00f5htuid ja mugavaid hetki Toscana alumiiniumist recliner aiatoolil, mis \u00fchendab stiili ja praktilisuse. Selle kvaliteetne alumiiniumraam on kerge, kuid vastupidav, pakkudes stabiilsust ja pikaajalist kasutusmugavust. Tooli kaunistab pruunist ja naturaalsest toonist punutud kunstmaterjal, mis lisab sellele sooja ja maal\u00e4hedase ilme. Reguleeritav seljatugi maksimaalseks mugavuseks Toscana aiatooli seljatugi [&hellip;]<\/p>\n","protected":false},"featured_media":162273,"comment_status":"open","ping_status":"open","template":"","meta":[],"product_brand":[1818],"product_cat":[1594],"product_tag":[],"class_list":{"0":"post-149968","1":"product","2":"type-product","3":"status-publish","4":"has-post-thumbnail","6":"product_brand-venture-design","7":"product_cat-aed-ja-terrass","8":"product_shipping_class-venture-design","9":"pa_istme-materjal-punutis","10":"pa_istme-varvus-naturaalne","11":"pa_jalgade-varv-naturaalne","12":"pa_kangas-100-poluester-linane","13":"pa_kollektsioon-toscana","14":"pa_mootmed-61-x-113-x-61","15":"pa_pehmenduste-materjal-polyester-linen","16":"pa_varv-naturaalne","17":"pa_varv-pruun","19":"first","20":"outofstock","21":"sale","22":"taxable","23":"shipping-taxable","24":"purchasable","25":"product-type-simple"},"_links":{"self":[{"href":"https:\/\/blankpage.ee\/_ruumist-ruumi\/wp-json\/wp\/v2\/product\/149968","targetHints":{"allow":["GET"]}}],"collection":[{"href":"https:\/\/blankpage.ee\/_ruumist-ruumi\/wp-json\/wp\/v2\/product"}],"about":[{"href":"https:\/\/blankpage.ee\/_ruumist-ruumi\/wp-json\/wp\/v2\/types\/product"}],"replies":[{"embeddable":true,"href":"https:\/\/blankpage.ee\/_ruumist-ruumi\/wp-json\/wp\/v2\/comments?post=149968"}],"wp:featuredmedia":[{"embeddable":true,"href":"https:\/\/blankpage.ee\/_ruumist-ruumi\/wp-json\/wp\/v2\/media\/162273"}],"wp:attachment":[{"href":"https:\/\/blankpage.ee\/_ruumist-ruumi\/wp-json\/wp\/v2\/media?parent=149968"}],"wp:term":[{"taxonomy":"product_brand","embeddable":true,"href":"https:\/\/blankpage.ee\/_ruumist-ruumi\/wp-json\/wp\/v2\/product_brand?post=149968"},{"taxonomy":"product_cat","embeddable":true,"href":"https:\/\/blankpage.ee\/_ruumist-ruumi\/wp-json\/wp\/v2\/product_cat?post=149968"},{"taxonomy":"product_tag","embeddable":true,"href":"https:\/\/blankpage.ee\/_ruumist-ruumi\/wp-json\/wp\/v2\/product_tag?post=149968"}],"curies":[{"name":"wp","href":"https:\/\/api.w.org\/{rel}","templated":true}]}}