{"id":150027,"date":"2025-03-06T09:44:00","date_gmt":"2025-03-06T09:44:00","guid":{"rendered":"https:\/\/ruumistruumi.ee\/pood\/alumiiniumist-aiatool-lindos-must-pruun-9565-027\/"},"modified":"2025-08-21T00:42:56","modified_gmt":"2025-08-21T00:42:56","slug":"alumiiniumist-aiatool-lindos-must-pruun-9565-027","status":"publish","type":"product","link":"https:\/\/blankpage.ee\/_ruumist-ruumi\/pood\/alumiiniumist-aiatool-lindos-must-pruun-9565-027\/","title":{"rendered":"Alumiiniumist aiatool Lindos, must\/pruun, 9565-027"},"content":{"rendered":"<h3>Stiilne ja vastupidav alumiiniumist aiatool Lindos<\/h3>\n<p>Muuda oma terrass v\u00f5i aianurk kaasaegseks ja hubaseks <strong>alumiiniumist aiatooliga Lindos<\/strong>. Selle elegantne disain \u00fchendab endas vastupidava musta alumiiniumraami ja pruuni\/bee\u017ei pol\u00fcesterk\u00f6iest istme, mis loovad harmoonilise ning ajatu ilme. T\u00e4nu oma stiilsele v\u00e4limusele sobib see tool suurep\u00e4raselt nii klassikalisse kui ka modernsesse keskkonda.<\/p>\n<h3>Kvaliteetne ja praktiline disain<\/h3>\n<p><strong>Alumiiniumist aiatool<\/strong> Lindos ei ole mitte ainult kaunis, vaid ka praktiline. T\u00e4nu virnastatavusele on toolid kergesti hoiustatavad, s\u00e4\u00e4stes ruumi, kui neid parajasti ei kasutata. Selle tugev alumiiniumraam pakub stabiilsust ja vastupidavust, samas kui hoolikalt punutud pol\u00fcesterk\u00f6is tagab mugava istumiskogemuse.<\/p>\n<h3>Lihtne hooldus ja vastupidav materjal<\/h3>\n<p>Tooli istumisosa on valmistatud kvaliteetsest pol\u00fcesterk\u00f6iest, mis on vastupidav ja kergesti hooldatav. Puhastamiseks piisab seebi ja vee kasutamisest ning \u00f5hu k\u00e4es kuivatamisest. Raskesti ligip\u00e4\u00e4setavate kohtade puhastamiseks v\u00f5ib kasutada pehmet harja. Tugevaid kemikaale v\u00f5i survepesurit ei ole soovitatav kasutada, et s\u00e4ilitada materjali parim seisukord.<\/p>\n<h3>Mitmek\u00fclgne valik igasse aeda<\/h3>\n<p>Kombineeri <strong>alumiiniumist aiatool<\/strong> Lindos teiste aiam\u00f6\u00f6bliesemetega ja loo \u00f5ues einestamiseks v\u00f5i l\u00f5\u00f5gastumiseks t\u00e4iuslik keskkond. Selle ajatu disain ja vastupidavad materjalid tagavad, et tool p\u00fcsib kaunina l\u00e4bi aastate.<\/p>\n","protected":false},"excerpt":{"rendered":"<p>Stiilne ja vastupidav alumiiniumist aiatool Lindos Muuda oma terrass v\u00f5i aianurk kaasaegseks ja hubaseks alumiiniumist aiatooliga Lindos. Selle elegantne disain \u00fchendab endas vastupidava musta alumiiniumraami ja pruuni\/bee\u017ei pol\u00fcesterk\u00f6iest istme, mis loovad harmoonilise ning ajatu ilme. T\u00e4nu oma stiilsele v\u00e4limusele sobib see tool suurep\u00e4raselt nii klassikalisse kui ka modernsesse keskkonda. Kvaliteetne ja praktiline disain Alumiiniumist aiatool [&hellip;]<\/p>\n","protected":false},"featured_media":160926,"comment_status":"open","ping_status":"open","template":"","meta":[],"product_brand":[1818],"product_cat":[1594],"product_tag":[],"class_list":{"0":"post-150027","1":"product","2":"type-product","3":"status-publish","4":"has-post-thumbnail","6":"product_brand-venture-design","7":"product_cat-aed-ja-terrass","8":"product_shipping_class-venture-design","9":"pa_istme-materjal-poluesterkois","10":"pa_istme-varvus-pruun","11":"pa_jalgade-varv-must","12":"pa_kangas-100-poluester","13":"pa_kollektsioon-lindos","14":"pa_mootmed-66-x-55-x-85","15":"pa_varv-pruun","16":"pa_varv-must","18":"first","19":"instock","20":"sale","21":"taxable","22":"shipping-taxable","23":"purchasable","24":"product-type-simple"},"_links":{"self":[{"href":"https:\/\/blankpage.ee\/_ruumist-ruumi\/wp-json\/wp\/v2\/product\/150027","targetHints":{"allow":["GET"]}}],"collection":[{"href":"https:\/\/blankpage.ee\/_ruumist-ruumi\/wp-json\/wp\/v2\/product"}],"about":[{"href":"https:\/\/blankpage.ee\/_ruumist-ruumi\/wp-json\/wp\/v2\/types\/product"}],"replies":[{"embeddable":true,"href":"https:\/\/blankpage.ee\/_ruumist-ruumi\/wp-json\/wp\/v2\/comments?post=150027"}],"wp:featuredmedia":[{"embeddable":true,"href":"https:\/\/blankpage.ee\/_ruumist-ruumi\/wp-json\/wp\/v2\/media\/160926"}],"wp:attachment":[{"href":"https:\/\/blankpage.ee\/_ruumist-ruumi\/wp-json\/wp\/v2\/media?parent=150027"}],"wp:term":[{"taxonomy":"product_brand","embeddable":true,"href":"https:\/\/blankpage.ee\/_ruumist-ruumi\/wp-json\/wp\/v2\/product_brand?post=150027"},{"taxonomy":"product_cat","embeddable":true,"href":"https:\/\/blankpage.ee\/_ruumist-ruumi\/wp-json\/wp\/v2\/product_cat?post=150027"},{"taxonomy":"product_tag","embeddable":true,"href":"https:\/\/blankpage.ee\/_ruumist-ruumi\/wp-json\/wp\/v2\/product_tag?post=150027"}],"curies":[{"name":"wp","href":"https:\/\/api.w.org\/{rel}","templated":true}]}}