{"id":150081,"date":"2025-03-06T09:44:00","date_gmt":"2025-03-06T09:44:00","guid":{"rendered":"https:\/\/ruumistruumi.ee\/pood\/akaatsiapuidust-aiatool-chania-must-hall-naturaalne-9328-022\/"},"modified":"2025-06-11T09:10:23","modified_gmt":"2025-06-11T09:10:23","slug":"akaatsiapuidust-aiatool-chania-must-hall-naturaalne-9328-022","status":"publish","type":"product","link":"https:\/\/blankpage.ee\/_ruumist-ruumi\/pood\/akaatsiapuidust-aiatool-chania-must-hall-naturaalne-9328-022\/","title":{"rendered":"Akaatsiapuidust aiatool Chania, must\/hall\/naturaalne, 9328-022"},"content":{"rendered":"<h3>Stiilne ja vastupidav akaatsiapuidust aiatool Chania<\/h3>\n<p><strong>Akaatsiapuidust aiatool Chania<\/strong> on ideaalne valik neile, kes hindavad modernset disaini ja vastupidavust. Selle musta pol\u00fcesterk\u00f6iest istumisosa loob \u00f5hulise ja elegantse ilme, samas kui tugev metallraam tagab stabiilsuse ja pikaealisuse. Tooli ajatu ja maitsekas disain muudab selle suurep\u00e4raseks lisandiks igale terrassile v\u00f5i aeda, pakkudes mugavat istumiskohta nii pere kui ka k\u00fclaliste jaoks.<\/p>\n<h3>Kvaliteetsed materjalid ja lihtne hooldus<\/h3>\n<p>Chania aiatool on valmistatud kvaliteetsetest materjalidest, mis tagavad selle vastupidavuse ka v\u00e4listingimustes. Akaatsiapuidust jalad annavad toolile naturaalse ja sooja ilme, samal ajal kui tugev pol\u00fcesterk\u00f6is on loodud vastu pidama erinevatele ilmastikuoludele. Tooli hooldus on lihtne \u2013 puhastamiseks soovitame kasutada seepi ja vett ning lasta toolil \u00f5hu k\u00e4es kuivada. Raskesti ligip\u00e4\u00e4setavate kohtade puhastamiseks v\u00f5ib kasutada v\u00e4ikest harja. V\u00e4ltige survepesurit ja tugevaid kemikaale, et s\u00e4ilitada k\u00f6ie kvaliteet.<\/p>\n<h3>Miks valida akaatsiapuidust aiatool?<\/h3>\n<p>Akaatsiapuit on tuntud oma tugevuse ja ilmastikukindluse poolest, mist\u00f5ttu on see ideaalne materjal \u00f5uem\u00f6\u00f6blile. Selle looduslik soojatooniline viimistlus t\u00e4iendab suurep\u00e4raselt kaasaegset disaini ning sobib erinevate aiastiilidega. Lisaks on tooli metallraam vastupidav ja stabiilne, pakkudes kindlat tuge igap\u00e4evaseks kasutamiseks.<\/p>\n<p>Too oma aeda v\u00f5i terrassile kaasaegne ja mugav istumislahendus \u2013 <strong>akaatsiapuidust aiatool Chania<\/strong> \u00fchendab endas stiili, kvaliteedi ja mugavuse!<\/p>\n","protected":false},"excerpt":{"rendered":"<p>Stiilne ja vastupidav akaatsiapuidust aiatool Chania Akaatsiapuidust aiatool Chania on ideaalne valik neile, kes hindavad modernset disaini ja vastupidavust. Selle musta pol\u00fcesterk\u00f6iest istumisosa loob \u00f5hulise ja elegantse ilme, samas kui tugev metallraam tagab stabiilsuse ja pikaealisuse. Tooli ajatu ja maitsekas disain muudab selle suurep\u00e4raseks lisandiks igale terrassile v\u00f5i aeda, pakkudes mugavat istumiskohta nii pere kui [&hellip;]<\/p>\n","protected":false},"featured_media":160832,"comment_status":"open","ping_status":"open","template":"","meta":[],"product_brand":[1818],"product_cat":[1683],"product_tag":[],"class_list":{"0":"post-150081","1":"product","2":"type-product","3":"status-publish","4":"has-post-thumbnail","6":"product_brand-venture-design","7":"product_cat-aiatoolid","8":"product_shipping_class-venture-design","9":"pa_istme-materjal-metall","10":"pa_istme-materjal-poluesterkois","11":"pa_istme-varvus-must","12":"pa_jalgade-varv-naturaalne","13":"pa_kangas-100-poluester","14":"pa_kollektsioon-chania","15":"pa_mootmed-63-x-61-x-87","16":"pa_pehmenduste-materjal-poluester","17":"pa_varv-naturaalne","18":"pa_varv-hall","19":"pa_varv-must","21":"first","22":"outofstock","23":"sale","24":"taxable","25":"shipping-taxable","26":"purchasable","27":"product-type-simple"},"_links":{"self":[{"href":"https:\/\/blankpage.ee\/_ruumist-ruumi\/wp-json\/wp\/v2\/product\/150081","targetHints":{"allow":["GET"]}}],"collection":[{"href":"https:\/\/blankpage.ee\/_ruumist-ruumi\/wp-json\/wp\/v2\/product"}],"about":[{"href":"https:\/\/blankpage.ee\/_ruumist-ruumi\/wp-json\/wp\/v2\/types\/product"}],"replies":[{"embeddable":true,"href":"https:\/\/blankpage.ee\/_ruumist-ruumi\/wp-json\/wp\/v2\/comments?post=150081"}],"wp:featuredmedia":[{"embeddable":true,"href":"https:\/\/blankpage.ee\/_ruumist-ruumi\/wp-json\/wp\/v2\/media\/160832"}],"wp:attachment":[{"href":"https:\/\/blankpage.ee\/_ruumist-ruumi\/wp-json\/wp\/v2\/media?parent=150081"}],"wp:term":[{"taxonomy":"product_brand","embeddable":true,"href":"https:\/\/blankpage.ee\/_ruumist-ruumi\/wp-json\/wp\/v2\/product_brand?post=150081"},{"taxonomy":"product_cat","embeddable":true,"href":"https:\/\/blankpage.ee\/_ruumist-ruumi\/wp-json\/wp\/v2\/product_cat?post=150081"},{"taxonomy":"product_tag","embeddable":true,"href":"https:\/\/blankpage.ee\/_ruumist-ruumi\/wp-json\/wp\/v2\/product_tag?post=150081"}],"curies":[{"name":"wp","href":"https:\/\/api.w.org\/{rel}","templated":true}]}}