{"id":150098,"date":"2025-03-06T09:44:00","date_gmt":"2025-03-06T09:44:00","guid":{"rendered":"https:\/\/ruumistruumi.ee\/pood\/alumiiniumist-aiatool-bois-must-9558-022\/"},"modified":"2025-08-14T11:11:51","modified_gmt":"2025-08-14T11:11:51","slug":"metallist-aiatool-bois-must-9558-022","status":"publish","type":"product","link":"https:\/\/blankpage.ee\/_ruumist-ruumi\/pood\/metallist-aiatool-bois-must-9558-022\/","title":{"rendered":"Metallist aiatool Bois, must, 9558-022"},"content":{"rendered":"<h3>Stiilne ja vastupidav metallist aiatool Bois<\/h3>\n<p><strong>Must metallist aiatool Bois<\/strong> \u00fchendab endas moodsa disaini, vastupidavuse ja mugavuse. Selle ajatu v\u00e4limus sobib suurep\u00e4raselt igasse aeda, terrassile v\u00f5i r\u00f5dule, pakkudes stiilset ja praktilist istumisv\u00f5imalust. Tooli raam on valmistatud vastupidavast metallist, mis tagab stabiilsuse ja pika kasutusea, samas kui istumisosa on kaetud kvaliteetse pol\u00fcesterk\u00f6iega, mis toob kaasa nii elegantsi kui ka mugavuse.<\/p>\n<h3>Ergonoomiline disain ja kvaliteetsed materjalid<\/h3>\n<p>Bois aiatooli disainis on arvestatud nii esteetika kui ka kasutusmugavusega. Pehmed, kuid vastupidavad pol\u00fcesterk\u00f6ied loovad meeldiva istumiskogemuse, samal ajal kui k\u00e4etoed on valmistatud looduslikust tiigipuust, lisades toolile sooja ja loodusl\u00e4hedase ilme. T\u00e4nu oma ergonoomilisele kujule toetab tool keha \u00f5igesti ja v\u00f5imaldab l\u00f5\u00f5gastuda ka pikemate \u00f5htus\u00f6\u00f6kide ajal.<\/p>\n<h3>Lihtne hooldus ja praktilisus<\/h3>\n<p>Bois on mitte ainult stiilne, vaid ka praktiline valik. T\u00e4nu oma <strong>virnastatavale disainile<\/strong> on seda lihtne hoiustada ja ruumi kokku hoida. Pol\u00fcesterk\u00f6iest istumisosa on loodud vastu pidama erinevatele ilmastikutingimustele, olles samal ajal kergesti puhastatav. Parima hoolduse tagamiseks soovitame puhastada tooli seebi ja veega ning lasta sellel \u00f5hu k\u00e4es kuivada. Raskesti ligip\u00e4\u00e4setavate kohtade jaoks v\u00f5ib kasutada pehmet harja. V\u00e4ltida tuleks survepesurit ja tugevaid kemikaale.<\/p>\n<h3>Ideaalne valik igasse v\u00e4liruum<\/h3>\n<p>Kui otsid kaasaegset ja vastupidavat lahendust oma aiam\u00f6\u00f6blile, siis <strong>must metallist aiatool Bois<\/strong> on suurep\u00e4rane valik. See pakub mugavust, stiili ja vastupidavust, olles samal ajal kergesti hooldatav ning praktiline. T\u00e4ienda oma terrassi v\u00f5i r\u00f5du kvaliteetse ja elegantse aiatooliga ning naudi \u00f5ues veedetud aega t\u00e4iel rinnal!<\/p>\n","protected":false},"excerpt":{"rendered":"<p>Stiilne ja vastupidav metallist aiatool Bois Must metallist aiatool Bois \u00fchendab endas moodsa disaini, vastupidavuse ja mugavuse. Selle ajatu v\u00e4limus sobib suurep\u00e4raselt igasse aeda, terrassile v\u00f5i r\u00f5dule, pakkudes stiilset ja praktilist istumisv\u00f5imalust. Tooli raam on valmistatud vastupidavast metallist, mis tagab stabiilsuse ja pika kasutusea, samas kui istumisosa on kaetud kvaliteetse pol\u00fcesterk\u00f6iega, mis toob kaasa nii [&hellip;]<\/p>\n","protected":false},"featured_media":160887,"comment_status":"open","ping_status":"closed","template":"","meta":[],"product_brand":[1818],"product_cat":[1683],"product_tag":[],"class_list":{"0":"post-150098","1":"product","2":"type-product","3":"status-publish","4":"has-post-thumbnail","6":"product_brand-venture-design","7":"product_cat-aiatoolid","8":"product_shipping_class-venture-design","9":"pa_istme-materjal-metall","10":"pa_istme-materjal-poluesterkois","11":"pa_istme-varvus-must","12":"pa_jalgade-varv-must","13":"pa_kangas-100-poluester","14":"pa_kollektsioon-bois","15":"pa_mootmed-63-x-60-x-93","16":"pa_varv-must","18":"first","19":"instock","20":"sale","21":"taxable","22":"shipping-taxable","23":"purchasable","24":"product-type-simple"},"_links":{"self":[{"href":"https:\/\/blankpage.ee\/_ruumist-ruumi\/wp-json\/wp\/v2\/product\/150098","targetHints":{"allow":["GET"]}}],"collection":[{"href":"https:\/\/blankpage.ee\/_ruumist-ruumi\/wp-json\/wp\/v2\/product"}],"about":[{"href":"https:\/\/blankpage.ee\/_ruumist-ruumi\/wp-json\/wp\/v2\/types\/product"}],"replies":[{"embeddable":true,"href":"https:\/\/blankpage.ee\/_ruumist-ruumi\/wp-json\/wp\/v2\/comments?post=150098"}],"wp:featuredmedia":[{"embeddable":true,"href":"https:\/\/blankpage.ee\/_ruumist-ruumi\/wp-json\/wp\/v2\/media\/160887"}],"wp:attachment":[{"href":"https:\/\/blankpage.ee\/_ruumist-ruumi\/wp-json\/wp\/v2\/media?parent=150098"}],"wp:term":[{"taxonomy":"product_brand","embeddable":true,"href":"https:\/\/blankpage.ee\/_ruumist-ruumi\/wp-json\/wp\/v2\/product_brand?post=150098"},{"taxonomy":"product_cat","embeddable":true,"href":"https:\/\/blankpage.ee\/_ruumist-ruumi\/wp-json\/wp\/v2\/product_cat?post=150098"},{"taxonomy":"product_tag","embeddable":true,"href":"https:\/\/blankpage.ee\/_ruumist-ruumi\/wp-json\/wp\/v2\/product_tag?post=150098"}],"curies":[{"name":"wp","href":"https:\/\/api.w.org\/{rel}","templated":true}]}}