{"id":150130,"date":"2025-03-06T09:53:36","date_gmt":"2025-03-06T09:53:36","guid":{"rendered":"https:\/\/ruumistruumi.ee\/pood\/alumiiniumist-aiatool-lindos-must-9323-022\/"},"modified":"2025-08-19T22:02:39","modified_gmt":"2025-08-19T22:02:39","slug":"alumiiniumist-aiatool-lindos-must-9323-022","status":"publish","type":"product","link":"https:\/\/blankpage.ee\/_ruumist-ruumi\/pood\/alumiiniumist-aiatool-lindos-must-9323-022\/","title":{"rendered":"Alumiiniumist aiatool Lindos, must, 9323-022"},"content":{"rendered":"<h3>Stiilne ja vastupidav alumiiniumist aiatool Lindos<\/h3>\n<p><strong>Must alumiiniumist aiatool Lindos<\/strong> on ideaalne valik igasse aeda v\u00f5i terrassile. Selle kaasaegne ja ajatu disain sobib suurep\u00e4raselt erinevate aiam\u00f6\u00f6blikomplektidega, pakkudes stiilset ja mugavat istumiskohta. T\u00e4nu vastupidavatele materjalidele ja kvaliteetsele viimistlusele on see tool hinnatud paljudes kodudes.<\/p>\n<h3>Kvaliteetsed materjalid ja mugav disain<\/h3>\n<p>Aiatooli raam on valmistatud tugevast ja ilmastikukindlast <strong>alumiiniumist<\/strong>, mis tagab pikaealisuse ja roostekindluse. Tooli istumisosa ja seljatugi on kaetud vastupidava <strong>pol\u00fcesterk\u00f6iega<\/strong>, mis mitte ainult ei lisa elegantsi, vaid on ka pehme ja mugav. Must v\u00e4rvus annab sellele modernse ja stiilse v\u00e4limuse, mis sobib igasse v\u00e4liruumi.<\/p>\n<h3>Lihtne hooldus ja praktilisus<\/h3>\n<p>Tool on virnastatav, mis teeb selle hoiustamise lihtsaks ja ruumis\u00e4\u00e4stlikuks. Hooldus on samuti lihtne \u2013 pol\u00fcesterk\u00f6is on kvaliteetne ja kergesti puhastatav. Regulaarseks hoolduseks piisab seebiveest ning \u00f5rnast harjamisest raskesti ligip\u00e4\u00e4setavate kohtade puhastamiseks. V\u00e4ltida tuleks survepesurit ja tugevaid kemikaale, mis v\u00f5ivad kahjustada materjali struktuuri.<\/p>\n<h3>Nautige suve maksimaalselt<\/h3>\n<p>Kombineerige <strong>must alumiiniumist aiatool Lindos<\/strong> kauni s\u00f6\u00f6gilauaga ning looge oma aeda v\u00f5i terrassile t\u00e4iuslik \u00f5hkkond suvisteks koosviibimisteks. Selle vastupidavus ja ajatu disain tagavad aastatepikkuse kasutusmugavuse ja ilu.<\/p>\n","protected":false},"excerpt":{"rendered":"<p>Stiilne ja vastupidav alumiiniumist aiatool Lindos Must alumiiniumist aiatool Lindos on ideaalne valik igasse aeda v\u00f5i terrassile. Selle kaasaegne ja ajatu disain sobib suurep\u00e4raselt erinevate aiam\u00f6\u00f6blikomplektidega, pakkudes stiilset ja mugavat istumiskohta. T\u00e4nu vastupidavatele materjalidele ja kvaliteetsele viimistlusele on see tool hinnatud paljudes kodudes. Kvaliteetsed materjalid ja mugav disain Aiatooli raam on valmistatud tugevast ja ilmastikukindlast [&hellip;]<\/p>\n","protected":false},"featured_media":160813,"comment_status":"open","ping_status":"open","template":"","meta":[],"product_brand":[1818],"product_cat":[1683],"product_tag":[],"class_list":{"0":"post-150130","1":"product","2":"type-product","3":"status-publish","4":"has-post-thumbnail","6":"product_brand-venture-design","7":"product_cat-aiatoolid","8":"product_shipping_class-venture-design","9":"pa_istme-materjal-poluesterkois","10":"pa_istme-varvus-must","11":"pa_jalgade-varv-must","12":"pa_kangas-100-poluester","13":"pa_kollektsioon-lindos","14":"pa_mootmed-59-x-57-x-86","15":"pa_varv-must","17":"first","18":"instock","19":"sale","20":"taxable","21":"shipping-taxable","22":"purchasable","23":"product-type-simple"},"_links":{"self":[{"href":"https:\/\/blankpage.ee\/_ruumist-ruumi\/wp-json\/wp\/v2\/product\/150130","targetHints":{"allow":["GET"]}}],"collection":[{"href":"https:\/\/blankpage.ee\/_ruumist-ruumi\/wp-json\/wp\/v2\/product"}],"about":[{"href":"https:\/\/blankpage.ee\/_ruumist-ruumi\/wp-json\/wp\/v2\/types\/product"}],"replies":[{"embeddable":true,"href":"https:\/\/blankpage.ee\/_ruumist-ruumi\/wp-json\/wp\/v2\/comments?post=150130"}],"wp:featuredmedia":[{"embeddable":true,"href":"https:\/\/blankpage.ee\/_ruumist-ruumi\/wp-json\/wp\/v2\/media\/160813"}],"wp:attachment":[{"href":"https:\/\/blankpage.ee\/_ruumist-ruumi\/wp-json\/wp\/v2\/media?parent=150130"}],"wp:term":[{"taxonomy":"product_brand","embeddable":true,"href":"https:\/\/blankpage.ee\/_ruumist-ruumi\/wp-json\/wp\/v2\/product_brand?post=150130"},{"taxonomy":"product_cat","embeddable":true,"href":"https:\/\/blankpage.ee\/_ruumist-ruumi\/wp-json\/wp\/v2\/product_cat?post=150130"},{"taxonomy":"product_tag","embeddable":true,"href":"https:\/\/blankpage.ee\/_ruumist-ruumi\/wp-json\/wp\/v2\/product_tag?post=150130"}],"curies":[{"name":"wp","href":"https:\/\/api.w.org\/{rel}","templated":true}]}}