{"id":150151,"date":"2025-03-06T09:53:36","date_gmt":"2025-03-06T09:53:36","guid":{"rendered":"https:\/\/ruumistruumi.ee\/pood\/alumiiniumist-aiatool-lindos-must-hall-9323-013\/"},"modified":"2025-08-14T11:11:20","modified_gmt":"2025-08-14T11:11:20","slug":"alumiiniumist-aiatool-lindos-must-hall-9323-013","status":"publish","type":"product","link":"https:\/\/blankpage.ee\/_ruumist-ruumi\/pood\/alumiiniumist-aiatool-lindos-must-hall-9323-013\/","title":{"rendered":"Alumiiniumist aiatool Lindos, must\/hall, 9323-013"},"content":{"rendered":"<h3>Stiilne ja vastupidav alumiiniumist aiatool Lindos<\/h3>\n<p><strong>Alumiiniumist aiatool Lindos<\/strong> \u00fchendab endas kaasaegse disaini ja praktilisuse, pakkudes mugavat istumiskohta nii klassikalises kui ka modernses aiakeskkonnas. Must metallkonstruktsioon tagab vastupidavuse ja stabiilsuse, samal ajal kui hallist pol\u00fcesterk\u00f6iest punutud iste lisab elegantsi ning \u00f5hulisust.<\/p>\n<h3>Ajatu disain ja praktilisus<\/h3>\n<p>See aiatool on loodud nii stiili kui ka funktsionaalsust silmas pidades. T\u00e4nu oma neutraalsetele v\u00e4rvidele on seda lihtne sobitada erinevate aiam\u00f6\u00f6blikomplektidega. Punutud istmeosa lisab pehmust ja mugavust, v\u00f5imaldades nautida suviseid \u00f5htuid ning meeldivaid eineid vabas \u00f5hus.<\/p>\n<h3>Lihtne hoiustamine ja hooldus<\/h3>\n<p><strong>Alumiiniumist aiatool Lindos<\/strong> on virnastatav, mis teeb selle hoiustamise eriti lihtsaks. Kui tooli parasjagu ei kasutata, saab selle mugavalt teiste samasuguste toolidega kokku panna, s\u00e4\u00e4stes ruumi.<\/p>\n<p>Pol\u00fcesterk\u00f6iest punutud iste on kvaliteetne ja vastupidav, taludes erinevaid ilmastikutingimusi. Puhastamiseks soovitame kasutada sooja seebivett ja pehmet lappi. Raskesti ligip\u00e4\u00e4setavate kohtade puhastamiseks v\u00f5ib kasutada v\u00e4ikest harja. Oluline on v\u00e4ltida survepesurit ja tugevaid kemikaale, et s\u00e4ilitada materjali kaunis v\u00e4limus ja vastupidavus.<\/p>\n<h3>Naudi suve mugavalt<\/h3>\n<p>Kui otsid kvaliteetset ja stiilset lahendust oma aeda v\u00f5i terrassile, on <strong>alumiiniumist aiatool Lindos<\/strong> suurep\u00e4rane valik. Selle elegantne disain, tugev konstruktsioon ja lihtne hooldus teevad sellest praktilise ning kauni lisa igale v\u00e4liruumile.<\/p>\n","protected":false},"excerpt":{"rendered":"<p>Stiilne ja vastupidav alumiiniumist aiatool Lindos Alumiiniumist aiatool Lindos \u00fchendab endas kaasaegse disaini ja praktilisuse, pakkudes mugavat istumiskohta nii klassikalises kui ka modernses aiakeskkonnas. Must metallkonstruktsioon tagab vastupidavuse ja stabiilsuse, samal ajal kui hallist pol\u00fcesterk\u00f6iest punutud iste lisab elegantsi ning \u00f5hulisust. Ajatu disain ja praktilisus See aiatool on loodud nii stiili kui ka funktsionaalsust silmas [&hellip;]<\/p>\n","protected":false},"featured_media":160805,"comment_status":"open","ping_status":"closed","template":"","meta":[],"product_brand":[1818],"product_cat":[1683],"product_tag":[],"class_list":{"0":"post-150151","1":"product","2":"type-product","3":"status-publish","4":"has-post-thumbnail","6":"product_brand-venture-design","7":"product_cat-aiatoolid","8":"product_shipping_class-venture-design","9":"pa_istme-materjal-poluesterkois","10":"pa_istme-varvus-hall","11":"pa_jalgade-varv-must","12":"pa_kangas-100-poluester","13":"pa_kollektsioon-lindos","14":"pa_mootmed-59-x-57-x-86","15":"pa_varv-hall","16":"pa_varv-must","18":"first","19":"outofstock","20":"sale","21":"taxable","22":"shipping-taxable","23":"purchasable","24":"product-type-simple"},"_links":{"self":[{"href":"https:\/\/blankpage.ee\/_ruumist-ruumi\/wp-json\/wp\/v2\/product\/150151","targetHints":{"allow":["GET"]}}],"collection":[{"href":"https:\/\/blankpage.ee\/_ruumist-ruumi\/wp-json\/wp\/v2\/product"}],"about":[{"href":"https:\/\/blankpage.ee\/_ruumist-ruumi\/wp-json\/wp\/v2\/types\/product"}],"replies":[{"embeddable":true,"href":"https:\/\/blankpage.ee\/_ruumist-ruumi\/wp-json\/wp\/v2\/comments?post=150151"}],"wp:featuredmedia":[{"embeddable":true,"href":"https:\/\/blankpage.ee\/_ruumist-ruumi\/wp-json\/wp\/v2\/media\/160805"}],"wp:attachment":[{"href":"https:\/\/blankpage.ee\/_ruumist-ruumi\/wp-json\/wp\/v2\/media?parent=150151"}],"wp:term":[{"taxonomy":"product_brand","embeddable":true,"href":"https:\/\/blankpage.ee\/_ruumist-ruumi\/wp-json\/wp\/v2\/product_brand?post=150151"},{"taxonomy":"product_cat","embeddable":true,"href":"https:\/\/blankpage.ee\/_ruumist-ruumi\/wp-json\/wp\/v2\/product_cat?post=150151"},{"taxonomy":"product_tag","embeddable":true,"href":"https:\/\/blankpage.ee\/_ruumist-ruumi\/wp-json\/wp\/v2\/product_tag?post=150151"}],"curies":[{"name":"wp","href":"https:\/\/api.w.org\/{rel}","templated":true}]}}