{"id":150179,"date":"2025-03-06T09:53:36","date_gmt":"2025-03-06T09:53:36","guid":{"rendered":"https:\/\/ruumistruumi.ee\/pood\/aiatool-anna-hall-valge-9275-010\/"},"modified":"2025-08-14T11:11:22","modified_gmt":"2025-08-14T11:11:22","slug":"aiatool-anna-hall-valge-9275-010","status":"publish","type":"product","link":"https:\/\/blankpage.ee\/_ruumist-ruumi\/pood\/aiatool-anna-hall-valge-9275-010\/","title":{"rendered":"Aiatool Anna, hall\/valge, 9275-010"},"content":{"rendered":"<h3>Aiatool Anna \u2013 stiilne ja vastupidav valik sinu aeda<\/h3>\n<p>Lisa oma terrassile v\u00f5i r\u00f5dule elegantsi ja mugavust <strong>aiatooliga Anna<\/strong>. Selle kaasaegne disain sobib suurep\u00e4raselt igasse aeda ning halli ja valge kombinatsiooniga tool on lihtsasti sobitatav muu aiam\u00f6\u00f6bliga. T\u00e4nu oma virnastatavale kujule on see praktiline ja ruumis\u00e4\u00e4stlik lahendus, mis muudab hoiustamise lihtsaks.<\/p>\n<h3>Kvaliteetne materjal, mis peab ajale vastu<\/h3>\n<p><strong>Aiatool Anna<\/strong> on valmistatud UV-kindlast pol\u00fcestrist, mis on ideaalne valik meie muutliku ilmaga kliimale. See vastupidav materjal talub p\u00e4ikesevalgust, vihma ja tuult, s\u00e4ilitades samal ajal oma v\u00e4rvi ja kuju. T\u00e4nu sellele ei muutu tool aja jooksul tuhmiks ega kaota oma algset ilmet.<\/p>\n<h3>Hooldus ja kasutamine<\/h3>\n<p>Kuigi tool on loodud vastu pidama erinevates ilmastikutingimustes, soovitame selle eluiga pikendada, hoides m\u00f6\u00f6blit jahedas ja kuivas kohas v\u00f5i kasutades kaitsekatet. Nii s\u00e4ilitab <strong>aiatool Anna<\/strong> oma kauni v\u00e4limuse veelgi kauem.<\/p>\n<h3>Miks valida aiatool Anna?<\/h3>\n<ul>\n<li>Virnastatav disain lihtsaks hoiustamiseks<\/li>\n<li>UV-kindel materjal, mis ei tuhmu<\/li>\n<li>Ajatu halli ja valge v\u00e4rvikombinatsioon<\/li>\n<li>Vastupidav ja ilmastikukindel pol\u00fcester<\/li>\n<li>Lihtne kombineerida teiste aiam\u00f6\u00f6bli elementidega<\/li>\n<\/ul>\n<p>Naudi suviseid \u00f5htuid ja meeldivaid einestamisi \u00f5ues <strong>aiatooliga Anna<\/strong>. See on ideaalne valik nii terrassile, r\u00f5dule kui ka aeda, pakkudes mugavust ja stiili igal hooajal.<\/p>\n","protected":false},"excerpt":{"rendered":"<p>Aiatool Anna \u2013 stiilne ja vastupidav valik sinu aeda Lisa oma terrassile v\u00f5i r\u00f5dule elegantsi ja mugavust aiatooliga Anna. Selle kaasaegne disain sobib suurep\u00e4raselt igasse aeda ning halli ja valge kombinatsiooniga tool on lihtsasti sobitatav muu aiam\u00f6\u00f6bliga. T\u00e4nu oma virnastatavale kujule on see praktiline ja ruumis\u00e4\u00e4stlik lahendus, mis muudab hoiustamise lihtsaks. Kvaliteetne materjal, mis peab [&hellip;]<\/p>\n","protected":false},"featured_media":160769,"comment_status":"open","ping_status":"open","template":"","meta":[],"product_brand":[1818],"product_cat":[1683],"product_tag":[],"class_list":{"0":"post-150179","1":"product","2":"type-product","3":"status-publish","4":"has-post-thumbnail","6":"product_brand-venture-design","7":"product_cat-aiatoolid","8":"product_shipping_class-venture-design","9":"pa_istme-materjal-poluester","10":"pa_istme-varvus-valge","11":"pa_jalgade-varv-valge","12":"pa_kangas-100-poluester","13":"pa_kollektsioon-anna","14":"pa_mootmed-64-x-55-x-95","15":"pa_pehmenduste-materjal-poluester","16":"pa_varv-valge","17":"pa_varv-hall","19":"first","20":"instock","21":"sale","22":"taxable","23":"shipping-taxable","24":"purchasable","25":"product-type-simple"},"_links":{"self":[{"href":"https:\/\/blankpage.ee\/_ruumist-ruumi\/wp-json\/wp\/v2\/product\/150179","targetHints":{"allow":["GET"]}}],"collection":[{"href":"https:\/\/blankpage.ee\/_ruumist-ruumi\/wp-json\/wp\/v2\/product"}],"about":[{"href":"https:\/\/blankpage.ee\/_ruumist-ruumi\/wp-json\/wp\/v2\/types\/product"}],"replies":[{"embeddable":true,"href":"https:\/\/blankpage.ee\/_ruumist-ruumi\/wp-json\/wp\/v2\/comments?post=150179"}],"wp:featuredmedia":[{"embeddable":true,"href":"https:\/\/blankpage.ee\/_ruumist-ruumi\/wp-json\/wp\/v2\/media\/160769"}],"wp:attachment":[{"href":"https:\/\/blankpage.ee\/_ruumist-ruumi\/wp-json\/wp\/v2\/media?parent=150179"}],"wp:term":[{"taxonomy":"product_brand","embeddable":true,"href":"https:\/\/blankpage.ee\/_ruumist-ruumi\/wp-json\/wp\/v2\/product_brand?post=150179"},{"taxonomy":"product_cat","embeddable":true,"href":"https:\/\/blankpage.ee\/_ruumist-ruumi\/wp-json\/wp\/v2\/product_cat?post=150179"},{"taxonomy":"product_tag","embeddable":true,"href":"https:\/\/blankpage.ee\/_ruumist-ruumi\/wp-json\/wp\/v2\/product_tag?post=150179"}],"curies":[{"name":"wp","href":"https:\/\/api.w.org\/{rel}","templated":true}]}}