{"id":150200,"date":"2025-03-06T09:53:36","date_gmt":"2025-03-06T09:53:36","guid":{"rendered":"https:\/\/ruumistruumi.ee\/pood\/aiatool-anna-hall-9275-004\/"},"modified":"2025-08-14T11:11:26","modified_gmt":"2025-08-14T11:11:26","slug":"aiatool-anna-hall-9275-004","status":"publish","type":"product","link":"https:\/\/blankpage.ee\/_ruumist-ruumi\/pood\/aiatool-anna-hall-9275-004\/","title":{"rendered":"Aiatool Anna, hall, 9275-004"},"content":{"rendered":"<h3>Aiatool Anna \u2013 stiilne ja vastupidav valik sinu aeda<\/h3>\n<p><strong>Aiatool Anna<\/strong> on ideaalne valik neile, kes otsivad elegantset ja vastupidavat aiatooli, mis sobitub suurep\u00e4raselt erinevate aiam\u00f6\u00f6bli komplektidega. Selle hall toon lisab modernsust ja on lihtsasti kombineeritav teiste v\u00e4rvide ja materjalidega. T\u00e4nu virnastatavusele on tooli lihtne hoiustada ja vajadusel ruumi s\u00e4\u00e4sta.<\/p>\n<h3>Vastupidav ja ilmastikukindel materjal<\/h3>\n<p>Aiatool on valmistatud kvaliteetsest punutismaterjalist, mis on loodud taluma p\u00f5hjamaist kliimat. Selle UV-kindel pind tagab, et tool ei tuhmu p\u00e4ikese m\u00f5jul ning p\u00fcsib kaunis aastaid. Lisaks on materjal ilmastikukindel, mist\u00f5ttu sobib see suurep\u00e4raselt kasutamiseks nii terrassil, r\u00f5dul kui ka aias.<\/p>\n<h3>Hooldussoovitused<\/h3>\n<p>Kuigi <strong>Aiatool Anna<\/strong> on vastupidav ja ilmastikukindel, soovitame selle eluiga pikendada, hoides tooli kuivana ja jahedas kohas, kui seda parasjagu ei kasutata. Parim lahendus on katta m\u00f6\u00f6bel spetsiaalse m\u00f6\u00f6blikattega v\u00f5i hoiustada seda siseruumides halva ilma korral. Regulaarne puhastamine niiske lapiga aitab s\u00e4ilitada tooli kauni v\u00e4limuse ja pikendab selle kasutusiga.<\/p>\n<h3>Loo hubane ja stiilne \u00f5ueala<\/h3>\n<p>Anna oma terrassile v\u00f5i aiale uus ilme <strong>Aiatool Anna<\/strong> abil. Selle nutikas disain ja k\u00f5rge kvaliteet tagavad mugava istumise ning praktilise kasutuse igal hooajal. Olenemata sellest, kas naudid hommikukohvi r\u00f5dul v\u00f5i korraldad suviseid aiapidusid, see tool on suurep\u00e4rane kaaslane igas olukorras.<\/p>\n","protected":false},"excerpt":{"rendered":"<p>Aiatool Anna \u2013 stiilne ja vastupidav valik sinu aeda Aiatool Anna on ideaalne valik neile, kes otsivad elegantset ja vastupidavat aiatooli, mis sobitub suurep\u00e4raselt erinevate aiam\u00f6\u00f6bli komplektidega. Selle hall toon lisab modernsust ja on lihtsasti kombineeritav teiste v\u00e4rvide ja materjalidega. T\u00e4nu virnastatavusele on tooli lihtne hoiustada ja vajadusel ruumi s\u00e4\u00e4sta. Vastupidav ja ilmastikukindel materjal Aiatool [&hellip;]<\/p>\n","protected":false},"featured_media":150201,"comment_status":"open","ping_status":"open","template":"","meta":[],"product_brand":[1818],"product_cat":[1683],"product_tag":[],"class_list":{"0":"post-150200","1":"product","2":"type-product","3":"status-publish","4":"has-post-thumbnail","6":"product_brand-venture-design","7":"product_cat-aiatoolid","8":"product_shipping_class-venture-design","9":"pa_istme-materjal-punutis","10":"pa_istme-varvus-hall","11":"pa_jalgade-varv-hall","12":"pa_kangas-100-poluester","13":"pa_kollektsioon-anna","14":"pa_mootmed-64-x-55-x-95","15":"pa_pehmenduste-materjal-poluester","16":"pa_varv-hall","18":"first","19":"outofstock","20":"sale","21":"taxable","22":"shipping-taxable","23":"purchasable","24":"product-type-simple"},"_links":{"self":[{"href":"https:\/\/blankpage.ee\/_ruumist-ruumi\/wp-json\/wp\/v2\/product\/150200","targetHints":{"allow":["GET"]}}],"collection":[{"href":"https:\/\/blankpage.ee\/_ruumist-ruumi\/wp-json\/wp\/v2\/product"}],"about":[{"href":"https:\/\/blankpage.ee\/_ruumist-ruumi\/wp-json\/wp\/v2\/types\/product"}],"replies":[{"embeddable":true,"href":"https:\/\/blankpage.ee\/_ruumist-ruumi\/wp-json\/wp\/v2\/comments?post=150200"}],"wp:featuredmedia":[{"embeddable":true,"href":"https:\/\/blankpage.ee\/_ruumist-ruumi\/wp-json\/wp\/v2\/media\/150201"}],"wp:attachment":[{"href":"https:\/\/blankpage.ee\/_ruumist-ruumi\/wp-json\/wp\/v2\/media?parent=150200"}],"wp:term":[{"taxonomy":"product_brand","embeddable":true,"href":"https:\/\/blankpage.ee\/_ruumist-ruumi\/wp-json\/wp\/v2\/product_brand?post=150200"},{"taxonomy":"product_cat","embeddable":true,"href":"https:\/\/blankpage.ee\/_ruumist-ruumi\/wp-json\/wp\/v2\/product_cat?post=150200"},{"taxonomy":"product_tag","embeddable":true,"href":"https:\/\/blankpage.ee\/_ruumist-ruumi\/wp-json\/wp\/v2\/product_tag?post=150200"}],"curies":[{"name":"wp","href":"https:\/\/api.w.org\/{rel}","templated":true}]}}